{"id":26594,"date":"2024-12-05T14:07:49","date_gmt":"2024-12-05T14:07:49","guid":{"rendered":"https:\/\/motokary-karting.sk\/?post_type=product&#038;p=26594"},"modified":"2026-01-28T18:29:08","modified_gmt":"2026-01-28T18:29:08","slug":"buty-sparco-do-rocka","status":"publish","type":"product","link":"https:\/\/motokary-karting.sk\/pl\/produkt\/sparco-topanky-k-rock\/","title":{"rendered":"Buty Sparco K-Rock"},"content":{"rendered":"<p>Bardzo modne, wytrzyma\u0142e buty kartingowe wykonane z reguluj\u0105cej klimat siateczki 3D. Anatomicznie ukszta\u0142towana wk\u0142adka gwarantuje najwy\u017cszy komfort noszenia. Innowacyjna gumowa podeszwa o w\u0142a\u015bciwo\u015bciach amortyzuj\u0105cych zapewnia maksymaln\u0105 przyczepno\u015b\u0107 nawet na mokrych lub oleistych nawierzchniach. Kontrastuj\u0105ce kolorystycznie elementy nadaj\u0105 butom sportowy wygl\u0105d. \u015arednio wysoki kr\u00f3j, wysokie sznurowanie i p\u0142aski pasek na rzep zapewniaj\u0105 idealne dopasowanie i stabilne trzymanie kostki.<\/p>","protected":false},"excerpt":{"rendered":"<p>Bardzo modne, wytrzyma\u0142e buty kartingowe wykonane z reguluj\u0105cej klimat siateczki 3D. Anatomicznie ukszta\u0142towana wk\u0142adka gwarantuje najwy\u017cszy komfort noszenia. Innowacyjna gumowa podeszwa o w\u0142a\u015bciwo\u015bciach amortyzuj\u0105cych...<\/p>","protected":false},"featured_media":26657,"template":"","meta":[],"product_brand":[],"product_cat":[95,28,18],"product_tag":[937,101,142,1344,940,81,938,26,3370,1755,941,3369,87,939,3371],"class_list":{"0":"post-26594","1":"product","2":"type-product","3":"status-publish","4":"has-post-thumbnail","6":"product_cat-sparco-topanky","7":"product_cat-topanky","8":"product_cat-vybava-pretekara","9":"product_tag-jazdecke-topanky","10":"product_tag-k-run","11":"product_tag-karting","12":"product_tag-karting-shop","13":"product_tag-motokarove-topanky","14":"product_tag-motokary","15":"product_tag-pretekarske-topanky","16":"product_tag-sparco","17":"product_tag-sparco-k-rock","18":"product_tag-sparco-shop","19":"product_tag-sparco-topanky","20":"product_tag-sparco-topanky-k-rock","21":"product_tag-topanky","22":"product_tag-topanky-na-motokary","23":"product_tag-topanky-sparco-k-rock","25":"first","26":"instock","27":"taxable","28":"shipping-taxable","29":"purchasable","30":"product-type-variable","31":"customify-col","32":"product-has-gallery"},"aioseo_notices":[],"_links":{"self":[{"href":"https:\/\/motokary-karting.sk\/pl\/wp-json\/wp\/v2\/product\/26594","targetHints":{"allow":["GET"]}}],"collection":[{"href":"https:\/\/motokary-karting.sk\/pl\/wp-json\/wp\/v2\/product"}],"about":[{"href":"https:\/\/motokary-karting.sk\/pl\/wp-json\/wp\/v2\/types\/product"}],"wp:featuredmedia":[{"embeddable":true,"href":"https:\/\/motokary-karting.sk\/pl\/wp-json\/wp\/v2\/media\/26657"}],"wp:attachment":[{"href":"https:\/\/motokary-karting.sk\/pl\/wp-json\/wp\/v2\/media?parent=26594"}],"wp:term":[{"taxonomy":"product_brand","embeddable":true,"href":"https:\/\/motokary-karting.sk\/pl\/wp-json\/wp\/v2\/product_brand?post=26594"},{"taxonomy":"product_cat","embeddable":true,"href":"https:\/\/motokary-karting.sk\/pl\/wp-json\/wp\/v2\/product_cat?post=26594"},{"taxonomy":"product_tag","embeddable":true,"href":"https:\/\/motokary-karting.sk\/pl\/wp-json\/wp\/v2\/product_tag?post=26594"}],"curies":[{"name":"wp","href":"https:\/\/api.w.org\/{rel}","templated":true}]}}