{"id":26759,"date":"2024-12-05T15:47:39","date_gmt":"2024-12-05T15:47:39","guid":{"rendered":"https:\/\/motokary-karting.sk\/?post_type=product&#038;p=26759"},"modified":"2026-04-16T07:03:29","modified_gmt":"2026-04-16T07:03:29","slug":"ochraniacz-zeber-sparco-do-skorupy","status":"publish","type":"product","link":"https:\/\/motokary-karting.sk\/pl\/produkt\/sparco-rebrovy-chranic-pro-shell\/","title":{"rendered":"Sparco Rib Protector PRO Shell"},"content":{"rendered":"<p>Wytrzyma\u0142a kamizelka ochronna w podstawowej kategorii cenowej z elastycznymi, poch\u0142aniaj\u0105cymi wstrz\u0105sy plastikowymi wstawkami 3D o strukturze plastra miodu. Oddychaj\u0105cy materia\u0142 wierzchni z siatki i ergonomicznie zoptymalizowany kr\u00f3j zapewniaj\u0105 wysoki komfort noszenia.<\/p>","protected":false},"excerpt":{"rendered":"<p>Solidna kamizelka ochronna w podstawowej kategorii cenowej z elastycznymi plastikowymi wk\u0142adkami 3D poch\u0142aniaj\u0105cymi wstrz\u0105sy w strukturze plastra miodu. Oddychaj\u0105cy materia\u0142 wierzchni z siatki i ergonomicznie zoptymalizowany...<\/p>","protected":false},"featured_media":26781,"template":"","meta":[],"product_brand":[],"product_cat":[88,18],"product_tag":[142,1344,2657,81,2867,2868,2865,471],"class_list":{"0":"post-26759","1":"product","2":"type-product","3":"status-publish","4":"has-post-thumbnail","6":"product_cat-ochrana-rebier","7":"product_cat-vybava-pretekara","8":"product_tag-karting","9":"product_tag-karting-shop","10":"product_tag-karting-shop-pezinok","11":"product_tag-motokary","12":"product_tag-rebrove-chranice-sparco","13":"product_tag-sparco-rebrove-chranice","14":"product_tag-sparco-rebrovy-chranic-k-track","15":"product_tag-sparco-sj-pro-k-3","17":"first","18":"instock","19":"taxable","20":"shipping-taxable","21":"purchasable","22":"product-type-variable","23":"customify-col","24":"product-has-gallery"},"aioseo_notices":[],"_links":{"self":[{"href":"https:\/\/motokary-karting.sk\/pl\/wp-json\/wp\/v2\/product\/26759","targetHints":{"allow":["GET"]}}],"collection":[{"href":"https:\/\/motokary-karting.sk\/pl\/wp-json\/wp\/v2\/product"}],"about":[{"href":"https:\/\/motokary-karting.sk\/pl\/wp-json\/wp\/v2\/types\/product"}],"wp:featuredmedia":[{"embeddable":true,"href":"https:\/\/motokary-karting.sk\/pl\/wp-json\/wp\/v2\/media\/26781"}],"wp:attachment":[{"href":"https:\/\/motokary-karting.sk\/pl\/wp-json\/wp\/v2\/media?parent=26759"}],"wp:term":[{"taxonomy":"product_brand","embeddable":true,"href":"https:\/\/motokary-karting.sk\/pl\/wp-json\/wp\/v2\/product_brand?post=26759"},{"taxonomy":"product_cat","embeddable":true,"href":"https:\/\/motokary-karting.sk\/pl\/wp-json\/wp\/v2\/product_cat?post=26759"},{"taxonomy":"product_tag","embeddable":true,"href":"https:\/\/motokary-karting.sk\/pl\/wp-json\/wp\/v2\/product_tag?post=26759"}],"curies":[{"name":"wp","href":"https:\/\/api.w.org\/{rel}","templated":true}]}}