{"id":26898,"date":"2024-12-12T13:19:27","date_gmt":"2024-12-12T13:19:27","guid":{"rendered":"https:\/\/motokary-karting.sk\/?post_type=product&#038;p=26898"},"modified":"2026-02-11T10:24:56","modified_gmt":"2026-02-11T10:24:56","slug":"kask-sparco-stealth-k-carbon","status":"publish","type":"product","link":"https:\/\/motokary-karting.sk\/pl\/produkt\/sparco-prilba-stealth-k-carbon\/","title":{"rendered":"Kask Sparco Stealth-K Carbon"},"content":{"rendered":"<p>Wykonany z w\u0142\u00f3kna w\u0119glowego kask gokartowy Stealth-K Carbon firmy Sparco jest homologowany zgodnie z norm\u0105 FIA8878-2024 - jest wyj\u0105tkowo wytrzyma\u0142y, ale nadal lekki. Wydajna wentylacja dzi\u0119ki \u0142\u0105cznie 10 otworom wentylacyjnym. Nowy, praktyczny system zamykania wizjera zapewnia dodatkowe bezpiecze\u0144stwo.<\/p>\n<p>Lepsze dopasowanie dzi\u0119ki zoptymalizowanemu systemowi wewn\u0119trznej wy\u015bci\u00f3\u0142ki.<\/p>","protected":false},"excerpt":{"rendered":"<p>Wykonany z w\u0142\u00f3kna w\u0119glowego kask gokartowy Stealth-K Carbon firmy Sparco jest homologowany zgodnie z norm\u0105 FIA8878-2024 - jest wyj\u0105tkowo wytrzyma\u0142y, ale nadal lekki. Wydajna wentylacja dzi\u0119ki \u0142\u0105cznie 10...<\/p>","protected":false},"featured_media":26913,"template":"","meta":[],"product_brand":[],"product_cat":[21,986,158,18],"product_tag":[142,1344,984,81,985,987,3303,26,988,3302,3304],"class_list":{"0":"post-26898","1":"product","2":"type-product","3":"status-publish","4":"has-post-thumbnail","6":"product_cat-prilby","7":"product_cat-sparco-prilby","8":"product_cat-tip-na-darcek","9":"product_cat-vybava-pretekara","10":"product_tag-karting","11":"product_tag-karting-shop","12":"product_tag-motokarova-prilba","13":"product_tag-motokary","14":"product_tag-prilba-na-motokary","15":"product_tag-prilba-sparco","16":"product_tag-prilba-sparcox-pro","17":"product_tag-sparco","18":"product_tag-sparco-prilba","19":"product_tag-sparco-x-pro","20":"product_tag-sparco-x-pro-prilba","22":"first","23":"onbackorder","24":"taxable","25":"shipping-taxable","26":"purchasable","27":"product-type-variable","28":"customify-col","29":"product-has-gallery"},"aioseo_notices":[],"_links":{"self":[{"href":"https:\/\/motokary-karting.sk\/pl\/wp-json\/wp\/v2\/product\/26898","targetHints":{"allow":["GET"]}}],"collection":[{"href":"https:\/\/motokary-karting.sk\/pl\/wp-json\/wp\/v2\/product"}],"about":[{"href":"https:\/\/motokary-karting.sk\/pl\/wp-json\/wp\/v2\/types\/product"}],"wp:featuredmedia":[{"embeddable":true,"href":"https:\/\/motokary-karting.sk\/pl\/wp-json\/wp\/v2\/media\/26913"}],"wp:attachment":[{"href":"https:\/\/motokary-karting.sk\/pl\/wp-json\/wp\/v2\/media?parent=26898"}],"wp:term":[{"taxonomy":"product_brand","embeddable":true,"href":"https:\/\/motokary-karting.sk\/pl\/wp-json\/wp\/v2\/product_brand?post=26898"},{"taxonomy":"product_cat","embeddable":true,"href":"https:\/\/motokary-karting.sk\/pl\/wp-json\/wp\/v2\/product_cat?post=26898"},{"taxonomy":"product_tag","embeddable":true,"href":"https:\/\/motokary-karting.sk\/pl\/wp-json\/wp\/v2\/product_tag?post=26898"}],"curies":[{"name":"wp","href":"https:\/\/api.w.org\/{rel}","templated":true}]}}