{"id":26950,"date":"2024-12-12T14:12:31","date_gmt":"2024-12-12T14:12:31","guid":{"rendered":"https:\/\/motokary-karting.sk\/?post_type=product&#038;p=26950"},"modified":"2026-02-11T10:10:56","modified_gmt":"2026-02-11T10:10:56","slug":"kask-bell-hp7-evo-iv","status":"publish","type":"product","link":"https:\/\/motokary-karting.sk\/pl\/produkt\/bell-prilba-hp7-evo-iv\/","title":{"rendered":"Kask Bell HP7 EVO IV"},"content":{"rendered":"<p>Najwy\u017cszej klasy model Bell posiada homologacj\u0119 FIA8860. Opracowany z my\u015bl\u0105 o najwy\u017cszych wymaganiach. HP7 EVO IV jest wynikiem intensywnych prac badawczo-rozwojowych prowadzonych przez mi\u0119dzynarodowy zesp\u00f3\u0142 in\u017cynier\u00f3w we wsp\u00f3\u0142pracy z czo\u0142owymi kierowcami Formu\u0142y 1 i Formu\u0142y 2.<\/p>\n<p>Wysoce wytrzyma\u0142a pow\u0142oka zewn\u0119trzna wykonana z kompozytu w\u0142\u00f3kna w\u0119glowego i tytanu zapewnia kierowcy zwi\u0119kszone bezpiecze\u0144stwo przy wyj\u0105tkowo niskiej masie. Zoptymalizowany kszta\u0142t i innowacyjna konstrukcja wizjera dla lepszej aerodynamiki. 14 kana\u0142owych otwor\u00f3w wentylacyjnych zapewnia doskona\u0142\u0105 wentylacj\u0119. W zestawie wysokiej jako\u015bci torba na kask Bell. Os\u0142ona przeciwmgielna z podw\u00f3jn\u0105 soczewk\u0105 wewn\u0119trzn\u0105 w standardzie. Klamry H.A.N.S s\u0105 zamontowane fabrycznie.<\/p>\n<p>Norma FIA: 8860-2018<\/p>","protected":false},"excerpt":{"rendered":"<p>Najwy\u017cszej klasy model Bell posiada homologacj\u0119 FIA8860. Opracowany z my\u015bl\u0105 o najwy\u017cszych wymaganiach. HP7 EVO IV jest wynikiem intensywnych prac badawczo-rozwojowych prowadzonych przez mi\u0119dzynarodowy zesp\u00f3\u0142 in\u017cynier\u00f3w....<\/p>","protected":false},"featured_media":26972,"template":"","meta":[],"product_brand":[],"product_cat":[962,21,18],"product_tag":[963,964,3372,965,1689,967,1728,142,2019,2018,984,2022,81,1690,985,1675],"class_list":{"0":"post-26950","1":"product","2":"type-product","3":"status-publish","4":"has-post-thumbnail","6":"product_cat-bell","7":"product_cat-prilby","8":"product_cat-vybava-pretekara","9":"product_tag-bell","10":"product_tag-bell-helmets","11":"product_tag-bell-hp7-iv-evo","12":"product_tag-bell-prilba","13":"product_tag-bell-prilba-rs7-k","14":"product_tag-bell-rs7-k","15":"product_tag-kart-shop","16":"product_tag-karting","17":"product_tag-kartingova-helma","18":"product_tag-kartingovs-prilba","19":"product_tag-motokarova-prilba","20":"product_tag-motokarova-prilba-bell","21":"product_tag-motokary","22":"product_tag-prilba-bell-rs7-k","23":"product_tag-prilba-na-motokary","24":"product_tag-prilby-bell","26":"first","27":"onbackorder","28":"taxable","29":"shipping-taxable","30":"purchasable","31":"product-type-variable","32":"customify-col","33":"product-has-gallery"},"aioseo_notices":[],"_links":{"self":[{"href":"https:\/\/motokary-karting.sk\/pl\/wp-json\/wp\/v2\/product\/26950","targetHints":{"allow":["GET"]}}],"collection":[{"href":"https:\/\/motokary-karting.sk\/pl\/wp-json\/wp\/v2\/product"}],"about":[{"href":"https:\/\/motokary-karting.sk\/pl\/wp-json\/wp\/v2\/types\/product"}],"wp:featuredmedia":[{"embeddable":true,"href":"https:\/\/motokary-karting.sk\/pl\/wp-json\/wp\/v2\/media\/26972"}],"wp:attachment":[{"href":"https:\/\/motokary-karting.sk\/pl\/wp-json\/wp\/v2\/media?parent=26950"}],"wp:term":[{"taxonomy":"product_brand","embeddable":true,"href":"https:\/\/motokary-karting.sk\/pl\/wp-json\/wp\/v2\/product_brand?post=26950"},{"taxonomy":"product_cat","embeddable":true,"href":"https:\/\/motokary-karting.sk\/pl\/wp-json\/wp\/v2\/product_cat?post=26950"},{"taxonomy":"product_tag","embeddable":true,"href":"https:\/\/motokary-karting.sk\/pl\/wp-json\/wp\/v2\/product_tag?post=26950"}],"curies":[{"name":"wp","href":"https:\/\/api.w.org\/{rel}","templated":true}]}}