{"id":26976,"date":"2024-12-12T13:21:33","date_gmt":"2024-12-12T13:21:33","guid":{"rendered":"https:\/\/motokary-karting.sk\/?post_type=product&#038;p=26976"},"modified":"2026-02-11T10:11:47","modified_gmt":"2026-02-11T10:11:47","slug":"kask-bell-rs7-pro-stamina","status":"publish","type":"product","link":"https:\/\/motokary-karting.sk\/pl\/produkt\/bell-prilba-rs7-pro-stamina\/","title":{"rendered":"Kask Bell RS7 Pro Stamina"},"content":{"rendered":"<p>Pe\u0142notwarzowy kask Bell RS7 Pro nie tylko dobrze wygl\u0105da, ale tak\u017ce oferuje najlepsz\u0105 mo\u017cliw\u0105 wentylacj\u0119 i optymalne bezpiecze\u0144stwo dla maksymalnej wydajno\u015bci. Wytrzyma\u0142a, odporna na uderzenia i wyj\u0105tkowo lekka skorupa kasku wykonana z kompozytowego laminatu karbonu, kevlaru i w\u0142\u00f3kna szklanego. 14 kana\u0142owych otwor\u00f3w wentylacyjnych zapewnia doskona\u0142\u0105 wentylacj\u0119, a progresywnie wygodna wy\u015bci\u00f3\u0142ka idealnie dopasowuje si\u0119 do g\u0142owy - bez p\u0119cherzy.<\/p>\n<p>Mo\u017cliwa jest \u0142atwa rozbudowa o r\u00f3\u017cne spojlery i dodatkowe wk\u0142adki wentylacyjne. Standardem jest wizjer przeciwmgielny z podw\u00f3jn\u0105 szyb\u0105 wewn\u0119trzn\u0105. Klipsy H.A.N.S. s\u0105 montowane fabrycznie.<\/p>\n<p>Norma FIA: 8859-2024 | SNELL SA2020<\/p>","protected":false},"excerpt":{"rendered":"<p>Pe\u0142notwarzowy kask Bell RS7 Pro nie tylko dobrze wygl\u0105da, ale tak\u017ce oferuje najlepsz\u0105 mo\u017cliw\u0105 wentylacj\u0119 i optymalne bezpiecze\u0144stwo dla maksymalnej wydajno\u015bci. Wytrzyma\u0142y, odporny na uderzenia i wyj\u0105tkowo lekki...<\/p>","protected":false},"featured_media":26993,"template":"","meta":[],"product_brand":[],"product_cat":[962,21,18],"product_tag":[963,964,965,1689,967,1728,142,2019,2018,984,2022,81,1690,985,1675],"class_list":{"0":"post-26976","1":"product","2":"type-product","3":"status-publish","4":"has-post-thumbnail","6":"product_cat-bell","7":"product_cat-prilby","8":"product_cat-vybava-pretekara","9":"product_tag-bell","10":"product_tag-bell-helmets","11":"product_tag-bell-prilba","12":"product_tag-bell-prilba-rs7-k","13":"product_tag-bell-rs7-k","14":"product_tag-kart-shop","15":"product_tag-karting","16":"product_tag-kartingova-helma","17":"product_tag-kartingovs-prilba","18":"product_tag-motokarova-prilba","19":"product_tag-motokarova-prilba-bell","20":"product_tag-motokary","21":"product_tag-prilba-bell-rs7-k","22":"product_tag-prilba-na-motokary","23":"product_tag-prilby-bell","25":"first","26":"onbackorder","27":"taxable","28":"shipping-taxable","29":"purchasable","30":"product-type-variable","31":"customify-col","32":"product-has-gallery"},"aioseo_notices":[],"_links":{"self":[{"href":"https:\/\/motokary-karting.sk\/pl\/wp-json\/wp\/v2\/product\/26976","targetHints":{"allow":["GET"]}}],"collection":[{"href":"https:\/\/motokary-karting.sk\/pl\/wp-json\/wp\/v2\/product"}],"about":[{"href":"https:\/\/motokary-karting.sk\/pl\/wp-json\/wp\/v2\/types\/product"}],"wp:featuredmedia":[{"embeddable":true,"href":"https:\/\/motokary-karting.sk\/pl\/wp-json\/wp\/v2\/media\/26993"}],"wp:attachment":[{"href":"https:\/\/motokary-karting.sk\/pl\/wp-json\/wp\/v2\/media?parent=26976"}],"wp:term":[{"taxonomy":"product_brand","embeddable":true,"href":"https:\/\/motokary-karting.sk\/pl\/wp-json\/wp\/v2\/product_brand?post=26976"},{"taxonomy":"product_cat","embeddable":true,"href":"https:\/\/motokary-karting.sk\/pl\/wp-json\/wp\/v2\/product_cat?post=26976"},{"taxonomy":"product_tag","embeddable":true,"href":"https:\/\/motokary-karting.sk\/pl\/wp-json\/wp\/v2\/product_tag?post=26976"}],"curies":[{"name":"wp","href":"https:\/\/api.w.org\/{rel}","templated":true}]}}