{"id":27087,"date":"2024-12-13T14:21:04","date_gmt":"2024-12-13T14:21:04","guid":{"rendered":"https:\/\/motokary-karting.sk\/?post_type=product&#038;p=27087"},"modified":"2025-01-01T15:51:36","modified_gmt":"2025-01-01T15:51:36","slug":"solidna-torba-na-kask-bell-i-hans","status":"publish","type":"product","link":"https:\/\/motokary-karting.sk\/pl\/produkt\/bell-robustna-taska-na-prilbu-a-hans\/","title":{"rendered":"Wytrzyma\u0142a torba na kask Bell i HANS"},"content":{"rendered":"<p>Wytrzyma\u0142a i kompaktowa torba Bell na kask i H.A.N.S.<\/p>\n<p>Zintegrowane wstawki z siatki zapewniaj\u0105 optymaln\u0105 wentylacj\u0119 i suszenie kasku. Zawiera p\u0119tle do przenoszenia i odpinany pasek. Boczna kiesze\u0144 z zamkiem b\u0142yskawicznym.<\/p>\n<p>Wymiary (wys. x szer. x g\u0142.): 37 x 37 x 33 cm<\/p>","protected":false},"excerpt":{"rendered":"<p>Solidna i kompaktowa torba Bell na kask i H.A.N.S. Ze zintegrowanymi wstawkami z siatki dla optymalnej wentylacji i suszenia kasku. Zawiera p\u0119tle na...<\/p>","protected":false},"featured_media":27088,"template":"","meta":[],"product_brand":[],"product_cat":[32,734,1579],"product_tag":[1863,1864,1865,1860,1728,142,81,1862,728,1861],"class_list":{"0":"post-27087","1":"product","2":"type-product","3":"status-publish","4":"has-post-thumbnail","6":"product_cat-lifestyle-oblecenie-a-produkty-na-volny-cas","7":"product_cat-ruksaky-tasky-na-prilby","8":"product_cat-tasky-na-prilby","9":"product_tag-bell-helmet-bag","10":"product_tag-bell-kabela-na-prilbu","11":"product_tag-bell-taska-na-helmu","12":"product_tag-bell-taska-na-prilbu","13":"product_tag-kart-shop","14":"product_tag-karting","15":"product_tag-motokary","16":"product_tag-obal-na-prilbu-bell","17":"product_tag-taska-na-helmu","18":"product_tag-taska-na-prilbu-bell","20":"first","21":"onbackorder","22":"taxable","23":"shipping-taxable","24":"purchasable","25":"product-type-simple","26":"customify-col"},"aioseo_notices":[],"_links":{"self":[{"href":"https:\/\/motokary-karting.sk\/pl\/wp-json\/wp\/v2\/product\/27087","targetHints":{"allow":["GET"]}}],"collection":[{"href":"https:\/\/motokary-karting.sk\/pl\/wp-json\/wp\/v2\/product"}],"about":[{"href":"https:\/\/motokary-karting.sk\/pl\/wp-json\/wp\/v2\/types\/product"}],"wp:featuredmedia":[{"embeddable":true,"href":"https:\/\/motokary-karting.sk\/pl\/wp-json\/wp\/v2\/media\/27088"}],"wp:attachment":[{"href":"https:\/\/motokary-karting.sk\/pl\/wp-json\/wp\/v2\/media?parent=27087"}],"wp:term":[{"taxonomy":"product_brand","embeddable":true,"href":"https:\/\/motokary-karting.sk\/pl\/wp-json\/wp\/v2\/product_brand?post=27087"},{"taxonomy":"product_cat","embeddable":true,"href":"https:\/\/motokary-karting.sk\/pl\/wp-json\/wp\/v2\/product_cat?post=27087"},{"taxonomy":"product_tag","embeddable":true,"href":"https:\/\/motokary-karting.sk\/pl\/wp-json\/wp\/v2\/product_tag?post=27087"}],"curies":[{"name":"wp","href":"https:\/\/api.w.org\/{rel}","templated":true}]}}