{"id":2741,"date":"2020-11-01T18:55:56","date_gmt":"2020-11-01T18:55:56","guid":{"rendered":"https:\/\/motokary-karting.sk\/?post_type=product&#038;p=2741"},"modified":"2026-04-30T08:15:20","modified_gmt":"2026-04-30T08:15:20","slug":"numer-startowy-1-8-czarna-naklejka","status":"publish","type":"product","link":"https:\/\/motokary-karting.sk\/pl\/produkt\/startove-cislo-1-8-cierne-samolepka\/","title":{"rendered":"Numer startowy 012345678 czarno-bia\u0142a naklejka 160 x 70 mm"},"content":{"rendered":"<p>Czarna czcionka \/ bia\u0142e t\u0142o (nie rze\u017abione)<\/p>\n<p>ABY ZAM\u00d3WI\u0106 NUMER \u201c9\u201d, NALE\u017bY ZAM\u00d3WI\u0106 NUMER \u201c6\u201d - JEST TO TA SAMA NAKLEJKA<\/p>","protected":false},"excerpt":{"rendered":"<p>Czarna czcionka \/ bia\u0142e t\u0142o (nie rze\u017abione) ABY ZAM\u00d3WI\u0106 NUMER \u201c9\u201d PROSZ\u0118 ZAM\u00d3WI\u0106 NUMER \u201c6\u201d - TO TE SAME LITERY<\/p>","protected":false},"featured_media":4592,"template":"","meta":[],"product_brand":[],"product_cat":[271,276],"product_tag":[835,836,837,838,839,840,841,842,1372,142,81,843,1371,913,912,834,1370,914],"class_list":{"0":"post-2741","1":"product","2":"type-product","3":"status-publish","4":"has-post-thumbnail","6":"product_cat-nahradne-diely-na-podvozky","7":"product_cat-ostatne","8":"product_tag-835","9":"product_tag-836","10":"product_tag-837","11":"product_tag-838","12":"product_tag-839","13":"product_tag-840","14":"product_tag-841","15":"product_tag-842","16":"product_tag-1372","17":"product_tag-karting","18":"product_tag-motokary","19":"product_tag-samolepka","20":"product_tag-samolepka-startove-cisla","21":"product_tag-start-nummer","22":"product_tag-starting-number","23":"product_tag-startove-cislo","24":"product_tag-startove-cislo-samolepka","25":"product_tag-startovni-cislo","27":"first","28":"instock","29":"sale","30":"taxable","31":"shipping-taxable","32":"purchasable","33":"product-type-variable","34":"customify-col"},"aioseo_notices":[],"_links":{"self":[{"href":"https:\/\/motokary-karting.sk\/pl\/wp-json\/wp\/v2\/product\/2741","targetHints":{"allow":["GET"]}}],"collection":[{"href":"https:\/\/motokary-karting.sk\/pl\/wp-json\/wp\/v2\/product"}],"about":[{"href":"https:\/\/motokary-karting.sk\/pl\/wp-json\/wp\/v2\/types\/product"}],"wp:featuredmedia":[{"embeddable":true,"href":"https:\/\/motokary-karting.sk\/pl\/wp-json\/wp\/v2\/media\/4592"}],"wp:attachment":[{"href":"https:\/\/motokary-karting.sk\/pl\/wp-json\/wp\/v2\/media?parent=2741"}],"wp:term":[{"taxonomy":"product_brand","embeddable":true,"href":"https:\/\/motokary-karting.sk\/pl\/wp-json\/wp\/v2\/product_brand?post=2741"},{"taxonomy":"product_cat","embeddable":true,"href":"https:\/\/motokary-karting.sk\/pl\/wp-json\/wp\/v2\/product_cat?post=2741"},{"taxonomy":"product_tag","embeddable":true,"href":"https:\/\/motokary-karting.sk\/pl\/wp-json\/wp\/v2\/product_tag?post=2741"}],"curies":[{"name":"wp","href":"https:\/\/api.w.org\/{rel}","templated":true}]}}