{"id":27420,"date":"2024-12-30T16:17:05","date_gmt":"2024-12-30T16:17:05","guid":{"rendered":"https:\/\/motokary-karting.sk\/?post_type=product&#038;p=27420"},"modified":"2026-02-11T10:09:45","modified_gmt":"2026-02-11T10:09:45","slug":"kask-bell-rs7-carbon","status":"publish","type":"product","link":"https:\/\/motokary-karting.sk\/pl\/produkt\/bell-prilba-rs7-carbon\/","title":{"rendered":"Kask Bell RS7 Carbon"},"content":{"rendered":"<p>Lekki kask z w\u0142\u00f3kna w\u0119glowego z przekonuj\u0105cym dopasowaniem. Identyczny, aerodynamicznie zoptymalizowany kszta\u0142t skorupy jak w topowym modelu HP7 firmy Bell. Dzi\u0119ki ultralekkiej skorupie zewn\u0119trznej z w\u0142\u00f3kna w\u0119glowego kask RS7 Carbon jest wyj\u0105tkowo trwa\u0142y i jednocze\u015bnie wygodny. Niezwykle dobra wentylacja dzi\u0119ki 14 kana\u0142owym otworom wentylacyjnym. Mo\u017cliwa jest rozbudowa o r\u00f3\u017cne spojlery i dodatkowe wk\u0142adki wentylacyjne. Standardowe wyposa\u017cenie obejmuje wizjer przeciwmgielny z podw\u00f3jn\u0105 szyb\u0105 wewn\u0119trzn\u0105. Klipsy HANS s\u0105 ju\u017c zainstalowane fabrycznie.<\/p>\n<p>Norma FIA: 8859-2024 | SNELL SA2020<\/p>\n<p>Kolor: naturalne w\u0142\u00f3kno w\u0119glowe z przezroczystym lakierem<\/p>","protected":false},"excerpt":{"rendered":"<p>Lekki kask z w\u0142\u00f3kna w\u0119glowego z przekonuj\u0105cym dopasowaniem. Identyczny, aerodynamicznie zoptymalizowany kszta\u0142t skorupy jak w topowym modelu HP7 firmy Bell. Dzi\u0119ki ultralekkiej zewn\u0119trznej skorupie z w\u0142\u00f3kna w\u0119glowego...<\/p>","protected":false},"featured_media":27433,"template":"","meta":[],"product_brand":[],"product_cat":[962,21,18],"product_tag":[963,964,965,1689,967,1728,142,2019,2018,984,2022,81,1690,985,1675],"class_list":{"0":"post-27420","1":"product","2":"type-product","3":"status-publish","4":"has-post-thumbnail","6":"product_cat-bell","7":"product_cat-prilby","8":"product_cat-vybava-pretekara","9":"product_tag-bell","10":"product_tag-bell-helmets","11":"product_tag-bell-prilba","12":"product_tag-bell-prilba-rs7-k","13":"product_tag-bell-rs7-k","14":"product_tag-kart-shop","15":"product_tag-karting","16":"product_tag-kartingova-helma","17":"product_tag-kartingovs-prilba","18":"product_tag-motokarova-prilba","19":"product_tag-motokarova-prilba-bell","20":"product_tag-motokary","21":"product_tag-prilba-bell-rs7-k","22":"product_tag-prilba-na-motokary","23":"product_tag-prilby-bell","25":"first","26":"onbackorder","27":"taxable","28":"shipping-taxable","29":"purchasable","30":"product-type-variable","31":"customify-col","32":"product-has-gallery"},"aioseo_notices":[],"_links":{"self":[{"href":"https:\/\/motokary-karting.sk\/pl\/wp-json\/wp\/v2\/product\/27420","targetHints":{"allow":["GET"]}}],"collection":[{"href":"https:\/\/motokary-karting.sk\/pl\/wp-json\/wp\/v2\/product"}],"about":[{"href":"https:\/\/motokary-karting.sk\/pl\/wp-json\/wp\/v2\/types\/product"}],"wp:featuredmedia":[{"embeddable":true,"href":"https:\/\/motokary-karting.sk\/pl\/wp-json\/wp\/v2\/media\/27433"}],"wp:attachment":[{"href":"https:\/\/motokary-karting.sk\/pl\/wp-json\/wp\/v2\/media?parent=27420"}],"wp:term":[{"taxonomy":"product_brand","embeddable":true,"href":"https:\/\/motokary-karting.sk\/pl\/wp-json\/wp\/v2\/product_brand?post=27420"},{"taxonomy":"product_cat","embeddable":true,"href":"https:\/\/motokary-karting.sk\/pl\/wp-json\/wp\/v2\/product_cat?post=27420"},{"taxonomy":"product_tag","embeddable":true,"href":"https:\/\/motokary-karting.sk\/pl\/wp-json\/wp\/v2\/product_tag?post=27420"}],"curies":[{"name":"wp","href":"https:\/\/api.w.org\/{rel}","templated":true}]}}