{"id":27499,"date":"2025-01-01T13:39:31","date_gmt":"2025-01-01T13:39:31","guid":{"rendered":"https:\/\/motokary-karting.sk\/?post_type=product&#038;p=27499"},"modified":"2025-01-01T13:46:21","modified_gmt":"2025-01-01T13:46:21","slug":"alpinestars-t-shirt-kx-top-pod-kombinezonem","status":"publish","type":"product","link":"https:\/\/motokary-karting.sk\/pl\/produkt\/alpinestars-tricko-kx-top-pod-kombinezu\/","title":{"rendered":"Alpinestars T-shirt KX TOP - pod kombinezon"},"content":{"rendered":"<p>Bielizna kartingowa Alpinestars zosta\u0142a opracowana specjalnie dla kartingu i jego kluczowych wymaga\u0144. Optymalna wydajno\u015b\u0107 dzi\u0119ki dopasowanemu, w\u0105skiemu krojowi, w\u0142\u00f3knom r\u00f3wnowa\u017c\u0105cym wilgo\u0107 i specjalnym strefom kompresji, kt\u00f3re wspieraj\u0105 mi\u0119\u015bnie.<\/p>","protected":false},"excerpt":{"rendered":"<p>Bielizna kartingowa Alpinestars zosta\u0142a opracowana specjalnie dla kartingu i jego kluczowych wymaga\u0144. Optymalna wydajno\u015b\u0107 dzi\u0119ki dopasowanemu, w\u0105skiemu krojowi, w\u0142\u00f3knom r\u00f3wnowa\u017c\u0105cym wilgo\u0107 i specjalnemu...<\/p>","protected":false},"featured_media":27509,"template":"","meta":[],"product_brand":[],"product_cat":[465,18],"product_tag":[79,1737,1747,142,81,454,261,1736,457],"class_list":{"0":"post-27499","1":"product","2":"type-product","3":"status-publish","4":"has-post-thumbnail","6":"product_cat-tricka-a-spodne-pradlo","7":"product_cat-vybava-pretekara","8":"product_tag-alpinestars","9":"product_tag-alpinestars-ride-tech-v2-summer","10":"product_tag-alpinestars-t-shirt-ride-tech-v2-summer","11":"product_tag-karting","12":"product_tag-motokary","13":"product_tag-spodne-tricko","14":"product_tag-tricko","15":"product_tag-tricko-alpinestars","16":"product_tag-tricko-pod-kombinezu","18":"first","19":"onbackorder","20":"taxable","21":"shipping-taxable","22":"purchasable","23":"product-type-variable","24":"customify-col","25":"product-has-gallery"},"aioseo_notices":[],"_links":{"self":[{"href":"https:\/\/motokary-karting.sk\/pl\/wp-json\/wp\/v2\/product\/27499","targetHints":{"allow":["GET"]}}],"collection":[{"href":"https:\/\/motokary-karting.sk\/pl\/wp-json\/wp\/v2\/product"}],"about":[{"href":"https:\/\/motokary-karting.sk\/pl\/wp-json\/wp\/v2\/types\/product"}],"wp:featuredmedia":[{"embeddable":true,"href":"https:\/\/motokary-karting.sk\/pl\/wp-json\/wp\/v2\/media\/27509"}],"wp:attachment":[{"href":"https:\/\/motokary-karting.sk\/pl\/wp-json\/wp\/v2\/media?parent=27499"}],"wp:term":[{"taxonomy":"product_brand","embeddable":true,"href":"https:\/\/motokary-karting.sk\/pl\/wp-json\/wp\/v2\/product_brand?post=27499"},{"taxonomy":"product_cat","embeddable":true,"href":"https:\/\/motokary-karting.sk\/pl\/wp-json\/wp\/v2\/product_cat?post=27499"},{"taxonomy":"product_tag","embeddable":true,"href":"https:\/\/motokary-karting.sk\/pl\/wp-json\/wp\/v2\/product_tag?post=27499"}],"curies":[{"name":"wp","href":"https:\/\/api.w.org\/{rel}","templated":true}]}}