{"id":27520,"date":"2025-01-11T07:11:13","date_gmt":"2025-01-11T07:11:13","guid":{"rendered":"https:\/\/motokary-karting.sk\/?post_type=product&#038;p=27520"},"modified":"2025-01-23T11:05:51","modified_gmt":"2025-01-23T11:05:51","slug":"bluza-sparco-gulf-edition","status":"publish","type":"product","link":"https:\/\/motokary-karting.sk\/pl\/produkt\/sparco-mikina-gulf-edition\/","title":{"rendered":"Bluza Sparco GULF edition"},"content":{"rendered":"<p>Ta wygodna bluza z kapturem w legendarnym stylu retro GULF Racing to absolutny must-have w Twojej codziennej garderobie. Dzi\u0119ki przyjemnie mi\u0119kkiej wewn\u0119trznej podszewce w kontrastowym kolorze zapewnia najwy\u017cszy komfort. Wspania\u0142e kombinacje kolor\u00f3w sprawiaj\u0105, \u017ce bluza przyci\u0105ga wzrok!<\/p>\n<p>Materia\u0142: bawe\u0142na 90%, poliester 10%<\/p>\n<p>Kolekcja GULF Lifestyle<br \/>\nLegendarna kombinacja kolor\u00f3w GULF Racing jest symbolem historii sport\u00f3w motorowych i innowacji. Historia wy\u015bcig\u00f3w Gulf jest wyj\u0105tkowa i si\u0119ga lat 30. ubieg\u0142ego wieku. Marka pojawi\u0142a si\u0119 w centrum uwagi szczeg\u00f3lnie w latach 60. dzi\u0119ki charakterystycznym niebiesko-pomara\u0144czowym kolorom i osi\u0105gn\u0119\u0142a status ikony, kt\u00f3rym cieszy si\u0119 dzisiaj. Ford GT40 i Porsche 917 zdoby\u0142y trzy mistrzostwa \u015bwiata i trzy zwyci\u0119stwa w Le Mans podczas tej z\u0142otej ery sport\u00f3w motorowych. Osi\u0105gni\u0119cia te stworzy\u0142y wi\u0119zi z najwi\u0119kszymi kierowcami epoki, w tym Jacky Ickxem, Derekiem Bellem i Jo Siffertem.<\/p>\n<p>Film \u201eLe Mans\u201c ze Stevem McQueenem nada\u0142 Porsche 917 Gulf ostateczny status kultowy i scementowa\u0142 dziedzictwo marki. Nowa kolekcja GULF Lifestyle firmy Sparco przenosi tego wyj\u0105tkowego ducha do wsp\u00f3\u0142czesnego \u015bwiata. Ka\u017cdy element kolekcji \u0142\u0105czy legendarny styl z wysokiej jako\u015bci rzemios\u0142em i wsp\u00f3\u0142czesnym komfortem. Fascynacja sportami motorowymi spotyka si\u0119 z designem, kt\u00f3ry zachwyca zar\u00f3wno w pit lane, jak i w \u017cyciu codziennym. Odkryj kolekcj\u0119 GULF i do\u015bwiadcz pasji i dziedzictwa wy\u015bcig\u00f3w w ka\u017cdym szczeg\u00f3le.<\/p>","protected":false},"excerpt":{"rendered":"<p>Ta wygodna bluza z kapturem w legendarnym stylu retro GULF Racing to absolutny must-have w Twojej codziennej garderobie. Z zachwycaj\u0105co mi\u0119kk\u0105 wewn\u0119trzn\u0105 podszewk\u0105 w kontrastowym...<\/p>","protected":false},"featured_media":27561,"template":"","meta":[],"product_brand":[],"product_cat":[32,1008],"product_tag":[2847,142,2848,1011,1124,81,26,2846,1107,1123,2849],"class_list":{"0":"post-27520","1":"product","2":"type-product","3":"status-publish","4":"has-post-thumbnail","6":"product_cat-lifestyle-oblecenie-a-produkty-na-volny-cas","7":"product_cat-mikiny","8":"product_tag-damska-mikina-sparco","9":"product_tag-karting","10":"product_tag-mikina-pre-zeny","11":"product_tag-mikina-sparco","12":"product_tag-mikina-sparco-motorsport","13":"product_tag-motokary","14":"product_tag-sparco","15":"product_tag-sparco-damska-mikina","16":"product_tag-sparco-mikina","17":"product_tag-sparco-motorsport","18":"product_tag-zenska-mikina","20":"first","21":"onbackorder","22":"taxable","23":"shipping-taxable","24":"purchasable","25":"product-type-variable","26":"customify-col","27":"product-has-gallery"},"aioseo_notices":[],"_links":{"self":[{"href":"https:\/\/motokary-karting.sk\/pl\/wp-json\/wp\/v2\/product\/27520","targetHints":{"allow":["GET"]}}],"collection":[{"href":"https:\/\/motokary-karting.sk\/pl\/wp-json\/wp\/v2\/product"}],"about":[{"href":"https:\/\/motokary-karting.sk\/pl\/wp-json\/wp\/v2\/types\/product"}],"wp:featuredmedia":[{"embeddable":true,"href":"https:\/\/motokary-karting.sk\/pl\/wp-json\/wp\/v2\/media\/27561"}],"wp:attachment":[{"href":"https:\/\/motokary-karting.sk\/pl\/wp-json\/wp\/v2\/media?parent=27520"}],"wp:term":[{"taxonomy":"product_brand","embeddable":true,"href":"https:\/\/motokary-karting.sk\/pl\/wp-json\/wp\/v2\/product_brand?post=27520"},{"taxonomy":"product_cat","embeddable":true,"href":"https:\/\/motokary-karting.sk\/pl\/wp-json\/wp\/v2\/product_cat?post=27520"},{"taxonomy":"product_tag","embeddable":true,"href":"https:\/\/motokary-karting.sk\/pl\/wp-json\/wp\/v2\/product_tag?post=27520"}],"curies":[{"name":"wp","href":"https:\/\/api.w.org\/{rel}","templated":true}]}}