{"id":27792,"date":"2025-01-30T19:21:10","date_gmt":"2025-01-30T19:21:10","guid":{"rendered":"https:\/\/motokary-karting.sk\/?post_type=product&#038;p=27792"},"modified":"2026-04-21T10:38:45","modified_gmt":"2026-04-21T10:38:45","slug":"alfano-manometr-opon-tyrecontrol-junior","status":"publish","type":"product","link":"https:\/\/motokary-karting.sk\/pl\/produkt\/alfano-tlakomer-pneu-tyrecontrol-junior\/","title":{"rendered":"Alfano manometr opon \u2013 Tyrecontrol Junior II"},"content":{"rendered":"<p>Tyrecontrol Junior od Alfano reprezentuje najnowsze po\u0142\u0105czenie precyzji i praktyczno\u015bci. Zaprojektowany z my\u015bl\u0105 o wszystkich potrzebach, charakteryzuje si\u0119 precyzj\u0105, kompaktowo\u015bci\u0105 i \u0142atwo\u015bci\u0105 obs\u0142ugi. Wytrzyma\u0142y i odporny na wp\u0142ywy zewn\u0119trzne, takie jak woda, kurz i upadki, ten system pomiarowy jest niezawodnym towarzyszem w ka\u017cdej sytuacji. Dzi\u0119ki autokalibracji podczas uruchamiania, dok\u0142adno\u015b\u0107 pomiaru jest zawsze gwarantowana.<\/p>\n<p>zakres pomiarowy do 7 bar<br \/>\nWodoodporny<br \/>\nDo 200 zestaw\u00f3w<br \/>\ntryb antyszpiegowski<br \/>\nNadaje si\u0119 do pojazd\u00f3w 2- i 4-ko\u0142owych<br \/>\nszybkoz\u0142\u0105czka zaworu<br \/>\nprzycisk wyboru dla ka\u017cdego ko\u0142a<br \/>\nSystem szybkiej wymiany baterii<br \/>\nSamokalibracja przy ka\u017cdym w\u0142\u0105czeniu<br \/>\n99 lokalizacji pami\u0119ci dla pomiar\u00f3w zimna i gor\u0105ca<br \/>\nDok\u0142adno\u015b\u0107 +\/-0,002 bar lub +\/-0,029 psi<br \/>\nW tym torba<\/p>","protected":false},"excerpt":{"rendered":"<p>Tyrecontrol Junior od Alfano reprezentuje najnowsze po\u0142\u0105czenie precyzji i praktyczno\u015bci. Zaprojektowane z my\u015bl\u0105 o wszystkich potrzebach, urz\u0105dzenie to charakteryzuje si\u0119 precyzj\u0105, kompaktowo\u015bci\u0105 i...<\/p>","protected":false},"featured_media":27797,"template":"","meta":[],"product_brand":[],"product_cat":[1142,3223,58],"product_tag":[2930,3374,2136,2138,2137,142,1344,2140,2141,81,560,2931,2932,2139],"class_list":{"0":"post-27792","1":"product","2":"type-product","3":"status-publish","4":"has-post-thumbnail","6":"product_cat-prislusenstvo-pneumatiky","7":"product_cat-tlakomery-pneu","8":"product_cat-vybava-do-garaze","9":"product_tag-alfano-tyrecontrol-2","10":"product_tag-alfano-tyrecontrol-junior","11":"product_tag-hiprema","12":"product_tag-hiprema-4-digital","13":"product_tag-hiprema-digital","14":"product_tag-karting","15":"product_tag-karting-shop","16":"product_tag-motokarovy-tlakomer","17":"product_tag-motokarovy-tlakomer-hiprema","18":"product_tag-motokary","19":"product_tag-tlakomer","20":"product_tag-tlakomer-alfano","21":"product_tag-tlakomer-alfano-tyrecontrol-2","22":"product_tag-tlakomer-pneu-hiprema","24":"first","25":"onbackorder","26":"taxable","27":"shipping-taxable","28":"purchasable","29":"product-type-simple","30":"customify-col","31":"product-has-gallery"},"aioseo_notices":[],"_links":{"self":[{"href":"https:\/\/motokary-karting.sk\/pl\/wp-json\/wp\/v2\/product\/27792","targetHints":{"allow":["GET"]}}],"collection":[{"href":"https:\/\/motokary-karting.sk\/pl\/wp-json\/wp\/v2\/product"}],"about":[{"href":"https:\/\/motokary-karting.sk\/pl\/wp-json\/wp\/v2\/types\/product"}],"wp:featuredmedia":[{"embeddable":true,"href":"https:\/\/motokary-karting.sk\/pl\/wp-json\/wp\/v2\/media\/27797"}],"wp:attachment":[{"href":"https:\/\/motokary-karting.sk\/pl\/wp-json\/wp\/v2\/media?parent=27792"}],"wp:term":[{"taxonomy":"product_brand","embeddable":true,"href":"https:\/\/motokary-karting.sk\/pl\/wp-json\/wp\/v2\/product_brand?post=27792"},{"taxonomy":"product_cat","embeddable":true,"href":"https:\/\/motokary-karting.sk\/pl\/wp-json\/wp\/v2\/product_cat?post=27792"},{"taxonomy":"product_tag","embeddable":true,"href":"https:\/\/motokary-karting.sk\/pl\/wp-json\/wp\/v2\/product_tag?post=27792"}],"curies":[{"name":"wp","href":"https:\/\/api.w.org\/{rel}","templated":true}]}}