{"id":27897,"date":"2025-02-10T14:54:40","date_gmt":"2025-02-10T14:54:40","guid":{"rendered":"https:\/\/motokary-karting.sk\/?post_type=product&#038;p=27897"},"modified":"2025-04-09T14:43:58","modified_gmt":"2025-04-09T14:43:58","slug":"manometr-pryzmatyczny-hiprema-hpm5","status":"publish","type":"product","link":"https:\/\/motokary-karting.sk\/pl\/produkt\/hiprema-prisma-tlakomer-hpm5\/","title":{"rendered":"Ci\u015bnieniomierz Hiprema Prisma HPM5"},"content":{"rendered":"<p>Cyfrowy manometr HPM5 - HiPrema Prisma Electronics<\/p>\n<p>Z do\u0142\u0105czonym etui!<\/p>\n<p>Precyzyjny cyfrowy miernik ci\u015bnienia w oponach do sport\u00f3w motorowych.<\/p>\n<p>Rozdzielczo\u015b\u0107 ci\u015bnienia: 0,001 BAR \/ 0,01 PSI<br \/>\nZakres pomiarowy: 0 - 7 BAR (100 PSI)<br \/>\nAluminiowa g\u0142owica zaprojektowana do pomiaru bez utraty powietrza z zaworu obr\u0119czy.<br \/>\nBezprzewodowe po\u0142\u0105czenie z urz\u0105dzeniem za po\u015brednictwem aplikacji Prisma Electronics umo\u017cliwia przegl\u0105danie i eksportowanie wszystkich zapisanych sesji.<br \/>\nCI\u015aNIENIE PRZESUNI\u0118CIA<\/p>\n<p>Ta funkcja umo\u017cliwia ustawienie warto\u015bci przesuni\u0119cia ci\u015bnienia i ukrycie warto\u015bci rzeczywistej.<\/p>\n<p>Jest to przydatne na przyk\u0142ad w pit lane lub na starcie, gdy chcesz ukry\u0107 rzeczywist\u0105 warto\u015b\u0107 ci\u015bnienia ze wzgl\u0119d\u00f3w strategicznych.<\/p>\n<p>Gdy offset jest aktywny, na wy\u015bwietlaczu pojawi si\u0119 ustawiona warto\u015b\u0107 i wska\u017anik OFFSET informuj\u0105cy, \u017ce mierzone ci\u015bnienie jest \u201enierzeczywiste\u201c.<\/p>\n<p>Funkcj\u0119 t\u0119 mo\u017cna szybko aktywowa\u0107 lub dezaktywowa\u0107 w dowolnym momencie za pomoc\u0105 przycisk\u00f3w szybkiej obs\u0142ugi.<\/p>\n<p>TRYB PITSTOP<\/p>\n<p>Po w\u0142\u0105czeniu tej funkcji na ekranie pojawi si\u0119 symbol PIT.<\/p>\n<p>Podczas pit stopu wa\u017cne jest, aby zmierzy\u0107 i zarejestrowa\u0107 ci\u015bnienie na wje\u017adzie do pit stopu, a nast\u0119pnie dostosowa\u0107 je do ci\u015bnienia docelowego (np. po zmianie kierowcy). Wystarczy w\u0142o\u017cy\u0107 narz\u0119dzie, ustawi\u0107 docelowe ci\u015bnienie i wyj\u0105\u0107 miernik bez naciskania \u017cadnego przycisku.<\/p>\n<p>Warto\u015bci Pit In (ci\u015bnienie wlotowe do szybu) i Pit Out (ustawione ci\u015bnienie dla Pit Out) s\u0105 automatycznie zapisywane.<\/p>\n<p>CI\u015aNIENIE GOR\u0104CE\/ZIMNE<\/p>\n<p>Mo\u017cna zapisa\u0107 8 warto\u015bci ci\u015bnienia (zimnego i gor\u0105cego) lub tylko 4 warto\u015bci ci\u015bnienia.<\/p>\n<p>Jest to przydatne, je\u015bli chcesz mierzy\u0107 tylko ci\u015bnienie Pit-Out lub Pit-In.<\/p>\n<p>PO\u0141\u0104CZENIE BEZPRZEWODOWE Z APLIKACJ\u0104<\/p>\n<p>Dzi\u0119ki nowej aplikacji dla manometr\u00f3w HiPreMa5 mo\u017cna pod\u0142\u0105czy\u0107 urz\u0105dzenie do aplikacji Prisma Electronics.<\/p>\n<p>Mo\u017cesz wyeksportowa\u0107 plik EXCEL lub PDF dla ka\u017cdej sesji, dla ka\u017cdej \u015bcie\u017cki i dla wszystkich \u015bcie\u017cek.<\/p>\n<p>KONFIGUROWANIE I AKTUALIZOWANIE URZ\u0104DZENIA ZA PO\u015aREDNICTWEM APLIKACJI LUB MENU URZ\u0104DZENIA<\/p>","protected":false},"excerpt":{"rendered":"<p>Ci\u015bnieniomierz cyfrowy HPM5 - HiPrema Prisma Electronics Z do\u0142\u0105czonym etui! Precyzyjny cyfrowy miernik ci\u015bnienia w oponach do sport\u00f3w motorowych. Rozdzielczo\u015b\u0107 ci\u015bnienia: 0,001 BAR \/ 0,01...<\/p>","protected":false},"featured_media":27908,"template":"","meta":[],"product_brand":[],"product_cat":[1142,3223,58],"product_tag":[2136,2138,2137,142,1344,2140,2141,81,560,2139],"class_list":{"0":"post-27897","1":"product","2":"type-product","3":"status-publish","4":"has-post-thumbnail","6":"product_cat-prislusenstvo-pneumatiky","7":"product_cat-tlakomery-pneu","8":"product_cat-vybava-do-garaze","9":"product_tag-hiprema","10":"product_tag-hiprema-4-digital","11":"product_tag-hiprema-digital","12":"product_tag-karting","13":"product_tag-karting-shop","14":"product_tag-motokarovy-tlakomer","15":"product_tag-motokarovy-tlakomer-hiprema","16":"product_tag-motokary","17":"product_tag-tlakomer","18":"product_tag-tlakomer-pneu-hiprema","20":"first","21":"onbackorder","22":"taxable","23":"shipping-taxable","24":"purchasable","25":"product-type-simple","26":"customify-col","27":"product-has-gallery"},"aioseo_notices":[],"_links":{"self":[{"href":"https:\/\/motokary-karting.sk\/pl\/wp-json\/wp\/v2\/product\/27897","targetHints":{"allow":["GET"]}}],"collection":[{"href":"https:\/\/motokary-karting.sk\/pl\/wp-json\/wp\/v2\/product"}],"about":[{"href":"https:\/\/motokary-karting.sk\/pl\/wp-json\/wp\/v2\/types\/product"}],"wp:featuredmedia":[{"embeddable":true,"href":"https:\/\/motokary-karting.sk\/pl\/wp-json\/wp\/v2\/media\/27908"}],"wp:attachment":[{"href":"https:\/\/motokary-karting.sk\/pl\/wp-json\/wp\/v2\/media?parent=27897"}],"wp:term":[{"taxonomy":"product_brand","embeddable":true,"href":"https:\/\/motokary-karting.sk\/pl\/wp-json\/wp\/v2\/product_brand?post=27897"},{"taxonomy":"product_cat","embeddable":true,"href":"https:\/\/motokary-karting.sk\/pl\/wp-json\/wp\/v2\/product_cat?post=27897"},{"taxonomy":"product_tag","embeddable":true,"href":"https:\/\/motokary-karting.sk\/pl\/wp-json\/wp\/v2\/product_tag?post=27897"}],"curies":[{"name":"wp","href":"https:\/\/api.w.org\/{rel}","templated":true}]}}