{"id":27917,"date":"2025-02-10T15:11:59","date_gmt":"2025-02-10T15:11:59","guid":{"rendered":"https:\/\/motokary-karting.sk\/?post_type=product&#038;p=27917"},"modified":"2025-04-14T16:31:36","modified_gmt":"2025-04-14T16:31:36","slug":"manometr-pryzmatyczny-hyprema-hpm5-z-pirometrem-na-podczerwien","status":"publish","type":"product","link":"https:\/\/motokary-karting.sk\/pl\/produkt\/hiprema-prisma-tlakomer-hpm5-s-infracervenym-pyrometrom\/","title":{"rendered":"Ci\u015bnieniomierz Hiprema Prisma HPM5 z pirometrem na podczerwie\u0144"},"content":{"rendered":"<p>Cyfrowy miernik ci\u015bnienia w oponach HPM5 z pirometrem na podczerwie\u0144 - HiPrema Prisma Electronics<\/p>\n<p>Wraz z futera\u0142em do przenoszenia!<\/p>\n<p>Mo\u017cna mierzy\u0107 i zapisywa\u0107 ci\u015bnienie w oponach, 12 punkt\u00f3w temperatury bie\u017cnika, temperatur\u0119 asfaltu i temperatur\u0119 otaczaj\u0105cego powietrza.<\/p>\n<p>Mierzy i przechowuje:<\/p>\n<p>Ci\u015bnienie w oponach<br \/>\n12 punkt\u00f3w temperatury bie\u017cnika<br \/>\nTemperatura powietrza otoczenia<br \/>\nTemperatura asfaltu<br \/>\n50 sesji ci\u015bnienie + temperatura<br \/>\nSpecyfikacja techniczna:<\/p>\n<p>Rozdzielczo\u015b\u0107 ci\u015bnienia: 0,001 BAR \/ 0,01 PSI<br \/>\nZakres ci\u015bnienia: 0 - 7 BAR (100 PSI)<br \/>\nAluminiowa dysza zaprojektowana w celu zapewnienia pomiaru bez utraty powietrza z zaworu obr\u0119czy.<br \/>\nPrzycisk szybkiej funkcji<br \/>\nPo\u0142\u0105czenie bezprzewodowe za po\u015brednictwem aplikacji<\/p>\n<p>Za pomoc\u0105 aplikacji Prisma Electronics mo\u017cna przegl\u0105da\u0107 i eksportowa\u0107 wszystkie zapisane sesje.<\/p>\n<p>CI\u015aNIENIE PRZESUNI\u0118CIA<\/p>\n<p>Ta funkcja umo\u017cliwia ustawienie warto\u015bci przesuni\u0119cia ci\u015bnienia i ukrycie warto\u015bci rzeczywistej.<\/p>\n<p>Jest to przydatne na przyk\u0142ad w pit lane lub na starcie, gdy chcesz ukry\u0107 bie\u017c\u0105c\u0105 warto\u015b\u0107 ci\u015bnienia ze wzgl\u0119d\u00f3w strategicznych.<\/p>\n<p>Gdy offset jest aktywny, na wy\u015bwietlaczu pojawi si\u0119 ustawiona warto\u015b\u0107 i wska\u017anik OFFSET informuj\u0105cy, \u017ce mierzone ci\u015bnienie jest \u201enierzeczywiste\u201c.<\/p>\n<p>Funkcj\u0119 t\u0119 mo\u017cna szybko aktywowa\u0107 lub dezaktywowa\u0107 w dowolnym momencie za pomoc\u0105 przycisk\u00f3w szybkiej obs\u0142ugi.<\/p>\n<p>TRYB PITSTOP<\/p>\n<p>W\u0142\u0105czenie tej funkcji spowoduje, \u017ce urz\u0105dzenie wy\u015bwietli na ekranie symbol PIT.<\/p>\n<p>Podczas pit stopu konieczne jest zmierzenie i zarejestrowanie ci\u015bnienia na wje\u017adzie do pit stopu, a nast\u0119pnie dostosowanie go do ci\u015bnienia docelowego (np. po zmianie kierowcy). Wystarczy w\u0142o\u017cy\u0107 przyrz\u0105d, ustawi\u0107 ci\u015bnienie docelowe i wyj\u0105\u0107 manometr bez naciskania \u017cadnego przycisku.<\/p>\n<p>Warto\u015bci Pit In (ci\u015bnienie Pit In) i Pit Out (ustawione ci\u015bnienie Pit Out) s\u0105 automatycznie zapisywane.<\/p>\n<p>CI\u015aNIENIE GOR\u0104CE\/ZIMNE<\/p>\n<p>Mo\u017cna zapisa\u0107 8 warto\u015bci ci\u015bnienia (zimnego i gor\u0105cego) lub tylko 4 warto\u015bci ci\u015bnienia.<\/p>\n<p>Jest to przydatne, je\u015bli chcesz mierzy\u0107 tylko ci\u015bnienie Pit-Out lub Pit-In.<\/p>\n<p>PO\u0141\u0104CZENIE BEZPRZEWODOWE Z APLIKACJ\u0104<\/p>\n<p>Dzi\u0119ki nowej aplikacji dla manometr\u00f3w HiPreMa5 mo\u017cna pod\u0142\u0105czy\u0107 przyrz\u0105d do aplikacji Prisma Electronics.<\/p>\n<p>Plik EXCEL lub PDF mo\u017cna wyeksportowa\u0107 dla ka\u017cdej sesji, dla ka\u017cdej \u015bcie\u017cki i dla wszystkich \u015bcie\u017cek.<\/p>\n<p>SKONFIGUROWA\u0106 I ZAKTUALIZOWA\u0106 URZ\u0104DZENIE ZA POMOC\u0104 APLIKACJI LUB MENU URZ\u0104DZENIA.<\/p>","protected":false},"excerpt":{"rendered":"<p>Cyfrowy miernik ci\u015bnienia w oponach HPM5 z pirometrem na podczerwie\u0144 - HiPrema Prisma Electronics Zawiera futera\u0142! Mo\u017cna mierzy\u0107 i zapisywa\u0107 ci\u015bnienie w oponach, 12 punkt\u00f3w...<\/p>","protected":false},"featured_media":27923,"template":"","meta":[],"product_brand":[],"product_cat":[1142,3223,58],"product_tag":[2136,2138,2137,142,1344,2140,2141,81,560,2139],"class_list":{"0":"post-27917","1":"product","2":"type-product","3":"status-publish","4":"has-post-thumbnail","6":"product_cat-prislusenstvo-pneumatiky","7":"product_cat-tlakomery-pneu","8":"product_cat-vybava-do-garaze","9":"product_tag-hiprema","10":"product_tag-hiprema-4-digital","11":"product_tag-hiprema-digital","12":"product_tag-karting","13":"product_tag-karting-shop","14":"product_tag-motokarovy-tlakomer","15":"product_tag-motokarovy-tlakomer-hiprema","16":"product_tag-motokary","17":"product_tag-tlakomer","18":"product_tag-tlakomer-pneu-hiprema","20":"first","21":"onbackorder","22":"taxable","23":"shipping-taxable","24":"purchasable","25":"product-type-simple","26":"customify-col","27":"product-has-gallery"},"aioseo_notices":[],"_links":{"self":[{"href":"https:\/\/motokary-karting.sk\/pl\/wp-json\/wp\/v2\/product\/27917","targetHints":{"allow":["GET"]}}],"collection":[{"href":"https:\/\/motokary-karting.sk\/pl\/wp-json\/wp\/v2\/product"}],"about":[{"href":"https:\/\/motokary-karting.sk\/pl\/wp-json\/wp\/v2\/types\/product"}],"wp:featuredmedia":[{"embeddable":true,"href":"https:\/\/motokary-karting.sk\/pl\/wp-json\/wp\/v2\/media\/27923"}],"wp:attachment":[{"href":"https:\/\/motokary-karting.sk\/pl\/wp-json\/wp\/v2\/media?parent=27917"}],"wp:term":[{"taxonomy":"product_brand","embeddable":true,"href":"https:\/\/motokary-karting.sk\/pl\/wp-json\/wp\/v2\/product_brand?post=27917"},{"taxonomy":"product_cat","embeddable":true,"href":"https:\/\/motokary-karting.sk\/pl\/wp-json\/wp\/v2\/product_cat?post=27917"},{"taxonomy":"product_tag","embeddable":true,"href":"https:\/\/motokary-karting.sk\/pl\/wp-json\/wp\/v2\/product_tag?post=27917"}],"curies":[{"name":"wp","href":"https:\/\/api.w.org\/{rel}","templated":true}]}}