{"id":28087,"date":"2024-01-10T16:00:07","date_gmt":"2024-01-10T16:00:07","guid":{"rendered":"https:\/\/motokary-karting.sk\/?post_type=product&#038;p=28087"},"modified":"2026-03-25T06:31:47","modified_gmt":"2026-03-25T06:31:47","slug":"zamp-plexi-do-wszystkich-kaskow-zamp-rain-fog-anti-fog","status":"publish","type":"product","link":"https:\/\/motokary-karting.sk\/pl\/produkt\/zamp-plexi-na-vsetky-prilby-zamp-fog-do-dazda-proti-zahmlievaniu\/","title":{"rendered":"ZAMP - Plexiglas dla wszystkich kask\u00f3w ZAMP - FOG (przeciwmgielne)"},"content":{"rendered":"<p>Os\u0142ony z serii Zamp Z-20 zosta\u0142y zaprojektowane tak, aby pasowa\u0142y do wszystkich kask\u00f3w z serii Zamp RZ. Os\u0142ony Zamp Z-20 maj\u0105 grubo\u015b\u0107 3 mm i s\u0105 wyposa\u017cone w odrywane bolce. Wszystkie wizjery Z-20 posiadaj\u0105 r\u00f3wnie\u017c wysokiej jako\u015bci pow\u0142ok\u0119 przeciwmgieln\u0105<\/p>","protected":false},"excerpt":{"rendered":"<p>Os\u0142ony z serii Zamp Z-20 zosta\u0142y zaprojektowane tak, aby pasowa\u0142y do wszystkich kask\u00f3w z serii Zamp RZ. Os\u0142ony Zamp Z-20 maj\u0105 grubo\u015b\u0107 3 mm i s\u0105 wyposa\u017cone w odrywane bolce. Wszystkie...<\/p>","protected":false},"featured_media":28104,"template":"","meta":[],"product_brand":[],"product_cat":[21,18,3342,3348],"product_tag":[142,1344,3343,977,984,81,3344,985,3347,3345,3346],"class_list":{"0":"post-28087","1":"product","2":"type-product","3":"status-publish","4":"has-post-thumbnail","6":"product_cat-prilby","7":"product_cat-vybava-pretekara","8":"product_cat-zamp-helmets","9":"product_cat-zamp-prislusenstvo","10":"product_tag-karting","11":"product_tag-karting-shop","12":"product_tag-kartingova-prilba","13":"product_tag-lewis-hamilton","14":"product_tag-motokarova-prilba","15":"product_tag-motokary","16":"product_tag-prilba-na-karting","17":"product_tag-prilba-na-motokary","18":"product_tag-prilba-zamp","19":"product_tag-zamp-helmets","20":"product_tag-zamp-prilby","22":"first","23":"onbackorder","24":"taxable","25":"shipping-taxable","26":"purchasable","27":"product-type-variable","28":"customify-col","29":"product-has-gallery"},"aioseo_notices":[],"_links":{"self":[{"href":"https:\/\/motokary-karting.sk\/pl\/wp-json\/wp\/v2\/product\/28087","targetHints":{"allow":["GET"]}}],"collection":[{"href":"https:\/\/motokary-karting.sk\/pl\/wp-json\/wp\/v2\/product"}],"about":[{"href":"https:\/\/motokary-karting.sk\/pl\/wp-json\/wp\/v2\/types\/product"}],"wp:featuredmedia":[{"embeddable":true,"href":"https:\/\/motokary-karting.sk\/pl\/wp-json\/wp\/v2\/media\/28104"}],"wp:attachment":[{"href":"https:\/\/motokary-karting.sk\/pl\/wp-json\/wp\/v2\/media?parent=28087"}],"wp:term":[{"taxonomy":"product_brand","embeddable":true,"href":"https:\/\/motokary-karting.sk\/pl\/wp-json\/wp\/v2\/product_brand?post=28087"},{"taxonomy":"product_cat","embeddable":true,"href":"https:\/\/motokary-karting.sk\/pl\/wp-json\/wp\/v2\/product_cat?post=28087"},{"taxonomy":"product_tag","embeddable":true,"href":"https:\/\/motokary-karting.sk\/pl\/wp-json\/wp\/v2\/product_tag?post=28087"}],"curies":[{"name":"wp","href":"https:\/\/api.w.org\/{rel}","templated":true}]}}