{"id":28268,"date":"2025-04-11T10:12:20","date_gmt":"2025-04-11T10:12:20","guid":{"rendered":"https:\/\/motokary-karting.sk\/?post_type=product&#038;p=28268"},"modified":"2026-03-12T09:42:34","modified_gmt":"2026-03-12T09:42:34","slug":"omp-kukla-pierwsza-homologowana-fia-ognioodporna","status":"publish","type":"product","link":"https:\/\/motokary-karting.sk\/pl\/produkt\/omp-kukla-first-homologovana-fia-ohnuvzdorna\/","title":{"rendered":"OMP FIRST hood"},"content":{"rendered":"<p>Kukla OMP to mi\u0119kka, ognioodporna, podstawowa bielizna pod kask. <strong>odpowiedni dla wszystkich rodzaj\u00f3w sport\u00f3w motorowych, w kt\u00f3rych wymagana jest bielizna z homologacj\u0105 FIA<\/strong><\/p>","protected":false},"excerpt":{"rendered":"<p>Kaptur OMP to mi\u0119kkie, ognioodporne, podstawowe nakrycie g\u0142owy - odpowiednie dla wszystkich rodzaj\u00f3w sport\u00f3w motorowych, w kt\u00f3rych wymagana jest bielizna zatwierdzona przez FIA.<\/p>","protected":false},"featured_media":28273,"template":"","meta":[],"product_brand":[],"product_cat":[212,18],"product_tag":[142,1344,369,2665,1411,81,2666,2810,2664],"class_list":{"0":"post-28268","1":"product","2":"type-product","3":"status-publish","4":"has-post-thumbnail","6":"product_cat-kukly","7":"product_cat-vybava-pretekara","8":"product_tag-karting","9":"product_tag-karting-shop","10":"product_tag-kukla-do-prilby","11":"product_tag-kukla-nomex","12":"product_tag-motokarova-kukla","13":"product_tag-motokary","14":"product_tag-nomex-kukla","15":"product_tag-nomex-sparco-kukla","16":"product_tag-sparco-kukla-nomex","18":"first","19":"instock","20":"taxable","21":"shipping-taxable","22":"purchasable","23":"product-type-variable","24":"customify-col","25":"product-has-gallery"},"aioseo_notices":[],"_links":{"self":[{"href":"https:\/\/motokary-karting.sk\/pl\/wp-json\/wp\/v2\/product\/28268","targetHints":{"allow":["GET"]}}],"collection":[{"href":"https:\/\/motokary-karting.sk\/pl\/wp-json\/wp\/v2\/product"}],"about":[{"href":"https:\/\/motokary-karting.sk\/pl\/wp-json\/wp\/v2\/types\/product"}],"wp:featuredmedia":[{"embeddable":true,"href":"https:\/\/motokary-karting.sk\/pl\/wp-json\/wp\/v2\/media\/28273"}],"wp:attachment":[{"href":"https:\/\/motokary-karting.sk\/pl\/wp-json\/wp\/v2\/media?parent=28268"}],"wp:term":[{"taxonomy":"product_brand","embeddable":true,"href":"https:\/\/motokary-karting.sk\/pl\/wp-json\/wp\/v2\/product_brand?post=28268"},{"taxonomy":"product_cat","embeddable":true,"href":"https:\/\/motokary-karting.sk\/pl\/wp-json\/wp\/v2\/product_cat?post=28268"},{"taxonomy":"product_tag","embeddable":true,"href":"https:\/\/motokary-karting.sk\/pl\/wp-json\/wp\/v2\/product_tag?post=28268"}],"curies":[{"name":"wp","href":"https:\/\/api.w.org\/{rel}","templated":true}]}}