{"id":28590,"date":"2025-05-17T18:14:37","date_gmt":"2025-05-17T18:14:37","guid":{"rendered":"https:\/\/motokary-karting.sk\/?post_type=product&#038;p=28590"},"modified":"2025-08-29T14:12:38","modified_gmt":"2025-08-29T14:12:38","slug":"aluminiowy-stol-warsztatowy-z-uchwytem-na-opony","status":"publish","type":"product","link":"https:\/\/motokary-karting.sk\/pl\/produkt\/hlinikovy-pracovny-stol-s-drziakom-pneu\/","title":{"rendered":"Aluminiowy st\u00f3\u0142 roboczy z uchwytem na opon\u0119"},"content":{"rendered":"<p>Ca\u0142kowicie aluminiowy st\u00f3\u0142 roboczy z uchwytem na opon\u0119<\/p>\n<p>Wymiary: 150cm x 60cm, wysoko\u015b\u0107 83cm, waga: 7,5kg<\/p>","protected":false},"excerpt":{"rendered":"<p>Ca\u0142kowicie aluminiowy st\u00f3\u0142 warsztatowy z uchwytem na opony Wymiary: 150 cm x 60 cm, wysoko\u015b\u0107 83 cm, waga: 7,5 kg<\/p>","protected":false},"featured_media":28591,"template":"","meta":[],"product_brand":[],"product_cat":[3360,58],"product_tag":[142,81,1663,1662],"class_list":{"0":"post-28590","1":"product","2":"type-product","3":"status-publish","4":"has-post-thumbnail","6":"product_cat-ostatne-vybava-do-garaze","7":"product_cat-vybava-do-garaze","8":"product_tag-karting","9":"product_tag-motokary","10":"product_tag-nasadzac-ventilu-na-disk","11":"product_tag-pomocnik-na-nasadzanie-bezdusoveho-ventilu","13":"first","14":"onbackorder","15":"taxable","16":"shipping-taxable","17":"purchasable","18":"product-type-simple","19":"customify-col"},"aioseo_notices":[],"_links":{"self":[{"href":"https:\/\/motokary-karting.sk\/pl\/wp-json\/wp\/v2\/product\/28590","targetHints":{"allow":["GET"]}}],"collection":[{"href":"https:\/\/motokary-karting.sk\/pl\/wp-json\/wp\/v2\/product"}],"about":[{"href":"https:\/\/motokary-karting.sk\/pl\/wp-json\/wp\/v2\/types\/product"}],"wp:featuredmedia":[{"embeddable":true,"href":"https:\/\/motokary-karting.sk\/pl\/wp-json\/wp\/v2\/media\/28591"}],"wp:attachment":[{"href":"https:\/\/motokary-karting.sk\/pl\/wp-json\/wp\/v2\/media?parent=28590"}],"wp:term":[{"taxonomy":"product_brand","embeddable":true,"href":"https:\/\/motokary-karting.sk\/pl\/wp-json\/wp\/v2\/product_brand?post=28590"},{"taxonomy":"product_cat","embeddable":true,"href":"https:\/\/motokary-karting.sk\/pl\/wp-json\/wp\/v2\/product_cat?post=28590"},{"taxonomy":"product_tag","embeddable":true,"href":"https:\/\/motokary-karting.sk\/pl\/wp-json\/wp\/v2\/product_tag?post=28590"}],"curies":[{"name":"wp","href":"https:\/\/api.w.org\/{rel}","templated":true}]}}