{"id":28847,"date":"2025-06-27T09:33:55","date_gmt":"2025-06-27T09:33:55","guid":{"rendered":"https:\/\/motokary-karting.sk\/?post_type=product&#038;p=28847"},"modified":"2026-01-31T18:59:52","modified_gmt":"2026-01-31T18:59:52","slug":"os-przednia-croc-kz-dd2-11","status":"publish","type":"product","link":"https:\/\/motokary-karting.sk\/pl\/produkt\/predna-poloos-croc-kz-dd2-11\/","title":{"rendered":"Przednia p\u00f3\u0142o\u015b Croc - KZ\/DD2 11\u00b0"},"content":{"rendered":"","protected":false},"excerpt":{"rendered":"","protected":false},"featured_media":28837,"template":"","meta":[],"product_brand":[],"product_cat":[2474,271,3389,3396],"product_tag":[2477,3404,142,1344,2487,81,3405,640],"class_list":{"0":"post-28847","1":"product","2":"type-product","3":"status-publish","4":"has-post-thumbnail","6":"product_cat-croc","7":"product_cat-nahradne-diely-na-podvozky","8":"product_cat-nd-rotax-kz-dd2","9":"product_cat-predna-naprava-croc","10":"product_tag-croc","11":"product_tag-croc-promotion","12":"product_tag-karting","13":"product_tag-karting-shop","14":"product_tag-motokara-croc","15":"product_tag-motokary","16":"product_tag-nahradne-diely-croc","17":"product_tag-rear-axle-hub","19":"first","20":"onbackorder","21":"taxable","22":"shipping-taxable","23":"purchasable","24":"product-type-variable","25":"customify-col"},"aioseo_notices":[],"_links":{"self":[{"href":"https:\/\/motokary-karting.sk\/pl\/wp-json\/wp\/v2\/product\/28847","targetHints":{"allow":["GET"]}}],"collection":[{"href":"https:\/\/motokary-karting.sk\/pl\/wp-json\/wp\/v2\/product"}],"about":[{"href":"https:\/\/motokary-karting.sk\/pl\/wp-json\/wp\/v2\/types\/product"}],"wp:featuredmedia":[{"embeddable":true,"href":"https:\/\/motokary-karting.sk\/pl\/wp-json\/wp\/v2\/media\/28837"}],"wp:attachment":[{"href":"https:\/\/motokary-karting.sk\/pl\/wp-json\/wp\/v2\/media?parent=28847"}],"wp:term":[{"taxonomy":"product_brand","embeddable":true,"href":"https:\/\/motokary-karting.sk\/pl\/wp-json\/wp\/v2\/product_brand?post=28847"},{"taxonomy":"product_cat","embeddable":true,"href":"https:\/\/motokary-karting.sk\/pl\/wp-json\/wp\/v2\/product_cat?post=28847"},{"taxonomy":"product_tag","embeddable":true,"href":"https:\/\/motokary-karting.sk\/pl\/wp-json\/wp\/v2\/product_tag?post=28847"}],"curies":[{"name":"wp","href":"https:\/\/api.w.org\/{rel}","templated":true}]}}