{"id":29309,"date":"2025-08-19T16:23:06","date_gmt":"2025-08-19T16:23:06","guid":{"rendered":"https:\/\/motokary-karting.sk\/?post_type=product&#038;p=29309"},"modified":"2026-02-11T10:33:23","modified_gmt":"2026-02-11T10:33:23","slug":"kask-zamp-rz-88c-fia8860-carbon","status":"publish","type":"product","link":"https:\/\/motokary-karting.sk\/pl\/produkt\/zamp-prilba-rz-88c-fia8860-carbon\/","title":{"rendered":"Kask ZAMP RZ 88C FIA8860 - Carbon"},"content":{"rendered":"<p>Zamp z przyjemno\u015bci\u0105 og\u0142asza wprowadzenie na rynek nowej serii super kask\u00f3w RZ-88C z zaawansowanym standardem bezpiecze\u0144stwa FIA 8860-2018 i wiod\u0105cym w bran\u017cy bezpiecze\u0144stwem, funkcjami, dopasowaniem i wydajno\u015bci\u0105. Wersja RZ-88C Closed Cockpit Gloss Carbon jest wyposa\u017cona w system DDAIR, maksymaln\u0105 wentylacj\u0119 podbr\u00f3dka i g\u00f3ry z 360-stopniowym przep\u0142ywem powietrza wbudowanym w EPS i skorup\u0119 kasku. Przezroczysty wizjer przeciwmgielny zapewnia doskona\u0142\u0105 widoczno\u015b\u0107. Funkcje obejmuj\u0105:<br \/>\nZaawansowany, b\u0142yszcz\u0105cy splot w\u0119glowy zapewnia niewiarygodnie lekk\u0105 skorup\u0119<br \/>\nSkonfigurowany do zamkni\u0119tego kokpitu i wy\u015bcig\u00f3w terenowych - kr\u00f3tszy spojler podbr\u00f3dkowy zapewnia wi\u0119cej miejsca i mniej otwor\u00f3w wentylacyjnych w skorupie, umo\u017cliwiaj\u0105c lepszy wymuszony przep\u0142yw powietrza, jednocze\u015bnie zapobiegaj\u0105c wnikaniu brudu podczas wy\u015bcig\u00f3w terenowych.<br \/>\nG\u00f3rny wlot powietrza umo\u017cliwia korzystanie z powietrza naturalnego, wymuszonego lub kork\u00f3w powietrznych<br \/>\nMi\u0119kkie, wyjmowane i nadaj\u0105ce si\u0119 do prania wn\u0119trze z ognioodporn\u0105 piank\u0105 EPS pod brod\u0105<br \/>\nPrzezroczysta os\u0142ona przeciwmgielna z serii Z-24 z odrywanymi \u015brodkowymi s\u0142upkami o wysoko\u015bci 12,125 cala z odrywanymi paskami w kszta\u0142cie banana<br \/>\nKomunikacja jest \u0142atwa do zainstalowania dzi\u0119ki kana\u0142om EPS w kasku<br \/>\nWk\u0142adki M6 do mocowania g\u0142owy i szyi<br \/>\nW zestawie nylonowe i p\u0142\u00f3cienne etui na jeden kask!<br \/>\nFIA 8860-2018 bez ABP<\/p>","protected":false},"excerpt":{"rendered":"<p>Zamp z przyjemno\u015bci\u0105 og\u0142asza wprowadzenie na rynek nowej serii super kask\u00f3w RZ-88C z zaawansowanym standardem bezpiecze\u0144stwa FIA 8860-2018 oraz wiod\u0105cym w bran\u017cy bezpiecze\u0144stwem, funkcjami, dopasowaniem i wydajno\u015bci\u0105. Wersja...<\/p>","protected":false},"featured_media":29318,"template":"","meta":[],"product_brand":[],"product_cat":[21,18,3342],"product_tag":[142,1344,3343,977,984,81,3344,985,3347,3345,3346],"class_list":{"0":"post-29309","1":"product","2":"type-product","3":"status-publish","4":"has-post-thumbnail","6":"product_cat-prilby","7":"product_cat-vybava-pretekara","8":"product_cat-zamp-helmets","9":"product_tag-karting","10":"product_tag-karting-shop","11":"product_tag-kartingova-prilba","12":"product_tag-lewis-hamilton","13":"product_tag-motokarova-prilba","14":"product_tag-motokary","15":"product_tag-prilba-na-karting","16":"product_tag-prilba-na-motokary","17":"product_tag-prilba-zamp","18":"product_tag-zamp-helmets","19":"product_tag-zamp-prilby","21":"first","22":"onbackorder","23":"taxable","24":"shipping-taxable","25":"purchasable","26":"product-type-variable","27":"customify-col","28":"product-has-gallery"},"aioseo_notices":[],"_links":{"self":[{"href":"https:\/\/motokary-karting.sk\/pl\/wp-json\/wp\/v2\/product\/29309","targetHints":{"allow":["GET"]}}],"collection":[{"href":"https:\/\/motokary-karting.sk\/pl\/wp-json\/wp\/v2\/product"}],"about":[{"href":"https:\/\/motokary-karting.sk\/pl\/wp-json\/wp\/v2\/types\/product"}],"wp:featuredmedia":[{"embeddable":true,"href":"https:\/\/motokary-karting.sk\/pl\/wp-json\/wp\/v2\/media\/29318"}],"wp:attachment":[{"href":"https:\/\/motokary-karting.sk\/pl\/wp-json\/wp\/v2\/media?parent=29309"}],"wp:term":[{"taxonomy":"product_brand","embeddable":true,"href":"https:\/\/motokary-karting.sk\/pl\/wp-json\/wp\/v2\/product_brand?post=29309"},{"taxonomy":"product_cat","embeddable":true,"href":"https:\/\/motokary-karting.sk\/pl\/wp-json\/wp\/v2\/product_cat?post=29309"},{"taxonomy":"product_tag","embeddable":true,"href":"https:\/\/motokary-karting.sk\/pl\/wp-json\/wp\/v2\/product_tag?post=29309"}],"curies":[{"name":"wp","href":"https:\/\/api.w.org\/{rel}","templated":true}]}}