{"id":29356,"date":"2025-08-29T09:08:50","date_gmt":"2025-08-29T09:08:50","guid":{"rendered":"https:\/\/motokary-karting.sk\/?post_type=product&#038;p=29356"},"modified":"2026-02-11T10:08:59","modified_gmt":"2026-02-11T10:08:59","slug":"kask-bell-hp77-evo-iv","status":"publish","type":"product","link":"https:\/\/motokary-karting.sk\/pl\/produkt\/bell-prilba-hp77-evo-iv\/","title":{"rendered":"Kask Bell HP77 EVO IV"},"content":{"rendered":"<p>Oparty na bardzo udanym projekcie HP7 firmy Bell, kt\u00f3ry sprawdzi\u0142 si\u0119 ju\u017c w historii mistrz\u00f3w \u015bwiata Formu\u0142y 1, HP77 zapewnia najnowsz\u0105 ochron\u0119 przed uderzeniami, zmniejszaj\u0105c otw\u00f3r wizjera o 12 mm i wzmacniaj\u0105c prz\u00f3d kasku zaawansowan\u0105 ochron\u0105 balistyczn\u0105. HP77 jest najbardziej zaawansowanym kaskiem z certyfikatem FIA8860-2018 w linii produkt\u00f3w Bell i wyznacza nowy standard dla lekkich, aerodynamicznie doskona\u0142ych kask\u00f3w z w\u0142\u00f3kna w\u0119glowego dla intensywnych wymaga\u0144 wy\u015bcig\u00f3w z otwartym kokpitem. Kask HP77 posiada homologacj\u0119 <strong>FIA8860-2018 ABP<\/strong>, kt\u00f3ry jest najbardziej rygorystycznym standardem dla kask\u00f3w sportowych na \u015bwiecie, zaprojektowanym dla profesjonalnych kierowc\u00f3w Formu\u0142y 1 rywalizuj\u0105cych na najwy\u017cszym poziomie tego sportu.<\/p>","protected":false},"excerpt":{"rendered":"<p>Oparty na bardzo udanym projekcie HP7 firmy Bell, kt\u00f3ry sprawdzi\u0142 si\u0119 ju\u017c w historii mistrz\u00f3w \u015bwiata Formu\u0142y 1, HP77 zapewnia najnowsz\u0105 ochron\u0119...<\/p>","protected":false},"featured_media":29373,"template":"","meta":[],"product_brand":[],"product_cat":[962,21,18],"product_tag":[963,964,3372,965,1689,967,1728,142,2019,2018,984,2022,81,1690,985,1675],"class_list":{"0":"post-29356","1":"product","2":"type-product","3":"status-publish","4":"has-post-thumbnail","6":"product_cat-bell","7":"product_cat-prilby","8":"product_cat-vybava-pretekara","9":"product_tag-bell","10":"product_tag-bell-helmets","11":"product_tag-bell-hp7-iv-evo","12":"product_tag-bell-prilba","13":"product_tag-bell-prilba-rs7-k","14":"product_tag-bell-rs7-k","15":"product_tag-kart-shop","16":"product_tag-karting","17":"product_tag-kartingova-helma","18":"product_tag-kartingovs-prilba","19":"product_tag-motokarova-prilba","20":"product_tag-motokarova-prilba-bell","21":"product_tag-motokary","22":"product_tag-prilba-bell-rs7-k","23":"product_tag-prilba-na-motokary","24":"product_tag-prilby-bell","26":"first","27":"onbackorder","28":"taxable","29":"shipping-taxable","30":"purchasable","31":"product-type-variable","32":"customify-col","33":"product-has-gallery"},"aioseo_notices":[],"_links":{"self":[{"href":"https:\/\/motokary-karting.sk\/pl\/wp-json\/wp\/v2\/product\/29356","targetHints":{"allow":["GET"]}}],"collection":[{"href":"https:\/\/motokary-karting.sk\/pl\/wp-json\/wp\/v2\/product"}],"about":[{"href":"https:\/\/motokary-karting.sk\/pl\/wp-json\/wp\/v2\/types\/product"}],"wp:featuredmedia":[{"embeddable":true,"href":"https:\/\/motokary-karting.sk\/pl\/wp-json\/wp\/v2\/media\/29373"}],"wp:attachment":[{"href":"https:\/\/motokary-karting.sk\/pl\/wp-json\/wp\/v2\/media?parent=29356"}],"wp:term":[{"taxonomy":"product_brand","embeddable":true,"href":"https:\/\/motokary-karting.sk\/pl\/wp-json\/wp\/v2\/product_brand?post=29356"},{"taxonomy":"product_cat","embeddable":true,"href":"https:\/\/motokary-karting.sk\/pl\/wp-json\/wp\/v2\/product_cat?post=29356"},{"taxonomy":"product_tag","embeddable":true,"href":"https:\/\/motokary-karting.sk\/pl\/wp-json\/wp\/v2\/product_tag?post=29356"}],"curies":[{"name":"wp","href":"https:\/\/api.w.org\/{rel}","templated":true}]}}