{"id":29427,"date":"2025-09-02T13:43:27","date_gmt":"2025-09-02T13:43:27","guid":{"rendered":"https:\/\/motokary-karting.sk\/?post_type=product&#038;p=29427"},"modified":"2025-11-25T08:46:46","modified_gmt":"2025-11-25T08:46:46","slug":"wskaznik-polozenia-plywaka-gaznika","status":"publish","type":"product","link":"https:\/\/motokary-karting.sk\/pl\/produkt\/merac-polohy-plavaku-karburatora\/","title":{"rendered":"Miernik po\u0142o\u017cenia p\u0142ywaka ga\u017anika"},"content":{"rendered":"","protected":false},"excerpt":{"rendered":"","protected":false},"featured_media":29428,"template":"","meta":[],"product_brand":[],"product_cat":[1642,645,744,2686,2690],"product_tag":[1653,2359,142,2358,81,431,1654,1656,1655,2360],"class_list":{"0":"post-29427","1":"product","2":"type-product","3":"status-publish","4":"has-post-thumbnail","6":"product_cat-karburatory-prislusenstvo","7":"product_cat-nahradne-diely-na-motory","8":"product_cat-rotax-max","9":"product_cat-sekcia-karburator","10":"product_cat-sekcia-pripravky","11":"product_tag-dellorto","12":"product_tag-dellorto-tryska","13":"product_tag-karting","14":"product_tag-karting-hop","15":"product_tag-motokary","16":"product_tag-tm-racing","17":"product_tag-tryska","18":"product_tag-tryska-dellorto","19":"product_tag-tryska-do-karburatora","20":"product_tag-tryska-karburatora-dellorto","22":"first","23":"onbackorder","24":"taxable","25":"shipping-taxable","26":"purchasable","27":"product-type-simple","28":"customify-col"},"aioseo_notices":[],"_links":{"self":[{"href":"https:\/\/motokary-karting.sk\/pl\/wp-json\/wp\/v2\/product\/29427","targetHints":{"allow":["GET"]}}],"collection":[{"href":"https:\/\/motokary-karting.sk\/pl\/wp-json\/wp\/v2\/product"}],"about":[{"href":"https:\/\/motokary-karting.sk\/pl\/wp-json\/wp\/v2\/types\/product"}],"wp:featuredmedia":[{"embeddable":true,"href":"https:\/\/motokary-karting.sk\/pl\/wp-json\/wp\/v2\/media\/29428"}],"wp:attachment":[{"href":"https:\/\/motokary-karting.sk\/pl\/wp-json\/wp\/v2\/media?parent=29427"}],"wp:term":[{"taxonomy":"product_brand","embeddable":true,"href":"https:\/\/motokary-karting.sk\/pl\/wp-json\/wp\/v2\/product_brand?post=29427"},{"taxonomy":"product_cat","embeddable":true,"href":"https:\/\/motokary-karting.sk\/pl\/wp-json\/wp\/v2\/product_cat?post=29427"},{"taxonomy":"product_tag","embeddable":true,"href":"https:\/\/motokary-karting.sk\/pl\/wp-json\/wp\/v2\/product_tag?post=29427"}],"curies":[{"name":"wp","href":"https:\/\/api.w.org\/{rel}","templated":true}]}}