{"id":29457,"date":"2025-09-08T18:09:21","date_gmt":"2025-09-08T18:09:21","guid":{"rendered":"https:\/\/motokary-karting.sk\/?post_type=product&#038;p=29457"},"modified":"2025-11-25T08:46:39","modified_gmt":"2025-11-25T08:46:39","slug":"suche-zlacze-20-mm-i-25-mm","status":"publish","type":"product","link":"https:\/\/motokary-karting.sk\/pl\/produkt\/spojka-suco-o-20mm-a-25mm\/","title":{"rendered":"Z\u0142\u0105cze Suco \u00d8 20 mm i 25 mm"},"content":{"rendered":"","protected":false},"excerpt":{"rendered":"","protected":false},"featured_media":29464,"template":"","meta":[],"product_brand":[],"product_cat":[287,77,1161],"product_tag":[1164,142,81,1163,1162],"class_list":{"0":"post-29457","1":"product","2":"type-product","3":"status-publish","4":"has-post-thumbnail","6":"product_cat-motory-nahradne-diely","7":"product_cat-rental-karting","8":"product_cat-spojky-prislusenstvo","9":"product_tag-270cc","10":"product_tag-karting","11":"product_tag-motokary","12":"product_tag-spojka-270cc","13":"product_tag-spojka-motora-do-pozicovne-motokar","15":"first","16":"onbackorder","17":"taxable","18":"shipping-taxable","19":"purchasable","20":"product-type-variable","21":"customify-col","22":"product-has-gallery"},"aioseo_notices":[],"_links":{"self":[{"href":"https:\/\/motokary-karting.sk\/pl\/wp-json\/wp\/v2\/product\/29457","targetHints":{"allow":["GET"]}}],"collection":[{"href":"https:\/\/motokary-karting.sk\/pl\/wp-json\/wp\/v2\/product"}],"about":[{"href":"https:\/\/motokary-karting.sk\/pl\/wp-json\/wp\/v2\/types\/product"}],"wp:featuredmedia":[{"embeddable":true,"href":"https:\/\/motokary-karting.sk\/pl\/wp-json\/wp\/v2\/media\/29464"}],"wp:attachment":[{"href":"https:\/\/motokary-karting.sk\/pl\/wp-json\/wp\/v2\/media?parent=29457"}],"wp:term":[{"taxonomy":"product_brand","embeddable":true,"href":"https:\/\/motokary-karting.sk\/pl\/wp-json\/wp\/v2\/product_brand?post=29457"},{"taxonomy":"product_cat","embeddable":true,"href":"https:\/\/motokary-karting.sk\/pl\/wp-json\/wp\/v2\/product_cat?post=29457"},{"taxonomy":"product_tag","embeddable":true,"href":"https:\/\/motokary-karting.sk\/pl\/wp-json\/wp\/v2\/product_tag?post=29457"}],"curies":[{"name":"wp","href":"https:\/\/api.w.org\/{rel}","templated":true}]}}