{"id":29465,"date":"2025-09-08T18:21:24","date_gmt":"2025-09-08T18:21:24","guid":{"rendered":"https:\/\/motokary-karting.sk\/?post_type=product&#038;p=29465"},"modified":"2025-11-25T08:46:40","modified_gmt":"2025-11-25T08:46:40","slug":"zestaw-walkow-kolnierzowych-suco-dla-o-20-25-mm-m24-x-15-mm","status":"publish","type":"product","link":"https:\/\/motokary-karting.sk\/pl\/produkt\/sada-prirubovych-hriadelov-suco-pre-o-20-25-mm-m24-x-15-mm\/","title":{"rendered":"Zestaw wa\u0142\u00f3w ko\u0142nierzowych SUCO dla \u00d8 20\/25 mm, M24 \u00d7 1,5 mm"},"content":{"rendered":"","protected":false},"excerpt":{"rendered":"","protected":false},"featured_media":29468,"template":"","meta":[],"product_brand":[],"product_cat":[287,77,1161],"product_tag":[1164,142,81,1163,1162],"class_list":{"0":"post-29465","1":"product","2":"type-product","3":"status-publish","4":"has-post-thumbnail","6":"product_cat-motory-nahradne-diely","7":"product_cat-rental-karting","8":"product_cat-spojky-prislusenstvo","9":"product_tag-270cc","10":"product_tag-karting","11":"product_tag-motokary","12":"product_tag-spojka-270cc","13":"product_tag-spojka-motora-do-pozicovne-motokar","15":"first","16":"onbackorder","17":"taxable","18":"shipping-taxable","19":"purchasable","20":"product-type-simple","21":"customify-col"},"aioseo_notices":[],"_links":{"self":[{"href":"https:\/\/motokary-karting.sk\/pl\/wp-json\/wp\/v2\/product\/29465","targetHints":{"allow":["GET"]}}],"collection":[{"href":"https:\/\/motokary-karting.sk\/pl\/wp-json\/wp\/v2\/product"}],"about":[{"href":"https:\/\/motokary-karting.sk\/pl\/wp-json\/wp\/v2\/types\/product"}],"wp:featuredmedia":[{"embeddable":true,"href":"https:\/\/motokary-karting.sk\/pl\/wp-json\/wp\/v2\/media\/29468"}],"wp:attachment":[{"href":"https:\/\/motokary-karting.sk\/pl\/wp-json\/wp\/v2\/media?parent=29465"}],"wp:term":[{"taxonomy":"product_brand","embeddable":true,"href":"https:\/\/motokary-karting.sk\/pl\/wp-json\/wp\/v2\/product_brand?post=29465"},{"taxonomy":"product_cat","embeddable":true,"href":"https:\/\/motokary-karting.sk\/pl\/wp-json\/wp\/v2\/product_cat?post=29465"},{"taxonomy":"product_tag","embeddable":true,"href":"https:\/\/motokary-karting.sk\/pl\/wp-json\/wp\/v2\/product_tag?post=29465"}],"curies":[{"name":"wp","href":"https:\/\/api.w.org\/{rel}","templated":true}]}}