{"id":29625,"date":"2024-10-08T09:53:37","date_gmt":"2024-10-08T09:53:37","guid":{"rendered":"https:\/\/motokary-karting.sk\/?post_type=product&#038;p=29625"},"modified":"2026-04-18T07:20:06","modified_gmt":"2026-04-18T07:20:06","slug":"mala-podkladka-152-25-1-rotax-pod-nakretke-oz-kola","status":"publish","type":"product","link":"https:\/\/motokary-karting.sk\/pl\/produkt\/mala-podlozka-152-25-1-rotax-pod-maticu-oz-kolecka\/","title":{"rendered":"Du\u017ca podk\u0142adka 10\/22\/1,5 ROTAX pod nakr\u0119tk\u0119 ko\u0142a"},"content":{"rendered":"<p>Pozycja na rysunku 13<\/p>","protected":false},"excerpt":{"rendered":"<p>Pozycja na rysunku 13<\/p>","protected":false},"featured_media":10955,"template":"","meta":[],"product_brand":[],"product_cat":[645,744,2682],"product_tag":[2652,2429,142,1344,81,2650,618,754,2651],"class_list":{"0":"post-29625","1":"product","2":"type-product","3":"status-publish","4":"has-post-thumbnail","6":"product_cat-nahradne-diely-na-motory","7":"product_cat-rotax-max","8":"product_cat-sekcia-spojka","9":"product_tag-blok-motora-komplet","10":"product_tag-diely-na-rotax","11":"product_tag-karting","12":"product_tag-karting-shop","13":"product_tag-motokary","14":"product_tag-nahradne-diely-na-rotax","15":"product_tag-rotax","16":"product_tag-rotax-diely","17":"product_tag-suciastky-na-rotax","19":"first","20":"onbackorder","21":"taxable","22":"shipping-taxable","23":"purchasable","24":"product-type-simple","25":"customify-col"},"aioseo_notices":[],"_links":{"self":[{"href":"https:\/\/motokary-karting.sk\/pl\/wp-json\/wp\/v2\/product\/29625","targetHints":{"allow":["GET"]}}],"collection":[{"href":"https:\/\/motokary-karting.sk\/pl\/wp-json\/wp\/v2\/product"}],"about":[{"href":"https:\/\/motokary-karting.sk\/pl\/wp-json\/wp\/v2\/types\/product"}],"wp:featuredmedia":[{"embeddable":true,"href":"https:\/\/motokary-karting.sk\/pl\/wp-json\/wp\/v2\/media\/10955"}],"wp:attachment":[{"href":"https:\/\/motokary-karting.sk\/pl\/wp-json\/wp\/v2\/media?parent=29625"}],"wp:term":[{"taxonomy":"product_brand","embeddable":true,"href":"https:\/\/motokary-karting.sk\/pl\/wp-json\/wp\/v2\/product_brand?post=29625"},{"taxonomy":"product_cat","embeddable":true,"href":"https:\/\/motokary-karting.sk\/pl\/wp-json\/wp\/v2\/product_cat?post=29625"},{"taxonomy":"product_tag","embeddable":true,"href":"https:\/\/motokary-karting.sk\/pl\/wp-json\/wp\/v2\/product_tag?post=29625"}],"curies":[{"name":"wp","href":"https:\/\/api.w.org\/{rel}","templated":true}]}}