{"id":29808,"date":"2025-12-05T10:18:27","date_gmt":"2025-12-05T10:18:27","guid":{"rendered":"https:\/\/motokary-karting.sk\/?post_type=product&#038;p=29808"},"modified":"2026-03-26T15:36:00","modified_gmt":"2026-03-26T15:36:00","slug":"omp-kombinezon-pc-4","status":"publish","type":"product","link":"https:\/\/motokary-karting.sk\/pl\/produkt\/omp-kombineza-ks-4\/","title":{"rendered":"Kombinezon OMP KS-4"},"content":{"rendered":"<p>Kombinezon gokartowy OMP jest wyj\u0105tkowo cienki i lekki, idealny do u\u017cytku hobbystycznego i halowego, a tak\u017ce doskonale nadaje si\u0119 do sytuacji, w kt\u00f3rych homologacja nie jest wymagana. Po\u0142\u0105czenie oddychaj\u0105cej podszewki z siatki i strategicznie rozmieszczonych mikroperforacji ci\u0119tych laserowo (system AirFlow) zapewnia doskona\u0142\u0105 wentylacj\u0119 i optymaln\u0105 regulacj\u0119 temperatury. Wizualnie kombinezon jest inspirowany profesjonalnymi kombinezonami wy\u015bcigowymi: z kontrastowymi naramiennikami, paskami i lam\u00f3wkami, bocznymi kieszeniami oraz zapi\u0119ciem na pasek i szyj\u0119 w typowym stylu motorsportu. Dzianinowe mankiety na r\u0119kawach i nogawkach dope\u0142niaj\u0105 sportowego wygl\u0105du.<\/p>","protected":false},"excerpt":{"rendered":"<p>Kombinezon gokartowy OMP jest niezwykle cienki i lekki, idealny do u\u017cytku hobbystycznego i halowego oraz idealny w sytuacjach, w kt\u00f3rych homologacja nie jest obowi\u0105zkowa. Po\u0142\u0105czenie oddychaj\u0105cego...<\/p>","protected":false},"featured_media":29935,"template":"","meta":[],"product_brand":[],"product_cat":[22,91,18],"product_tag":[142,1344,2117,1258,2118,81,2119,2116,3412,3413,1825],"class_list":{"0":"post-29808","1":"product","2":"type-product","3":"status-publish","4":"has-post-thumbnail","6":"product_cat-kombinezy","7":"product_cat-omp-kombinezy","8":"product_cat-vybava-pretekara","9":"product_tag-karting","10":"product_tag-karting-shop","11":"product_tag-kombinezqa-na-motokary","12":"product_tag-motokarova-kombineza","13":"product_tag-motokarovy-shop","14":"product_tag-motokary","15":"product_tag-motokary-obchod","16":"product_tag-omp-karting-kombineza","17":"product_tag-omp-kombineza-ks-4","18":"product_tag-omp-ks-4","19":"product_tag-omp-shop","21":"first","22":"onbackorder","23":"taxable","24":"shipping-taxable","25":"purchasable","26":"product-type-variable","27":"customify-col","28":"product-has-gallery"},"aioseo_notices":[],"_links":{"self":[{"href":"https:\/\/motokary-karting.sk\/pl\/wp-json\/wp\/v2\/product\/29808","targetHints":{"allow":["GET"]}}],"collection":[{"href":"https:\/\/motokary-karting.sk\/pl\/wp-json\/wp\/v2\/product"}],"about":[{"href":"https:\/\/motokary-karting.sk\/pl\/wp-json\/wp\/v2\/types\/product"}],"wp:featuredmedia":[{"embeddable":true,"href":"https:\/\/motokary-karting.sk\/pl\/wp-json\/wp\/v2\/media\/29935"}],"wp:attachment":[{"href":"https:\/\/motokary-karting.sk\/pl\/wp-json\/wp\/v2\/media?parent=29808"}],"wp:term":[{"taxonomy":"product_brand","embeddable":true,"href":"https:\/\/motokary-karting.sk\/pl\/wp-json\/wp\/v2\/product_brand?post=29808"},{"taxonomy":"product_cat","embeddable":true,"href":"https:\/\/motokary-karting.sk\/pl\/wp-json\/wp\/v2\/product_cat?post=29808"},{"taxonomy":"product_tag","embeddable":true,"href":"https:\/\/motokary-karting.sk\/pl\/wp-json\/wp\/v2\/product_tag?post=29808"}],"curies":[{"name":"wp","href":"https:\/\/api.w.org\/{rel}","templated":true}]}}