{"id":30061,"date":"2025-12-05T12:32:54","date_gmt":"2025-12-05T12:32:54","guid":{"rendered":"https:\/\/motokary-karting.sk\/?post_type=product&#038;p=30061"},"modified":"2026-01-28T18:03:38","modified_gmt":"2026-01-28T18:03:38","slug":"omp-rekawice-przeciwdeszczowe-k","status":"publish","type":"product","link":"https:\/\/motokary-karting.sk\/pl\/produkt\/omp-rukavice-rain-k\/","title":{"rendered":"R\u0119kawice OMP Rain K"},"content":{"rendered":"<p>Doskona\u0142e wyposa\u017cenie na ka\u017cd\u0105 pogod\u0119.<\/p>\n<p>R\u0119kawice kartingowe Rain K od OMP, wykonane z elastycznego neoprenu, s\u0105 odporne na zimno i deszcz. D\u0142o\u0144 z gumowanymi wstawkami zapewnia doskona\u0142\u0105 przyczepno\u015b\u0107 i indywidualne wyczucie pomimo lekkiej wy\u015bci\u00f3\u0142ki. Chroni r\u00f3wnie\u017c przed wiatrem.<\/p>","protected":false},"excerpt":{"rendered":"<p>Doskona\u0142e wyposa\u017cenie na ka\u017cd\u0105 pogod\u0119. R\u0119kawice kartingowe Rain K od OMP, wykonane z elastycznego neoprenu, s\u0105 odporne na zimno i deszcz. Wn\u0119trze d\u0142oni z gumowanymi wstawkami zapewnia doskona\u0142\u0105...<\/p>","protected":false},"featured_media":30071,"template":"","meta":[],"product_brand":[],"product_cat":[90,15,18],"product_tag":[142,1344,2103,81,2775,3415,83,2101,480],"class_list":{"0":"post-30061","1":"product","2":"type-product","3":"status-publish","4":"has-post-thumbnail","6":"product_cat-omp","7":"product_cat-rukavice","8":"product_cat-vybava-pretekara","9":"product_tag-karting","10":"product_tag-karting-shop","11":"product_tag-kartingove-rukavice","12":"product_tag-motokary","13":"product_tag-omp-rukavice","14":"product_tag-omp-rukavice-rain-k","15":"product_tag-rukavice","16":"product_tag-rukavice-do-dazda","17":"product_tag-rukavice-do-dazda-motokary","19":"first","20":"onbackorder","21":"taxable","22":"shipping-taxable","23":"purchasable","24":"product-type-variable","25":"customify-col","26":"product-has-gallery"},"aioseo_notices":[],"_links":{"self":[{"href":"https:\/\/motokary-karting.sk\/pl\/wp-json\/wp\/v2\/product\/30061","targetHints":{"allow":["GET"]}}],"collection":[{"href":"https:\/\/motokary-karting.sk\/pl\/wp-json\/wp\/v2\/product"}],"about":[{"href":"https:\/\/motokary-karting.sk\/pl\/wp-json\/wp\/v2\/types\/product"}],"wp:featuredmedia":[{"embeddable":true,"href":"https:\/\/motokary-karting.sk\/pl\/wp-json\/wp\/v2\/media\/30071"}],"wp:attachment":[{"href":"https:\/\/motokary-karting.sk\/pl\/wp-json\/wp\/v2\/media?parent=30061"}],"wp:term":[{"taxonomy":"product_brand","embeddable":true,"href":"https:\/\/motokary-karting.sk\/pl\/wp-json\/wp\/v2\/product_brand?post=30061"},{"taxonomy":"product_cat","embeddable":true,"href":"https:\/\/motokary-karting.sk\/pl\/wp-json\/wp\/v2\/product_cat?post=30061"},{"taxonomy":"product_tag","embeddable":true,"href":"https:\/\/motokary-karting.sk\/pl\/wp-json\/wp\/v2\/product_tag?post=30061"}],"curies":[{"name":"wp","href":"https:\/\/api.w.org\/{rel}","templated":true}]}}