{"id":30082,"date":"2025-12-05T13:11:16","date_gmt":"2025-12-05T13:11:16","guid":{"rendered":"https:\/\/motokary-karting.sk\/?post_type=product&#038;p=30082"},"modified":"2026-03-16T11:49:13","modified_gmt":"2026-03-16T11:49:13","slug":"rekawice-omp-szt-4-art","status":"publish","type":"product","link":"https:\/\/motokary-karting.sk\/pl\/produkt\/omp-rukavice-ks-4-art\/","title":{"rendered":"R\u0119kawice OMP KS-4 Art"},"content":{"rendered":"<p>OMP KS-4 ART to solidne r\u0119kawice kartingowe w podstawowej cenie. Dzi\u0119ki w\u0105skiemu krojowi i wysoce elastycznemu materia\u0142owi \u015bci\u015ble i wygodnie owijaj\u0105 si\u0119 wok\u00f3\u0142 d\u0142oni - bez \u017cadnych dodatkowych zapi\u0119\u0107. Wn\u0119trze d\u0142oni jest pokryte silikonem dla optymalnej przyczepno\u015bci i posiada wewn\u0119trzne szwy.<\/p>\n<p>Sublimowana grafika nadaje r\u0119kawicom nowoczesny i \u015bwie\u017cy wygl\u0105d.<\/p>","protected":false},"excerpt":{"rendered":"<p>OMP KS-4 ART to solidne r\u0119kawice kartingowe w podstawowej cenie. Dzi\u0119ki w\u0105skiemu krojowi i wysoce elastycznemu materia\u0142owi \u015bci\u015ble i wygodnie przylegaj\u0105 do d\u0142oni - bez...<\/p>","protected":false},"featured_media":30191,"template":"","meta":[],"product_brand":[],"product_cat":[90,15,18],"product_tag":[142,1344,2776,1084,81,25,3416,2775,1825,83,1083,3417,2777],"class_list":{"0":"post-30082","1":"product","2":"type-product","3":"status-publish","4":"has-post-thumbnail","6":"product_cat-omp","7":"product_cat-rukavice","8":"product_cat-vybava-pretekara","9":"product_tag-karting","10":"product_tag-karting-shop","11":"product_tag-motokarove-omp-rukavice","12":"product_tag-motokarove-rukavice","13":"product_tag-motokary","14":"product_tag-omp","15":"product_tag-omp-ks4-art","16":"product_tag-omp-rukavice","17":"product_tag-omp-shop","18":"product_tag-rukavice","19":"product_tag-rukavice-na-motokary","20":"product_tag-rukavice-omp-ks4","21":"product_tag-rukavice-omp-na-motokary","23":"first","24":"instock","25":"taxable","26":"shipping-taxable","27":"purchasable","28":"product-type-variable","29":"customify-col","30":"product-has-gallery"},"aioseo_notices":[],"_links":{"self":[{"href":"https:\/\/motokary-karting.sk\/pl\/wp-json\/wp\/v2\/product\/30082","targetHints":{"allow":["GET"]}}],"collection":[{"href":"https:\/\/motokary-karting.sk\/pl\/wp-json\/wp\/v2\/product"}],"about":[{"href":"https:\/\/motokary-karting.sk\/pl\/wp-json\/wp\/v2\/types\/product"}],"wp:featuredmedia":[{"embeddable":true,"href":"https:\/\/motokary-karting.sk\/pl\/wp-json\/wp\/v2\/media\/30191"}],"wp:attachment":[{"href":"https:\/\/motokary-karting.sk\/pl\/wp-json\/wp\/v2\/media?parent=30082"}],"wp:term":[{"taxonomy":"product_brand","embeddable":true,"href":"https:\/\/motokary-karting.sk\/pl\/wp-json\/wp\/v2\/product_brand?post=30082"},{"taxonomy":"product_cat","embeddable":true,"href":"https:\/\/motokary-karting.sk\/pl\/wp-json\/wp\/v2\/product_cat?post=30082"},{"taxonomy":"product_tag","embeddable":true,"href":"https:\/\/motokary-karting.sk\/pl\/wp-json\/wp\/v2\/product_tag?post=30082"}],"curies":[{"name":"wp","href":"https:\/\/api.w.org\/{rel}","templated":true}]}}