{"id":30199,"date":"2025-12-05T13:54:35","date_gmt":"2025-12-05T13:54:35","guid":{"rendered":"https:\/\/motokary-karting.sk\/?post_type=product&#038;p=30199"},"modified":"2026-04-22T15:01:03","modified_gmt":"2026-04-22T15:01:03","slug":"rekawice-alpinestars-tech-1k-race-v2-graphic-1","status":"publish","type":"product","link":"https:\/\/motokary-karting.sk\/pl\/produkt\/alpinestars-rukavice-tech-1k-race-v2-graphic-1\/","title":{"rendered":"Alpinestars R\u0119kawice Tech 1K Race v2 Graphic 1"},"content":{"rendered":"<p>Dzi\u0119ki lekkiemu i elastycznemu materia\u0142owi r\u0119kawice kartingowe Alpinestars TECH 1K RACE v2 zapewniaj\u0105 komfort i wydajno\u015b\u0107 ka\u017cdemu kierowcy kartingowemu. Wst\u0119pnie ukszta\u0142towana konstrukcja podstawy poprawia dopasowanie i zmniejsza p\u0119czki. Nowa ergonomicznie zaprojektowana konstrukcja uchwytu poprawia wyczucie, trwa\u0142o\u015b\u0107, zr\u0119czno\u015b\u0107 i przyczepno\u015b\u0107.<\/p>\n<p>Wersja graficzna z nadrukowanym logo i detalami.<\/p>","protected":false},"excerpt":{"rendered":"<p>Dzi\u0119ki lekkiemu i elastycznemu materia\u0142owi r\u0119kawice kartingowe Alpinestars TECH 1K RACE v2 zapewniaj\u0105 komfort i wydajno\u015b\u0107 ka\u017cdemu kierowcy kartingowemu. Wst\u0119pnie ukszta\u0142towana konstrukcja podstawy poprawia dopasowanie...<\/p>","protected":false},"featured_media":30277,"template":"","meta":[],"product_brand":[],"product_cat":[82,15,18],"product_tag":[3268,2797,3418,142,34,1084,2121,81,2796,1083],"class_list":{"0":"post-30199","1":"product","2":"type-product","3":"status-publish","4":"has-post-thumbnail","6":"product_cat-alpinestars","7":"product_cat-rukavice","8":"product_cat-vybava-pretekara","9":"product_tag-alpinestars-one-vision","10":"product_tag-alpinestars-rukavice","11":"product_tag-alpinestars-tech1-k-race-v2-graphic1","12":"product_tag-karting","13":"product_tag-motokara","14":"product_tag-motokarove-rukavice","15":"product_tag-motokarx","16":"product_tag-motokary","17":"product_tag-rukavice-alpinestars","18":"product_tag-rukavice-na-motokary","20":"first","21":"instock","22":"taxable","23":"shipping-taxable","24":"purchasable","25":"product-type-variable","26":"customify-col","27":"product-has-gallery"},"aioseo_notices":[],"_links":{"self":[{"href":"https:\/\/motokary-karting.sk\/pl\/wp-json\/wp\/v2\/product\/30199","targetHints":{"allow":["GET"]}}],"collection":[{"href":"https:\/\/motokary-karting.sk\/pl\/wp-json\/wp\/v2\/product"}],"about":[{"href":"https:\/\/motokary-karting.sk\/pl\/wp-json\/wp\/v2\/types\/product"}],"wp:featuredmedia":[{"embeddable":true,"href":"https:\/\/motokary-karting.sk\/pl\/wp-json\/wp\/v2\/media\/30277"}],"wp:attachment":[{"href":"https:\/\/motokary-karting.sk\/pl\/wp-json\/wp\/v2\/media?parent=30199"}],"wp:term":[{"taxonomy":"product_brand","embeddable":true,"href":"https:\/\/motokary-karting.sk\/pl\/wp-json\/wp\/v2\/product_brand?post=30199"},{"taxonomy":"product_cat","embeddable":true,"href":"https:\/\/motokary-karting.sk\/pl\/wp-json\/wp\/v2\/product_cat?post=30199"},{"taxonomy":"product_tag","embeddable":true,"href":"https:\/\/motokary-karting.sk\/pl\/wp-json\/wp\/v2\/product_tag?post=30199"}],"curies":[{"name":"wp","href":"https:\/\/api.w.org\/{rel}","templated":true}]}}