{"id":30343,"date":"2025-12-05T17:11:47","date_gmt":"2025-12-05T17:11:47","guid":{"rendered":"https:\/\/motokary-karting.sk\/?post_type=product&#038;p=30343"},"modified":"2026-02-11T10:07:23","modified_gmt":"2026-02-11T10:07:23","slug":"kask-bell-kc7-cmr-pro-lewis-hamilton-edition","status":"publish","type":"product","link":"https:\/\/motokary-karting.sk\/pl\/produkt\/bell-prilba-kc7-cmr-pro-lewis-hamilton-edition\/","title":{"rendered":"Kask Bell KC7 CMR PRO Lewis Hamilton Edition"},"content":{"rendered":"<p>Kask BELL KC7 CMR w wyj\u0105tkowej edycji Lewis Hamilton - design tego kasku inspirowany jest stylistyk\u0105 siedmiokrotnego mistrza \u015bwiata Formu\u0142y 1 Lewisa Hamiltona. Wytrzyma\u0142a, odporna na uderzenia i niezwykle lekka skorupa wykonana jest z kompozytowego laminatu karbonu, kevlaru i w\u0142\u00f3kna szklanego. Czterna\u015bcie kana\u0142owych otwor\u00f3w wentylacyjnych zapewnia doskona\u0142\u0105 wentylacj\u0119, a progresywnie wygodna wy\u015bci\u00f3\u0142ka idealnie dopasowuje si\u0119 do g\u0142owy - bez \u017cadnych punkt\u00f3w nacisku.<\/p>\n<p>Standardowe wyposa\u017cenie obejmuje pe\u0142ny zestaw spojler\u00f3w, daszek na kask i wysokiej jako\u015bci etui na kask Bell.<\/p>\n<p>Homologacja: SNELL CMR2016<\/p>\n<p>Kaski kartingowe BELL<br \/>\nW kartingu Bell jest r\u00f3wnie\u017c pionierem w zakresie bezpiecze\u0144stwa i innowacji, b\u0119d\u0105c pierwszym producentem, kt\u00f3ry spe\u0142ni\u0142 norm\u0119 bezpiecze\u0144stwa Snell FIA CMR dla kask\u00f3w dzieci\u0119cych, wprowadzon\u0105 w 2007 roku. Technicznie i wizualnie oparty na kaskach motocyklowych, ka\u017cdy kask z serii kartingowej jest r\u0119cznie wykonany przy u\u017cyciu w\u0142\u00f3kna w\u0119glowego i kevlaru, a tak\u017ce innych specjalnych w\u0142\u00f3kien dla maksymalnego poch\u0142aniania energii. Opr\u00f3cz najwy\u017cszego poziomu bezpiecze\u0144stwa w tej kategorii, doskona\u0142a aerodynamika, wydajna koncepcja wentylacji i funkcje zapewniaj\u0105ce komfort dope\u0142niaj\u0105 wizerunek kask\u00f3w kartingowych Bell.<\/p>","protected":false},"excerpt":{"rendered":"<p>Kask BELL KC7 CMR w wyj\u0105tkowej edycji Lewis Hamilton - design tego kasku jest inspirowany projektem siedmiokrotnego mistrza \u015bwiata Formu\u0142y 1 Lewisa Hamiltona. Wytrzyma\u0142a, odporna na uderzenia...<\/p>","protected":false},"featured_media":30350,"template":"","meta":[],"product_brand":[],"product_cat":[962,21,18],"product_tag":[963,964,3423,969,3421,3419,978,965,975,142,1344,968,81],"class_list":{"0":"post-30343","1":"product","2":"type-product","3":"status-publish","4":"has-post-thumbnail","6":"product_cat-bell","7":"product_cat-prilby","8":"product_cat-vybava-pretekara","9":"product_tag-bell","10":"product_tag-bell-helmets","11":"product_tag-bell-kc7-lewis-hamilton","12":"product_tag-bell-kc7-cmr","13":"product_tag-bell-lando","14":"product_tag-bell-lando-norris","15":"product_tag-bell-lewis-hamilton","16":"product_tag-bell-prilba","17":"product_tag-carbon","18":"product_tag-karting","19":"product_tag-karting-shop","20":"product_tag-kc7-cmr","21":"product_tag-motokary","23":"first","24":"onbackorder","25":"taxable","26":"shipping-taxable","27":"purchasable","28":"product-type-variable","29":"customify-col","30":"product-has-gallery"},"aioseo_notices":[],"_links":{"self":[{"href":"https:\/\/motokary-karting.sk\/pl\/wp-json\/wp\/v2\/product\/30343","targetHints":{"allow":["GET"]}}],"collection":[{"href":"https:\/\/motokary-karting.sk\/pl\/wp-json\/wp\/v2\/product"}],"about":[{"href":"https:\/\/motokary-karting.sk\/pl\/wp-json\/wp\/v2\/types\/product"}],"wp:featuredmedia":[{"embeddable":true,"href":"https:\/\/motokary-karting.sk\/pl\/wp-json\/wp\/v2\/media\/30350"}],"wp:attachment":[{"href":"https:\/\/motokary-karting.sk\/pl\/wp-json\/wp\/v2\/media?parent=30343"}],"wp:term":[{"taxonomy":"product_brand","embeddable":true,"href":"https:\/\/motokary-karting.sk\/pl\/wp-json\/wp\/v2\/product_brand?post=30343"},{"taxonomy":"product_cat","embeddable":true,"href":"https:\/\/motokary-karting.sk\/pl\/wp-json\/wp\/v2\/product_cat?post=30343"},{"taxonomy":"product_tag","embeddable":true,"href":"https:\/\/motokary-karting.sk\/pl\/wp-json\/wp\/v2\/product_tag?post=30343"}],"curies":[{"name":"wp","href":"https:\/\/api.w.org\/{rel}","templated":true}]}}