{"id":30545,"date":"2025-12-08T11:27:53","date_gmt":"2025-12-08T11:27:53","guid":{"rendered":"https:\/\/motokary-karting.sk\/?post_type=product&#038;p=30545"},"modified":"2026-01-26T15:20:26","modified_gmt":"2026-01-26T15:20:26","slug":"kurtka-softshell-sparco","status":"publish","type":"product","link":"https:\/\/motokary-karting.sk\/pl\/produkt\/sparco-bunda-softshell\/","title":{"rendered":"Kurtka softshell Sparco"},"content":{"rendered":"<p>Kurtka softshellowa Sparco \u201cGRID\u201d z ciep\u0142\u0105 polarow\u0105 podszewk\u0105 i odpinanym kapturem. Dzi\u0119ki dodatkowej kieszeni na piersi zapinanej na zamek i regulowanym mankietom zapewnia wygodne dopasowanie i praktyczn\u0105 funkcjonalno\u015b\u0107.<\/p>\n<p>92 % poliester, 8 % spandex<\/p>","protected":false},"excerpt":{"rendered":"<p>Kurtka softshellowa Sparco \u201cGRID\u201d z ciep\u0142\u0105 polarow\u0105 podszewk\u0105 i odpinanym kapturem. Dodatkowa kiesze\u0144 na piersi zapinana na zamek i regulowane mankiety zapewniaj\u0105 wygodne dopasowanie i...<\/p>","protected":false},"featured_media":30602,"template":"","meta":[],"product_brand":[],"product_cat":[2916,32],"product_tag":[3073,3059,3061,3058,1728,142,213,1421,3078,81,26,1419,1418,3057,3060,1420,1755,3080,3079],"class_list":{"0":"post-30545","1":"product","2":"type-product","3":"status-publish","4":"has-post-thumbnail","6":"product_cat-bundy","7":"product_cat-lifestyle-oblecenie-a-produkty-na-volny-cas","8":"product_tag-bunda-martini-racing","9":"product_tag-bunda-na-zips","10":"product_tag-bunda-na-zips-sparco","11":"product_tag-bunda-sparco","12":"product_tag-kart-shop","13":"product_tag-karting","14":"product_tag-lifestyle","15":"product_tag-martini-racing","16":"product_tag-martini-racing-bunda","17":"product_tag-motokary","18":"product_tag-sparco","19":"product_tag-sparco-bomber","20":"product_tag-sparco-bomber-bunda","21":"product_tag-sparco-bunda","22":"product_tag-sparco-bunda-na-zips","23":"product_tag-sparco-martini-racing","24":"product_tag-sparco-shop","25":"product_tag-sparco-vetrovka","26":"product_tag-vetrovka-sparco","28":"first","29":"onbackorder","30":"taxable","31":"shipping-taxable","32":"purchasable","33":"product-type-variable","34":"customify-col","35":"product-has-gallery"},"aioseo_notices":[],"_links":{"self":[{"href":"https:\/\/motokary-karting.sk\/pl\/wp-json\/wp\/v2\/product\/30545","targetHints":{"allow":["GET"]}}],"collection":[{"href":"https:\/\/motokary-karting.sk\/pl\/wp-json\/wp\/v2\/product"}],"about":[{"href":"https:\/\/motokary-karting.sk\/pl\/wp-json\/wp\/v2\/types\/product"}],"wp:featuredmedia":[{"embeddable":true,"href":"https:\/\/motokary-karting.sk\/pl\/wp-json\/wp\/v2\/media\/30602"}],"wp:attachment":[{"href":"https:\/\/motokary-karting.sk\/pl\/wp-json\/wp\/v2\/media?parent=30545"}],"wp:term":[{"taxonomy":"product_brand","embeddable":true,"href":"https:\/\/motokary-karting.sk\/pl\/wp-json\/wp\/v2\/product_brand?post=30545"},{"taxonomy":"product_cat","embeddable":true,"href":"https:\/\/motokary-karting.sk\/pl\/wp-json\/wp\/v2\/product_cat?post=30545"},{"taxonomy":"product_tag","embeddable":true,"href":"https:\/\/motokary-karting.sk\/pl\/wp-json\/wp\/v2\/product_tag?post=30545"}],"curies":[{"name":"wp","href":"https:\/\/api.w.org\/{rel}","templated":true}]}}