{"id":30606,"date":"2025-12-08T12:00:43","date_gmt":"2025-12-08T12:00:43","guid":{"rendered":"https:\/\/motokary-karting.sk\/?post_type=product&#038;p=30606"},"modified":"2026-01-29T19:08:05","modified_gmt":"2026-01-29T19:08:05","slug":"sparco-grit-frame-jacket","status":"publish","type":"product","link":"https:\/\/motokary-karting.sk\/pl\/produkt\/sparco-bunda-grit-frame\/","title":{"rendered":"Kurtka na ram\u0119 Sparco GRIT"},"content":{"rendered":"<p>Wygodna kurtka zespo\u0142u Sparco \u201cGRID\u201d wykonana z wiatroszczelnego i wodoodpornego materia\u0142u z dzianinowymi panelami bocznymi softshell i membran\u0105 TPU dla niezawodnej ochrony przed warunkami atmosferycznymi. Wyposa\u017cona w wodoodporny zamek b\u0142yskawiczny WR dla dodatkowego komfortu i funkcjonalno\u015bci.<\/p>\n<p>100% poliester OPACO<\/p>","protected":false},"excerpt":{"rendered":"<p>Wygodna kurtka zespo\u0142owa Sparco \u201cGRID\u201d wykonana z wiatroszczelnego i wodoodpornego materia\u0142u z bocznymi panelami z dzianiny softshell i membran\u0105 TPU dla niezawodnej ochrony przed warunkami atmosferycznymi....<\/p>","protected":false},"featured_media":30635,"template":"","meta":[],"product_brand":[],"product_cat":[2916,32],"product_tag":[3073,3059,3061,3058,1728,142,213,1421,3078,81,26,1419,1418,3057,3060,1420,1755,3080,3079],"class_list":{"0":"post-30606","1":"product","2":"type-product","3":"status-publish","4":"has-post-thumbnail","6":"product_cat-bundy","7":"product_cat-lifestyle-oblecenie-a-produkty-na-volny-cas","8":"product_tag-bunda-martini-racing","9":"product_tag-bunda-na-zips","10":"product_tag-bunda-na-zips-sparco","11":"product_tag-bunda-sparco","12":"product_tag-kart-shop","13":"product_tag-karting","14":"product_tag-lifestyle","15":"product_tag-martini-racing","16":"product_tag-martini-racing-bunda","17":"product_tag-motokary","18":"product_tag-sparco","19":"product_tag-sparco-bomber","20":"product_tag-sparco-bomber-bunda","21":"product_tag-sparco-bunda","22":"product_tag-sparco-bunda-na-zips","23":"product_tag-sparco-martini-racing","24":"product_tag-sparco-shop","25":"product_tag-sparco-vetrovka","26":"product_tag-vetrovka-sparco","28":"first","29":"onbackorder","30":"taxable","31":"shipping-taxable","32":"purchasable","33":"product-type-variable","34":"customify-col","35":"product-has-gallery"},"aioseo_notices":[],"_links":{"self":[{"href":"https:\/\/motokary-karting.sk\/pl\/wp-json\/wp\/v2\/product\/30606","targetHints":{"allow":["GET"]}}],"collection":[{"href":"https:\/\/motokary-karting.sk\/pl\/wp-json\/wp\/v2\/product"}],"about":[{"href":"https:\/\/motokary-karting.sk\/pl\/wp-json\/wp\/v2\/types\/product"}],"wp:featuredmedia":[{"embeddable":true,"href":"https:\/\/motokary-karting.sk\/pl\/wp-json\/wp\/v2\/media\/30635"}],"wp:attachment":[{"href":"https:\/\/motokary-karting.sk\/pl\/wp-json\/wp\/v2\/media?parent=30606"}],"wp:term":[{"taxonomy":"product_brand","embeddable":true,"href":"https:\/\/motokary-karting.sk\/pl\/wp-json\/wp\/v2\/product_brand?post=30606"},{"taxonomy":"product_cat","embeddable":true,"href":"https:\/\/motokary-karting.sk\/pl\/wp-json\/wp\/v2\/product_cat?post=30606"},{"taxonomy":"product_tag","embeddable":true,"href":"https:\/\/motokary-karting.sk\/pl\/wp-json\/wp\/v2\/product_tag?post=30606"}],"curies":[{"name":"wp","href":"https:\/\/api.w.org\/{rel}","templated":true}]}}