{"id":3062,"date":"2020-12-21T22:25:36","date_gmt":"2020-12-21T22:25:36","guid":{"rendered":"https:\/\/motokary-karting.sk\/?post_type=product&#038;p=3062"},"modified":"2026-02-11T10:22:45","modified_gmt":"2026-02-11T10:22:45","slug":"bell-kc7-cmr-carbon","status":"publish","type":"product","link":"https:\/\/motokary-karting.sk\/pl\/produkt\/bell-kc7-cmr-carbon\/","title":{"rendered":"Bell KC7-CMR CARBON"},"content":{"rendered":"<p>Wysokowydajny dzieci\u0119cy kask kartingowy o przekonuj\u0105cym kszta\u0142cie, homologowany zgodnie z Snell CMR2016 - zalecany przez CIK \/ FIA dla dzieci i m\u0142odzie\u017cy do 15 lat, zatwierdzony dla kierowc\u00f3w do 18 lat. Ten sam, aerodynamicznie zoptymalizowany kszta\u0142t skorupy, co topowy model HP7 firmy Bell.<\/p>\n<p>Dzi\u0119ki ultralekkiej pow\u0142oce zewn\u0119trznej z w\u0142\u00f3kna w\u0119glowego, KC7 CMR Carbon jest o oko\u0142o 100 gram\u00f3w l\u017cejszy ni\u017c wersja z w\u0142\u00f3kna szklanego. 14 kierunkowych otwor\u00f3w wentylacyjnych zapewnia doskona\u0142\u0105 wentylacj\u0119, a stopniowo wygodna wy\u015bci\u00f3\u0142ka idealnie dopasowuje si\u0119 do g\u0142owy - bez \u017cadnych punkt\u00f3w nacisku. Mo\u017cliwa jest \u0142atwa rozbudowa o r\u00f3\u017cne spojlery i dodatkowe wk\u0142adki wentylacyjne. Os\u0142ona przeciwmgielna z podw\u00f3jn\u0105 wewn\u0119trzn\u0105 wy\u015bci\u00f3\u0142k\u0105 jest standardem.<\/p>","protected":false},"excerpt":{"rendered":"<p>Wysokowydajny dzieci\u0119cy kask kartingowy o przekonuj\u0105cym kszta\u0142cie, homologowany zgodnie z Snell CMR2016 - zalecany przez CIK \/ FIA dla dzieci i m\u0142odzie\u017cy do 15 lat, zatwierdzony...<\/p>","protected":false},"featured_media":3063,"template":"","meta":[],"product_brand":[],"product_cat":[962,21,18],"product_tag":[963,964,2016,969,976,965,1676,1818,975,1728,142,1344,968,2017,81,2015,1698,1680],"class_list":{"0":"post-3062","1":"product","2":"type-product","3":"status-publish","4":"has-post-thumbnail","6":"product_cat-bell","7":"product_cat-prilby","8":"product_cat-vybava-pretekara","9":"product_tag-bell","10":"product_tag-bell-helmets","11":"product_tag-bell-helmy","12":"product_tag-bell-kc7-cmr","13":"product_tag-bell-kc7-cmr-carbon","14":"product_tag-bell-prilba","15":"product_tag-bell-prilby","16":"product_tag-bell-shop","17":"product_tag-carbon","18":"product_tag-kart-shop","19":"product_tag-karting","20":"product_tag-karting-shop","21":"product_tag-kc7-cmr","22":"product_tag-motokarove-prilby-bell","23":"product_tag-motokary","24":"product_tag-predaj-prilieb-bell","25":"product_tag-predajna-motokar","26":"product_tag-prilba-na-motokaru","28":"first","29":"onbackorder","30":"taxable","31":"shipping-taxable","32":"purchasable","33":"product-type-variable","34":"customify-col","35":"product-has-gallery"},"aioseo_notices":[],"_links":{"self":[{"href":"https:\/\/motokary-karting.sk\/pl\/wp-json\/wp\/v2\/product\/3062","targetHints":{"allow":["GET"]}}],"collection":[{"href":"https:\/\/motokary-karting.sk\/pl\/wp-json\/wp\/v2\/product"}],"about":[{"href":"https:\/\/motokary-karting.sk\/pl\/wp-json\/wp\/v2\/types\/product"}],"wp:featuredmedia":[{"embeddable":true,"href":"https:\/\/motokary-karting.sk\/pl\/wp-json\/wp\/v2\/media\/3063"}],"wp:attachment":[{"href":"https:\/\/motokary-karting.sk\/pl\/wp-json\/wp\/v2\/media?parent=3062"}],"wp:term":[{"taxonomy":"product_brand","embeddable":true,"href":"https:\/\/motokary-karting.sk\/pl\/wp-json\/wp\/v2\/product_brand?post=3062"},{"taxonomy":"product_cat","embeddable":true,"href":"https:\/\/motokary-karting.sk\/pl\/wp-json\/wp\/v2\/product_cat?post=3062"},{"taxonomy":"product_tag","embeddable":true,"href":"https:\/\/motokary-karting.sk\/pl\/wp-json\/wp\/v2\/product_tag?post=3062"}],"curies":[{"name":"wp","href":"https:\/\/api.w.org\/{rel}","templated":true}]}}