{"id":30639,"date":"2025-12-08T12:15:45","date_gmt":"2025-12-08T12:15:45","guid":{"rendered":"https:\/\/motokary-karting.sk\/?post_type=product&#038;p=30639"},"modified":"2026-01-29T19:07:07","modified_gmt":"2026-01-29T19:07:07","slug":"kurtka-sparco-rama-martini-racing","status":"publish","type":"product","link":"https:\/\/motokary-karting.sk\/pl\/produkt\/sparco-bunda-frame-martini-racing\/","title":{"rendered":"Rama kurtki Sparco MARTINI RACING"},"content":{"rendered":"<p>Lekka pikowana kurtka Sparco w kultowym wzorze MARTINI RACING, wykonana z wiatroszczelnego i wodoodpornego materia\u0142u z dzianinowymi panelami bocznymi softshell i membran\u0105 TPU dla niezawodnej ochrony przed warunkami atmosferycznymi. Posiada wodoodporny zamek b\u0142yskawiczny WR dla dodatkowego komfortu i funkcjonalno\u015bci.<\/p>\n<p>100 % Poliester OPACO<\/p>","protected":false},"excerpt":{"rendered":"<p>Lekka pikowana kurtka Sparco w kultowym wzorze MARTINI RACING, wykonana z wiatroszczelnego i wodoodpornego materia\u0142u z bocznymi panelami z dzianiny softshell i membran\u0105 TPU dla...<\/p>","protected":false},"featured_media":30654,"template":"","meta":[],"product_brand":[],"product_cat":[2916,32,1458],"product_tag":[3073,3059,3061,3058,1728,142,213,1421,3078,81,26,1419,1418,3057,3060,1420,1755,3080,3079],"class_list":{"0":"post-30639","1":"product","2":"type-product","3":"status-publish","4":"has-post-thumbnail","6":"product_cat-bundy","7":"product_cat-lifestyle-oblecenie-a-produkty-na-volny-cas","8":"product_cat-martini-racing","9":"product_tag-bunda-martini-racing","10":"product_tag-bunda-na-zips","11":"product_tag-bunda-na-zips-sparco","12":"product_tag-bunda-sparco","13":"product_tag-kart-shop","14":"product_tag-karting","15":"product_tag-lifestyle","16":"product_tag-martini-racing","17":"product_tag-martini-racing-bunda","18":"product_tag-motokary","19":"product_tag-sparco","20":"product_tag-sparco-bomber","21":"product_tag-sparco-bomber-bunda","22":"product_tag-sparco-bunda","23":"product_tag-sparco-bunda-na-zips","24":"product_tag-sparco-martini-racing","25":"product_tag-sparco-shop","26":"product_tag-sparco-vetrovka","27":"product_tag-vetrovka-sparco","29":"first","30":"onbackorder","31":"taxable","32":"shipping-taxable","33":"purchasable","34":"product-type-variable","35":"customify-col","36":"product-has-gallery"},"aioseo_notices":[],"_links":{"self":[{"href":"https:\/\/motokary-karting.sk\/pl\/wp-json\/wp\/v2\/product\/30639","targetHints":{"allow":["GET"]}}],"collection":[{"href":"https:\/\/motokary-karting.sk\/pl\/wp-json\/wp\/v2\/product"}],"about":[{"href":"https:\/\/motokary-karting.sk\/pl\/wp-json\/wp\/v2\/types\/product"}],"wp:featuredmedia":[{"embeddable":true,"href":"https:\/\/motokary-karting.sk\/pl\/wp-json\/wp\/v2\/media\/30654"}],"wp:attachment":[{"href":"https:\/\/motokary-karting.sk\/pl\/wp-json\/wp\/v2\/media?parent=30639"}],"wp:term":[{"taxonomy":"product_brand","embeddable":true,"href":"https:\/\/motokary-karting.sk\/pl\/wp-json\/wp\/v2\/product_brand?post=30639"},{"taxonomy":"product_cat","embeddable":true,"href":"https:\/\/motokary-karting.sk\/pl\/wp-json\/wp\/v2\/product_cat?post=30639"},{"taxonomy":"product_tag","embeddable":true,"href":"https:\/\/motokary-karting.sk\/pl\/wp-json\/wp\/v2\/product_tag?post=30639"}],"curies":[{"name":"wp","href":"https:\/\/api.w.org\/{rel}","templated":true}]}}