{"id":3073,"date":"2024-12-12T10:47:41","date_gmt":"2024-12-12T10:47:41","guid":{"rendered":"https:\/\/motokary-karting.sk\/?post_type=product&#038;p=3073"},"modified":"2026-04-07T09:32:35","modified_gmt":"2026-04-07T09:32:35","slug":"bell-rs7-cmr-bialy","status":"publish","type":"product","link":"https:\/\/motokary-karting.sk\/pl\/produkt\/bell-rs7-cmr-biela\/","title":{"rendered":"Kask Bell KC7 CMR Pro"},"content":{"rendered":"<p>Kartingowa wersja topowego modelu HP7, u\u017cywanego mi\u0119dzy innymi w Formule 1, homologowana zgodnie ze standardem Snell-FIA CMH (dzieci\u0119cy kask motocyklowy). Kaski wykonane zgodnie z tym wymagaj\u0105cym standardem s\u0105 specjalnie zaprojektowane, aby dostosowa\u0107 si\u0119 do kszta\u0142tu g\u0142owy dzieci i nastolatk\u00f3w. Pomimo swojej ekstremalnej wytrzyma\u0142o\u015bci s\u0105 niezwykle lekkie, co znacznie zwi\u0119ksza bezpiecze\u0144stwo w kartingu dla dzieci i m\u0142odzie\u017cy.<\/p>\n<p>Wymagany przez CIK\/FIA dla dzieci i m\u0142odzie\u017cy do 15 roku \u017cycia - zatwierdzony dla kierowc\u00f3w do 18 roku \u017cycia. Wytrzyma\u0142a, odporna na uderzenia i niezwykle lekka skorupa kasku wykonana jest z kompozytowego laminatu karbonu, kevlaru i w\u0142\u00f3kna szklanego. Czterna\u015bcie kana\u0142owych otwor\u00f3w wentylacyjnych zapewnia doskona\u0142\u0105 wentylacj\u0119, a progresywna, komfortowa wy\u015bci\u00f3\u0142ka idealnie dopasowuje si\u0119 do g\u0142owy - bez \u017cadnych punkt\u00f3w nacisku. Rozszerzenia o r\u00f3\u017cne spojlery i dodatkowe wk\u0142adki wentylacyjne s\u0105 \u0142atwo mo\u017cliwe. W standardzie znajduje si\u0119 dwuwarstwowa os\u0142ona przeciwmgielna.<\/p>\n<p>Homologacja: SNELL CMR2016<\/p>\n<p>Kaski BELL Kart<br \/>\nW kartingu Bell by\u0142 pionierem bezpiecze\u0144stwa i innowacji jako pierwszy producent, kt\u00f3ry spe\u0142ni\u0142 standard bezpiecze\u0144stwa Snell FIA CMR dla kask\u00f3w dzieci\u0119cych wprowadzony w 2007 roku. Technicznie i wizualnie oparty na kaskach motocyklowych, ka\u017cdy kask z serii kartingowej jest wykonany r\u0119cznie przy u\u017cyciu w\u0142\u00f3kna w\u0119glowego, kevlaru i innych specjalistycznych w\u0142\u00f3kien dla maksymalnego poch\u0142aniania energii. Opr\u00f3cz najwy\u017cszego poziomu bezpiecze\u0144stwa w tej kategorii, kaski Bell Kart charakteryzuj\u0105 si\u0119 doskona\u0142\u0105 aerodynamik\u0105, wydajnym systemem wentylacji i funkcjami zapewniaj\u0105cymi komfort.<\/p>","protected":false},"excerpt":{"rendered":"<p>Kartingowa wersja topowego modelu HP7, u\u017cywanego mi\u0119dzy innymi w Formule 1, homologowana zgodnie ze standardem Snell-FIA CMH (dzieci\u0119cy kask motocyklowy). Kaski wykonane zgodnie z tym wymagaj\u0105cym...<\/p>","protected":false},"featured_media":29424,"template":"","meta":[],"product_brand":[],"product_cat":[962,21,18],"product_tag":[963,1677,964,969,965,1676,980,1728,142,1344,954,981,1675],"class_list":{"0":"post-3073","1":"product","2":"type-product","3":"status-publish","4":"has-post-thumbnail","6":"product_cat-bell","7":"product_cat-prilby","8":"product_cat-vybava-pretekara","9":"product_tag-bell","10":"product_tag-bell-helmet-kc7-cmr","11":"product_tag-bell-helmets","12":"product_tag-bell-kc7-cmr","13":"product_tag-bell-prilba","14":"product_tag-bell-prilby","15":"product_tag-bell-rs7","16":"product_tag-kart-shop","17":"product_tag-karting","18":"product_tag-karting-shop","19":"product_tag-motokar","20":"product_tag-prilba-bell-rs-k","21":"product_tag-prilby-bell","23":"first","24":"instock","25":"taxable","26":"shipping-taxable","27":"purchasable","28":"product-type-variable","29":"customify-col","30":"product-has-gallery"},"aioseo_notices":[],"_links":{"self":[{"href":"https:\/\/motokary-karting.sk\/pl\/wp-json\/wp\/v2\/product\/3073","targetHints":{"allow":["GET"]}}],"collection":[{"href":"https:\/\/motokary-karting.sk\/pl\/wp-json\/wp\/v2\/product"}],"about":[{"href":"https:\/\/motokary-karting.sk\/pl\/wp-json\/wp\/v2\/types\/product"}],"wp:featuredmedia":[{"embeddable":true,"href":"https:\/\/motokary-karting.sk\/pl\/wp-json\/wp\/v2\/media\/29424"}],"wp:attachment":[{"href":"https:\/\/motokary-karting.sk\/pl\/wp-json\/wp\/v2\/media?parent=3073"}],"wp:term":[{"taxonomy":"product_brand","embeddable":true,"href":"https:\/\/motokary-karting.sk\/pl\/wp-json\/wp\/v2\/product_brand?post=3073"},{"taxonomy":"product_cat","embeddable":true,"href":"https:\/\/motokary-karting.sk\/pl\/wp-json\/wp\/v2\/product_cat?post=3073"},{"taxonomy":"product_tag","embeddable":true,"href":"https:\/\/motokary-karting.sk\/pl\/wp-json\/wp\/v2\/product_tag?post=3073"}],"curies":[{"name":"wp","href":"https:\/\/api.w.org\/{rel}","templated":true}]}}