{"id":30752,"date":"2025-12-12T08:44:14","date_gmt":"2025-12-12T08:44:14","guid":{"rendered":"https:\/\/motokary-karting.sk\/?post_type=product&#038;p=30752"},"modified":"2026-02-11T10:58:56","modified_gmt":"2026-02-11T10:58:56","slug":"buty-alpinestars-supertech-k","status":"publish","type":"product","link":"https:\/\/motokary-karting.sk\/pl\/produkt\/alpinestars-boty-supertech-k\/","title":{"rendered":"Buty Alpinestars SuperTech K"},"content":{"rendered":"<p>Buty kartingowe Alpinestars Supertech K maj\u0105 ultralekk\u0105, w pe\u0142ni dzianinow\u0105 cholewk\u0119 zapewniaj\u0105c\u0105 idealne dopasowanie, maksymalny komfort i doskona\u0142\u0105 oddychalno\u015b\u0107.<\/p>\n<p>Formowana termicznie cz\u0119\u015b\u0107 pi\u0119ty z TPU zapewnia bezpieczne dopasowanie, a formowana podeszwa \u015brodkowa \u0142\u0105czy mi\u0119kk\u0105 amortyzacj\u0119 z maksymaln\u0105 stabilno\u015bci\u0105. Pianka z pami\u0119ci\u0105 kszta\u0142tu w pi\u0119cie redukuje wibracje i zwi\u0119ksza komfort, a ultracienka gumowa podeszwa zewn\u0119trzna inspirowana Formu\u0142\u0105 1 zapewnia precyzyjne wyczucie peda\u0142\u00f3w i optymaln\u0105 przyczepno\u015b\u0107 - nawet na mokrych lub oleistych nawierzchniach. Do\u0142\u0105czone elastyczne sznurowad\u0142a umo\u017cliwiaj\u0105 szybkie i \u0142atwe zak\u0142adanie i zdejmowanie, a tak\u017ce indywidualne dopasowanie.<\/p>","protected":false},"excerpt":{"rendered":"<p>Buty kartingowe Alpinestars Supertech K maj\u0105 ultralekk\u0105, w pe\u0142ni dzianinow\u0105 cholewk\u0119 zapewniaj\u0105c\u0105 idealne dopasowanie, maksymalny komfort i doskona\u0142\u0105 oddychalno\u015b\u0107. Formowana termicznie cz\u0119\u015b\u0107 pi\u0119ty z TPU zapewnia...<\/p>","protected":false},"featured_media":30873,"template":"","meta":[],"product_brand":[],"product_cat":[86,28,18],"product_tag":[79,3424,1581,1486,1728,142,1344,1727,940,1582,81,87],"class_list":{"0":"post-30752","1":"product","2":"type-product","3":"status-publish","4":"has-post-thumbnail","6":"product_cat-alpinestars-topanky","7":"product_cat-topanky","8":"product_cat-vybava-pretekara","9":"product_tag-alpinestars","10":"product_tag-alpinestars-supertech-k","11":"product_tag-alpinestars-topanky-na-motokary","12":"product_tag-detske-topanky-na-motokary","13":"product_tag-kart-shop","14":"product_tag-karting","15":"product_tag-karting-shop","16":"product_tag-kartingove-topanky","17":"product_tag-motokarove-topanky","18":"product_tag-motokarove-topanky-alpinestars","19":"product_tag-motokary","20":"product_tag-topanky","22":"first","23":"onbackorder","24":"taxable","25":"shipping-taxable","26":"purchasable","27":"product-type-variable","28":"customify-col","29":"product-has-gallery"},"aioseo_notices":[],"_links":{"self":[{"href":"https:\/\/motokary-karting.sk\/pl\/wp-json\/wp\/v2\/product\/30752","targetHints":{"allow":["GET"]}}],"collection":[{"href":"https:\/\/motokary-karting.sk\/pl\/wp-json\/wp\/v2\/product"}],"about":[{"href":"https:\/\/motokary-karting.sk\/pl\/wp-json\/wp\/v2\/types\/product"}],"wp:featuredmedia":[{"embeddable":true,"href":"https:\/\/motokary-karting.sk\/pl\/wp-json\/wp\/v2\/media\/30873"}],"wp:attachment":[{"href":"https:\/\/motokary-karting.sk\/pl\/wp-json\/wp\/v2\/media?parent=30752"}],"wp:term":[{"taxonomy":"product_brand","embeddable":true,"href":"https:\/\/motokary-karting.sk\/pl\/wp-json\/wp\/v2\/product_brand?post=30752"},{"taxonomy":"product_cat","embeddable":true,"href":"https:\/\/motokary-karting.sk\/pl\/wp-json\/wp\/v2\/product_cat?post=30752"},{"taxonomy":"product_tag","embeddable":true,"href":"https:\/\/motokary-karting.sk\/pl\/wp-json\/wp\/v2\/product_tag?post=30752"}],"curies":[{"name":"wp","href":"https:\/\/api.w.org\/{rel}","templated":true}]}}