{"id":30887,"date":"2025-12-12T09:24:06","date_gmt":"2025-12-12T09:24:06","guid":{"rendered":"https:\/\/motokary-karting.sk\/?post_type=product&#038;p=30887"},"modified":"2026-04-14T09:21:04","modified_gmt":"2026-04-14T09:21:04","slug":"buty-omp-szt-3-2","status":"publish","type":"product","link":"https:\/\/motokary-karting.sk\/pl\/produkt\/omp-topanky-ks-3-2\/","title":{"rendered":"Buty OMP KS-3"},"content":{"rendered":"<p>OMP KS-3 to stylowe buty gokartowe w przyst\u0119pnej cenie, wykonane z mi\u0119kkiego zamszu.<\/p>\n<p>Elegancka, wspieraj\u0105ca konstrukcja i mi\u0119kka wy\u015bci\u00f3\u0142ka zapewniaj\u0105 wygodne dopasowanie, a wy\u015bcie\u0142any j\u0119zyk z siateczkow\u0105 wstawk\u0105 zapewnia dodatkow\u0105 wentylacj\u0119. Strategicznie rozmieszczone mikroperforacje zwi\u0119kszaj\u0105 oddychalno\u015b\u0107, a elastyczne wzmocnienie pi\u0119ty zwi\u0119ksza komfort przy ka\u017cdym ruchu. Solidne wzmocnienia palc\u00f3w i pi\u0119ty zwi\u0119kszaj\u0105 trwa\u0142o\u015b\u0107 i zapewniaj\u0105 niezawodn\u0105 ochron\u0119.<\/p>","protected":false},"excerpt":{"rendered":"<p>OMP KS-3 to stylowe buty gokartowe w przyst\u0119pnej cenie, wykonane z mi\u0119kkiego zamszu. Elegancka, wspieraj\u0105ca konstrukcja i mi\u0119kka wy\u015bci\u00f3\u0142ka zapewniaj\u0105 wygodne dopasowanie, a...<\/p>","protected":false},"featured_media":31065,"template":"","meta":[],"product_brand":[],"product_cat":[92,28,18],"product_tag":[1728,142,1344,1727,235,940,81,1586,25,1826,1828,1587,1825,1076,87,1585,1827],"class_list":{"0":"post-30887","1":"product","2":"type-product","3":"status-publish","4":"has-post-thumbnail","6":"product_cat-omp-topanky","7":"product_cat-topanky","8":"product_cat-vybava-pretekara","9":"product_tag-kart-shop","10":"product_tag-karting","11":"product_tag-karting-shop","12":"product_tag-kartingove-topanky","13":"product_tag-ks-3","14":"product_tag-motokarove-topanky","15":"product_tag-motokary","16":"product_tag-obuv-na-motokaru","17":"product_tag-omp","18":"product_tag-omp-dealer","19":"product_tag-omp-ks-3","20":"product_tag-omp-motokara","21":"product_tag-omp-shop","22":"product_tag-omp-topanky","23":"product_tag-topanky","24":"product_tag-topanky-na-motokaru","25":"product_tag-topanky-omp","27":"first","28":"instock","29":"taxable","30":"shipping-taxable","31":"purchasable","32":"product-type-variable","33":"customify-col","34":"product-has-gallery"},"aioseo_notices":[],"_links":{"self":[{"href":"https:\/\/motokary-karting.sk\/pl\/wp-json\/wp\/v2\/product\/30887","targetHints":{"allow":["GET"]}}],"collection":[{"href":"https:\/\/motokary-karting.sk\/pl\/wp-json\/wp\/v2\/product"}],"about":[{"href":"https:\/\/motokary-karting.sk\/pl\/wp-json\/wp\/v2\/types\/product"}],"wp:featuredmedia":[{"embeddable":true,"href":"https:\/\/motokary-karting.sk\/pl\/wp-json\/wp\/v2\/media\/31065"}],"wp:attachment":[{"href":"https:\/\/motokary-karting.sk\/pl\/wp-json\/wp\/v2\/media?parent=30887"}],"wp:term":[{"taxonomy":"product_brand","embeddable":true,"href":"https:\/\/motokary-karting.sk\/pl\/wp-json\/wp\/v2\/product_brand?post=30887"},{"taxonomy":"product_cat","embeddable":true,"href":"https:\/\/motokary-karting.sk\/pl\/wp-json\/wp\/v2\/product_cat?post=30887"},{"taxonomy":"product_tag","embeddable":true,"href":"https:\/\/motokary-karting.sk\/pl\/wp-json\/wp\/v2\/product_tag?post=30887"}],"curies":[{"name":"wp","href":"https:\/\/api.w.org\/{rel}","templated":true}]}}