{"id":31075,"date":"2025-12-12T09:48:50","date_gmt":"2025-12-12T09:48:50","guid":{"rendered":"https:\/\/motokary-karting.sk\/?post_type=product&#038;p=31075"},"modified":"2026-04-11T16:46:57","modified_gmt":"2026-04-11T16:46:57","slug":"buty-omp-2x-fia","status":"publish","type":"product","link":"https:\/\/motokary-karting.sk\/pl\/produkt\/omp-topanky-ks-2x-fia\/","title":{"rendered":"Buty OMP KS-2X"},"content":{"rendered":"<p>OMP KS-2X to sportowe, wysokiej jako\u015bci buty kartingowe wykonane z lekkiej, bardzo wytrzyma\u0142ej cholewki. Wygodna, mi\u0119kka wy\u015bci\u00f3\u0142ka i cienki j\u0119zyk z siateczkow\u0105 wk\u0142adk\u0105 zapewniaj\u0105 optymaln\u0105 reakcj\u0119 i doskona\u0142\u0105 wentylacj\u0119. Strategicznie rozmieszczone mikroperforacje dodatkowo zwi\u0119kszaj\u0105 oddychalno\u015b\u0107, a elastyczny mieszek pi\u0119ty zwi\u0119ksza komfort.<\/p>\n<p>Wzmocnienia na palcach i pi\u0119cie zapewniaj\u0105 dodatkow\u0105 ochron\u0119, a wewn\u0119trznie poprowadzony rzep na kostce zapobiega zaczepianiu si\u0119 w krytycznych miejscach. Dwukolorowa podeszwa zewn\u0119trzna, opracowana specjalnie dla kartingu, maksymalizuje wydajno\u015b\u0107 jazdy i jest dost\u0119pna w kilku opcjach kolorystycznych.<\/p>\n<p>Zatwierdzony zgodnie z najnowszym standardem FIA 8877-2022 dla gokart\u00f3w.<\/p>","protected":false},"excerpt":{"rendered":"<p>OMP KS-2X to sportowe, wysokiej jako\u015bci buty kartingowe wykonane z lekkiej, bardzo wytrzyma\u0142ej cholewki. Wygodna, mi\u0119kka wy\u015bci\u00f3\u0142ka i cienki j\u0119zyk z siateczkow\u0105 wk\u0142adk\u0105 zapewniaj\u0105 optymalne...<\/p>","protected":false},"featured_media":31344,"template":"","meta":[],"product_brand":[],"product_cat":[92,28,18],"product_tag":[1728,142,1344,1727,940,81,1586,25,1826,3426,1587,1825,1076,3425,87,1585,1827],"class_list":{"0":"post-31075","1":"product","2":"type-product","3":"status-publish","4":"has-post-thumbnail","6":"product_cat-omp-topanky","7":"product_cat-topanky","8":"product_cat-vybava-pretekara","9":"product_tag-kart-shop","10":"product_tag-karting","11":"product_tag-karting-shop","12":"product_tag-kartingove-topanky","13":"product_tag-motokarove-topanky","14":"product_tag-motokary","15":"product_tag-obuv-na-motokaru","16":"product_tag-omp","17":"product_tag-omp-dealer","18":"product_tag-omp-ks-2x","19":"product_tag-omp-motokara","20":"product_tag-omp-shop","21":"product_tag-omp-topanky","22":"product_tag-omp-topanky-ks2x","23":"product_tag-topanky","24":"product_tag-topanky-na-motokaru","25":"product_tag-topanky-omp","27":"first","28":"instock","29":"taxable","30":"shipping-taxable","31":"purchasable","32":"product-type-variable","33":"customify-col","34":"product-has-gallery"},"aioseo_notices":[],"_links":{"self":[{"href":"https:\/\/motokary-karting.sk\/pl\/wp-json\/wp\/v2\/product\/31075","targetHints":{"allow":["GET"]}}],"collection":[{"href":"https:\/\/motokary-karting.sk\/pl\/wp-json\/wp\/v2\/product"}],"about":[{"href":"https:\/\/motokary-karting.sk\/pl\/wp-json\/wp\/v2\/types\/product"}],"wp:featuredmedia":[{"embeddable":true,"href":"https:\/\/motokary-karting.sk\/pl\/wp-json\/wp\/v2\/media\/31344"}],"wp:attachment":[{"href":"https:\/\/motokary-karting.sk\/pl\/wp-json\/wp\/v2\/media?parent=31075"}],"wp:term":[{"taxonomy":"product_brand","embeddable":true,"href":"https:\/\/motokary-karting.sk\/pl\/wp-json\/wp\/v2\/product_brand?post=31075"},{"taxonomy":"product_cat","embeddable":true,"href":"https:\/\/motokary-karting.sk\/pl\/wp-json\/wp\/v2\/product_cat?post=31075"},{"taxonomy":"product_tag","embeddable":true,"href":"https:\/\/motokary-karting.sk\/pl\/wp-json\/wp\/v2\/product_tag?post=31075"}],"curies":[{"name":"wp","href":"https:\/\/api.w.org\/{rel}","templated":true}]}}