{"id":31366,"date":"2025-12-12T12:28:34","date_gmt":"2025-12-12T12:28:34","guid":{"rendered":"https:\/\/motokary-karting.sk\/?post_type=product&#038;p=31366"},"modified":"2026-01-26T15:16:03","modified_gmt":"2026-01-26T15:16:03","slug":"buty-do-chodzenia-po-szosie-sparco","status":"publish","type":"product","link":"https:\/\/motokary-karting.sk\/pl\/produkt\/sparco-vychadzkova-obuv-s-road\/","title":{"rendered":"Buty do chodzenia SPARCO S-Road"},"content":{"rendered":"<p>Sneakersy Sparco S-ROAD s\u0105 inspirowane kultowymi butami do biegania z lat 80. i \u0142\u0105cz\u0105 retro design z nowoczesnym komfortem. Widoczne szwy, elastyczna zamszowa cholewka i mikro klamra na pi\u0119cie nadaj\u0105 im klasyczny wygl\u0105d do biegania, a oddychaj\u0105ca siateczka i nowa wygodna wk\u0142adka zapewniaj\u0105 uczucie \u015bwie\u017co\u015bci. Amortyzowana podeszwa \u015brodkowa EVA z miseczk\u0105 na pi\u0119t\u0119 zapewnia najwy\u017cszy komfort - idealny do stylowego wygl\u0105du na bie\u017cni i w czasie wolnym.<\/p>","protected":false},"excerpt":{"rendered":"<p>Sneakersy Sparco S-ROAD s\u0105 inspirowane kultowymi butami do biegania z lat 80. i \u0142\u0105cz\u0105 retro design z nowoczesnym komfortem. Widoczne szwy, elastyczna zamszowa cholewka i...<\/p>","protected":false},"featured_media":31430,"template":"","meta":[],"product_brand":[],"product_cat":[32,1458,1066],"product_tag":[142,1421,1423,81,1073,945,26,1420,1068,1069,1067,1070,941,1071,1424,1072],"class_list":{"0":"post-31366","1":"product","2":"type-product","3":"status-publish","4":"has-post-thumbnail","6":"product_cat-lifestyle-oblecenie-a-produkty-na-volny-cas","7":"product_cat-martini-racing","8":"product_cat-tenisky-a-topanky","9":"product_tag-karting","10":"product_tag-martini-racing","11":"product_tag-martini-racing-colection","12":"product_tag-motokary","13":"product_tag-panske-tenisky","14":"product_tag-predajna-sparco","15":"product_tag-sparco","16":"product_tag-sparco-martini-racing","17":"product_tag-sparco-sl-17","18":"product_tag-sparco-sl17","19":"product_tag-sparco-tenisky","20":"product_tag-sparco-tenisky-sl-17","21":"product_tag-sparco-topanky","22":"product_tag-sparco-vychadzkova-obuv","23":"product_tag-sparco-vychadzkova-obuv-sl-17-martini-racing","24":"product_tag-tenisky","26":"first","27":"onbackorder","28":"taxable","29":"shipping-taxable","30":"purchasable","31":"product-type-variable","32":"customify-col","33":"product-has-gallery"},"aioseo_notices":[],"_links":{"self":[{"href":"https:\/\/motokary-karting.sk\/pl\/wp-json\/wp\/v2\/product\/31366","targetHints":{"allow":["GET"]}}],"collection":[{"href":"https:\/\/motokary-karting.sk\/pl\/wp-json\/wp\/v2\/product"}],"about":[{"href":"https:\/\/motokary-karting.sk\/pl\/wp-json\/wp\/v2\/types\/product"}],"wp:featuredmedia":[{"embeddable":true,"href":"https:\/\/motokary-karting.sk\/pl\/wp-json\/wp\/v2\/media\/31430"}],"wp:attachment":[{"href":"https:\/\/motokary-karting.sk\/pl\/wp-json\/wp\/v2\/media?parent=31366"}],"wp:term":[{"taxonomy":"product_brand","embeddable":true,"href":"https:\/\/motokary-karting.sk\/pl\/wp-json\/wp\/v2\/product_brand?post=31366"},{"taxonomy":"product_cat","embeddable":true,"href":"https:\/\/motokary-karting.sk\/pl\/wp-json\/wp\/v2\/product_cat?post=31366"},{"taxonomy":"product_tag","embeddable":true,"href":"https:\/\/motokary-karting.sk\/pl\/wp-json\/wp\/v2\/product_tag?post=31366"}],"curies":[{"name":"wp","href":"https:\/\/api.w.org\/{rel}","templated":true}]}}