{"id":31559,"date":"2025-12-19T13:55:38","date_gmt":"2025-12-19T13:55:38","guid":{"rendered":"https:\/\/motokary-karting.sk\/?post_type=product&#038;p=31559"},"modified":"2026-02-11T10:19:22","modified_gmt":"2026-02-11T10:19:22","slug":"stilo-rib-guard-fia-carbon-curva-tek","status":"publish","type":"product","link":"https:\/\/motokary-karting.sk\/pl\/produkt\/stilo-rebrovy-chranic-fia-carbon-curva-tek\/","title":{"rendered":"Ochraniacz \u017ceber Stilo FIA Carbon Curva TEK"},"content":{"rendered":"<p>Carbon Curva Tek to ultralekka kamizelka ochronna od Stilo, opracowana i homologowana zgodnie z najnowszym standardem bezpiecze\u0144stwa FIA 8870-2018.<\/p>\n<p>Dzi\u0119ki opatentowanej technologii Stilo, zewn\u0119trzna pow\u0142oka z w\u0142\u00f3kna w\u0119glowego jest zar\u00f3wno wyj\u0105tkowo odporna na uderzenia, jak i super elastyczna, zapewniaj\u0105c optymalne po\u0142\u0105czenie ochrony i swobody ruch\u00f3w. Opr\u00f3cz standardowych ochraniaczy bocznych, zintegrowano dodatkowy ochraniacz klatki piersiowej, aby chroni\u0107 mostek zgodnie z wymogami normy FIA.<\/p>\n<p>Indywidualna regulacja jest mo\u017cliwa dzi\u0119ki zapi\u0119ciom na rzepy na ramionach i klatce piersiowej.<\/p>\n<p>NASZA WSKAZ\u00d3WKA: Aby zapewni\u0107 optymaln\u0105 wydajno\u015b\u0107 i d\u0142ug\u0105 \u017cywotno\u015b\u0107 kamizelki ochronnej, zalecamy noszenie jej pod kombinezonem wy\u015bcigowym!<\/p>","protected":false},"excerpt":{"rendered":"<p>Carbon Curva Tek to ultralekka kamizelka ochronna od Stilo, opracowana i homologowana zgodnie z najnowszym standardem bezpiecze\u0144stwa FIA 8870-2018. Dzi\u0119ki technologii opatentowanej przez Stilo,...<\/p>","protected":false},"featured_media":31567,"template":"","meta":[],"product_brand":[],"product_cat":[88,18],"product_tag":[142,1344,81,720,3254,1285,1203,3257,89,1590,3258,3255,3256],"class_list":{"0":"post-31559","1":"product","2":"type-product","3":"status-publish","4":"has-post-thumbnail","6":"product_cat-ochrana-rebier","7":"product_cat-vybava-pretekara","8":"product_tag-karting","9":"product_tag-karting-shop","10":"product_tag-motokary","11":"product_tag-ochrana-rebier","12":"product_tag-ochrana-rebier-stilo","13":"product_tag-rebrovy-chranic-alpinestars","14":"product_tag-rebrovy-chranic-na-motokary","15":"product_tag-rebrovy-chranic-stilo","16":"product_tag-rebrovychranic","17":"product_tag-stilo","18":"product_tag-stilo-carbon-rebrovy-chranic","19":"product_tag-stilo-chranic-rebier","20":"product_tag-stilo-rebrovy-chranic","22":"first","23":"onbackorder","24":"taxable","25":"shipping-taxable","26":"purchasable","27":"product-type-variable","28":"customify-col","29":"product-has-gallery"},"aioseo_notices":[],"_links":{"self":[{"href":"https:\/\/motokary-karting.sk\/pl\/wp-json\/wp\/v2\/product\/31559","targetHints":{"allow":["GET"]}}],"collection":[{"href":"https:\/\/motokary-karting.sk\/pl\/wp-json\/wp\/v2\/product"}],"about":[{"href":"https:\/\/motokary-karting.sk\/pl\/wp-json\/wp\/v2\/types\/product"}],"wp:featuredmedia":[{"embeddable":true,"href":"https:\/\/motokary-karting.sk\/pl\/wp-json\/wp\/v2\/media\/31567"}],"wp:attachment":[{"href":"https:\/\/motokary-karting.sk\/pl\/wp-json\/wp\/v2\/media?parent=31559"}],"wp:term":[{"taxonomy":"product_brand","embeddable":true,"href":"https:\/\/motokary-karting.sk\/pl\/wp-json\/wp\/v2\/product_brand?post=31559"},{"taxonomy":"product_cat","embeddable":true,"href":"https:\/\/motokary-karting.sk\/pl\/wp-json\/wp\/v2\/product_cat?post=31559"},{"taxonomy":"product_tag","embeddable":true,"href":"https:\/\/motokary-karting.sk\/pl\/wp-json\/wp\/v2\/product_tag?post=31559"}],"curies":[{"name":"wp","href":"https:\/\/api.w.org\/{rel}","templated":true}]}}