{"id":31755,"date":"2026-01-19T16:49:25","date_gmt":"2026-01-19T16:49:25","guid":{"rendered":"https:\/\/motokary-karting.sk\/?post_type=product&#038;p=31755"},"modified":"2026-01-19T17:03:53","modified_gmt":"2026-01-19T17:03:53","slug":"zestaw-4-tarcz-magnezowych-przod-115-mm-tyl-143-mm","status":"publish","type":"product","link":"https:\/\/motokary-karting.sk\/pl\/produkt\/sada-4ks-disky-magnezium-predne-115mm-zadne-143mm\/","title":{"rendered":"ZESTAW 4 tarcz magnezowych prz\u00f3d 115 mm + ty\u0142 143 mm"},"content":{"rendered":"<p>Profesjonalny produkt in\u017cynieryjny przeznaczony do wy\u015bcig\u00f3w<\/p>","protected":false},"excerpt":{"rendered":"<p>Profesjonalny produkt in\u017cynieryjny przeznaczony do wy\u015bcig\u00f3w<\/p>","protected":false},"featured_media":31757,"template":"","meta":[],"product_brand":[],"product_cat":[209,271,3427],"product_tag":[210,211,1467,142,1344,1468,81,2072,2073],"class_list":{"0":"post-31755","1":"product","2":"type-product","3":"status-publish","4":"has-post-thumbnail","6":"product_cat-disky-prislusenstvo","7":"product_cat-nahradne-diely-na-podvozky","8":"product_cat-sady-4ks","9":"product_tag-disk","10":"product_tag-disk-predny","11":"product_tag-hlinikovy-disk-na-motokaru","12":"product_tag-karting","13":"product_tag-karting-shop","14":"product_tag-motokarove-disky","15":"product_tag-motokary","16":"product_tag-predne-disky-125cc","17":"product_tag-predny-disk-kz","19":"first","20":"onbackorder","21":"taxable","22":"shipping-taxable","23":"purchasable","24":"product-type-simple","25":"customify-col"},"aioseo_notices":[],"_links":{"self":[{"href":"https:\/\/motokary-karting.sk\/pl\/wp-json\/wp\/v2\/product\/31755","targetHints":{"allow":["GET"]}}],"collection":[{"href":"https:\/\/motokary-karting.sk\/pl\/wp-json\/wp\/v2\/product"}],"about":[{"href":"https:\/\/motokary-karting.sk\/pl\/wp-json\/wp\/v2\/types\/product"}],"wp:featuredmedia":[{"embeddable":true,"href":"https:\/\/motokary-karting.sk\/pl\/wp-json\/wp\/v2\/media\/31757"}],"wp:attachment":[{"href":"https:\/\/motokary-karting.sk\/pl\/wp-json\/wp\/v2\/media?parent=31755"}],"wp:term":[{"taxonomy":"product_brand","embeddable":true,"href":"https:\/\/motokary-karting.sk\/pl\/wp-json\/wp\/v2\/product_brand?post=31755"},{"taxonomy":"product_cat","embeddable":true,"href":"https:\/\/motokary-karting.sk\/pl\/wp-json\/wp\/v2\/product_cat?post=31755"},{"taxonomy":"product_tag","embeddable":true,"href":"https:\/\/motokary-karting.sk\/pl\/wp-json\/wp\/v2\/product_tag?post=31755"}],"curies":[{"name":"wp","href":"https:\/\/api.w.org\/{rel}","templated":true}]}}