{"id":31766,"date":"2026-01-19T17:14:10","date_gmt":"2026-01-19T17:14:10","guid":{"rendered":"https:\/\/motokary-karting.sk\/?post_type=product&#038;p=31766"},"modified":"2026-02-03T09:10:33","modified_gmt":"2026-02-03T09:10:33","slug":"zestaw-2-sztuk-tarcz-magnezowych-przod-130mm-model-mxc","status":"publish","type":"product","link":"https:\/\/motokary-karting.sk\/pl\/produkt\/sada-2ks-disky-magnezium-predne-130mm-model-mxc\/","title":{"rendered":"Zestaw 2 tarcz magnezowych prz\u00f3d 130mm - model MXC"},"content":{"rendered":"<p>Profesjonalny produkt in\u017cynieryjny przeznaczony do wy\u015bcig\u00f3w<\/p>\n<p>Dostarczany ze \u015brubami blokuj\u0105cymi i zaworem<\/p>","protected":false},"excerpt":{"rendered":"<p>Profesjonalny produkt in\u017cynieryjny przeznaczony do wy\u015bcig\u00f3w Dostarczany ze \u015brubami blokuj\u0105cymi i zaworem<\/p>","protected":false},"featured_media":31767,"template":"","meta":[],"product_brand":[],"product_cat":[209,271,1464],"product_tag":[210,211,1467,142,1344,1468,81,2072,2073],"class_list":{"0":"post-31766","1":"product","2":"type-product","3":"status-publish","4":"has-post-thumbnail","6":"product_cat-disky-prislusenstvo","7":"product_cat-nahradne-diely-na-podvozky","8":"product_cat-predne","9":"product_tag-disk","10":"product_tag-disk-predny","11":"product_tag-hlinikovy-disk-na-motokaru","12":"product_tag-karting","13":"product_tag-karting-shop","14":"product_tag-motokarove-disky","15":"product_tag-motokary","16":"product_tag-predne-disky-125cc","17":"product_tag-predny-disk-kz","19":"first","20":"onbackorder","21":"taxable","22":"shipping-taxable","23":"purchasable","24":"product-type-simple","25":"customify-col"},"aioseo_notices":[],"_links":{"self":[{"href":"https:\/\/motokary-karting.sk\/pl\/wp-json\/wp\/v2\/product\/31766","targetHints":{"allow":["GET"]}}],"collection":[{"href":"https:\/\/motokary-karting.sk\/pl\/wp-json\/wp\/v2\/product"}],"about":[{"href":"https:\/\/motokary-karting.sk\/pl\/wp-json\/wp\/v2\/types\/product"}],"wp:featuredmedia":[{"embeddable":true,"href":"https:\/\/motokary-karting.sk\/pl\/wp-json\/wp\/v2\/media\/31767"}],"wp:attachment":[{"href":"https:\/\/motokary-karting.sk\/pl\/wp-json\/wp\/v2\/media?parent=31766"}],"wp:term":[{"taxonomy":"product_brand","embeddable":true,"href":"https:\/\/motokary-karting.sk\/pl\/wp-json\/wp\/v2\/product_brand?post=31766"},{"taxonomy":"product_cat","embeddable":true,"href":"https:\/\/motokary-karting.sk\/pl\/wp-json\/wp\/v2\/product_cat?post=31766"},{"taxonomy":"product_tag","embeddable":true,"href":"https:\/\/motokary-karting.sk\/pl\/wp-json\/wp\/v2\/product_tag?post=31766"}],"curies":[{"name":"wp","href":"https:\/\/api.w.org\/{rel}","templated":true}]}}