{"id":31800,"date":"2026-01-20T18:03:00","date_gmt":"2026-01-20T18:03:00","guid":{"rendered":"https:\/\/motokary-karting.sk\/?post_type=product&#038;p=31800"},"modified":"2026-01-28T16:14:40","modified_gmt":"2026-01-28T16:14:40","slug":"kask-sparco-x-pro-martini-racing-2","status":"publish","type":"product","link":"https:\/\/motokary-karting.sk\/pl\/produkt\/sparco-prilba-x-pro-martini-racing-2\/","title":{"rendered":"Kask Sparco X-Pro MARTINI RACING"},"content":{"rendered":"<p>Wszechstronny model odpowiedni dla pocz\u0105tkuj\u0105cych ze zintegrowanym systemem wentylacji. Du\u017ce pole widzenia dla lepszej widoczno\u015bci i orientacji w ka\u017cdej sytuacji.<\/p>","protected":false},"excerpt":{"rendered":"<p>Wszechstronny model odpowiedni dla pocz\u0105tkuj\u0105cych ze zintegrowanym systemem wentylacji. Du\u017ce pole widzenia dla lepszej widoczno\u015bci i orientacji w ka\u017cdej sytuacji.<\/p>","protected":false},"featured_media":31787,"template":"","meta":[],"product_brand":[],"product_cat":[21,986,18],"product_tag":[142,1344,984,81,985,987,3303,26,988,3302,3304],"class_list":{"0":"post-31800","1":"product","2":"type-product","3":"status-publish","4":"has-post-thumbnail","6":"product_cat-prilby","7":"product_cat-sparco-prilby","8":"product_cat-vybava-pretekara","9":"product_tag-karting","10":"product_tag-karting-shop","11":"product_tag-motokarova-prilba","12":"product_tag-motokary","13":"product_tag-prilba-na-motokary","14":"product_tag-prilba-sparco","15":"product_tag-prilba-sparcox-pro","16":"product_tag-sparco","17":"product_tag-sparco-prilba","18":"product_tag-sparco-x-pro","19":"product_tag-sparco-x-pro-prilba","21":"first","22":"onbackorder","23":"taxable","24":"shipping-taxable","25":"purchasable","26":"product-type-variable","27":"customify-col","28":"product-has-gallery"},"aioseo_notices":[],"_links":{"self":[{"href":"https:\/\/motokary-karting.sk\/pl\/wp-json\/wp\/v2\/product\/31800","targetHints":{"allow":["GET"]}}],"collection":[{"href":"https:\/\/motokary-karting.sk\/pl\/wp-json\/wp\/v2\/product"}],"about":[{"href":"https:\/\/motokary-karting.sk\/pl\/wp-json\/wp\/v2\/types\/product"}],"wp:featuredmedia":[{"embeddable":true,"href":"https:\/\/motokary-karting.sk\/pl\/wp-json\/wp\/v2\/media\/31787"}],"wp:attachment":[{"href":"https:\/\/motokary-karting.sk\/pl\/wp-json\/wp\/v2\/media?parent=31800"}],"wp:term":[{"taxonomy":"product_brand","embeddable":true,"href":"https:\/\/motokary-karting.sk\/pl\/wp-json\/wp\/v2\/product_brand?post=31800"},{"taxonomy":"product_cat","embeddable":true,"href":"https:\/\/motokary-karting.sk\/pl\/wp-json\/wp\/v2\/product_cat?post=31800"},{"taxonomy":"product_tag","embeddable":true,"href":"https:\/\/motokary-karting.sk\/pl\/wp-json\/wp\/v2\/product_tag?post=31800"}],"curies":[{"name":"wp","href":"https:\/\/api.w.org\/{rel}","templated":true}]}}