{"id":31868,"date":"2026-01-21T13:18:54","date_gmt":"2026-01-21T13:18:54","guid":{"rendered":"https:\/\/motokary-karting.sk\/?post_type=product&#038;p=31868"},"modified":"2026-01-28T18:58:42","modified_gmt":"2026-01-28T18:58:42","slug":"spodnie-ochronne-omp-shield","status":"publish","type":"product","link":"https:\/\/motokary-karting.sk\/pl\/produkt\/omp-ochranne-nohavice-ks-shield\/","title":{"rendered":"Spodnie ochronne OMP KS Shield"},"content":{"rendered":"<p>Doskona\u0142e spodnie ochronne OMP dla pocz\u0105tkuj\u0105cych, odpowiednie r\u00f3wnie\u017c dla ambitnych rider\u00f3w.<\/p>\n<p>Elastyczna i amortyzuj\u0105ca pianka.<\/p>\n<p>Materia\u0142 zewn\u0119trzny: 100 poliester %.<\/p>","protected":false},"excerpt":{"rendered":"<p>Doskona\u0142e spodnie ochronne OMP dla pocz\u0105tkuj\u0105cych, odpowiednie r\u00f3wnie\u017c dla ambitnych rider\u00f3w. Elastyczna i amortyzuj\u0105ca pianka. Materia\u0142 zewn\u0119trzny: 100 poliester %.<\/p>","protected":false},"featured_media":31881,"template":"","meta":[],"product_brand":[],"product_cat":[2693,88,18],"product_tag":[1243,721,1728,142,1344,2049,81,1030],"class_list":{"0":"post-31868","1":"product","2":"type-product","3":"status-publish","4":"has-post-thumbnail","6":"product_cat-chranice-kolien-a-laktov","7":"product_cat-ochrana-rebier","8":"product_cat-vybava-pretekara","9":"product_tag-chranic-na-rebra","10":"product_tag-chranic-rebier","11":"product_tag-kart-shop","12":"product_tag-karting","13":"product_tag-karting-shop","14":"product_tag-motokarovy-chranic-rebeier","15":"product_tag-motokary","16":"product_tag-rebrovy-chranic","18":"first","19":"onbackorder","20":"taxable","21":"shipping-taxable","22":"purchasable","23":"product-type-variable","24":"customify-col"},"aioseo_notices":[],"_links":{"self":[{"href":"https:\/\/motokary-karting.sk\/pl\/wp-json\/wp\/v2\/product\/31868","targetHints":{"allow":["GET"]}}],"collection":[{"href":"https:\/\/motokary-karting.sk\/pl\/wp-json\/wp\/v2\/product"}],"about":[{"href":"https:\/\/motokary-karting.sk\/pl\/wp-json\/wp\/v2\/types\/product"}],"wp:featuredmedia":[{"embeddable":true,"href":"https:\/\/motokary-karting.sk\/pl\/wp-json\/wp\/v2\/media\/31881"}],"wp:attachment":[{"href":"https:\/\/motokary-karting.sk\/pl\/wp-json\/wp\/v2\/media?parent=31868"}],"wp:term":[{"taxonomy":"product_brand","embeddable":true,"href":"https:\/\/motokary-karting.sk\/pl\/wp-json\/wp\/v2\/product_brand?post=31868"},{"taxonomy":"product_cat","embeddable":true,"href":"https:\/\/motokary-karting.sk\/pl\/wp-json\/wp\/v2\/product_cat?post=31868"},{"taxonomy":"product_tag","embeddable":true,"href":"https:\/\/motokary-karting.sk\/pl\/wp-json\/wp\/v2\/product_tag?post=31868"}],"curies":[{"name":"wp","href":"https:\/\/api.w.org\/{rel}","templated":true}]}}