{"id":31884,"date":"2026-01-21T13:41:34","date_gmt":"2026-01-21T13:41:34","guid":{"rendered":"https:\/\/motokary-karting.sk\/?post_type=product&#038;p=31884"},"modified":"2026-02-11T12:14:07","modified_gmt":"2026-02-11T12:14:07","slug":"ochraniacz-zeber-omp-oslona-szt","status":"publish","type":"product","link":"https:\/\/motokary-karting.sk\/pl\/produkt\/omp-rebrovy-chranic-ks-shield\/","title":{"rendered":"Ochraniacz \u017ceber OMP KS Shield"},"content":{"rendered":"<p>Doskona\u0142a kamizelka ochronna OMP dla pocz\u0105tkuj\u0105cych, odpowiednia r\u00f3wnie\u017c dla ambitnych rider\u00f3w.<\/p>\n<p>Elastyczna i amortyzuj\u0105ca pianka.<\/p>\n<p>Materia\u0142 zewn\u0119trzny: 100 poliester %.<\/p>","protected":false},"excerpt":{"rendered":"<p>Doskona\u0142a kamizelka ochronna OMP dla pocz\u0105tkuj\u0105cych, odpowiednia r\u00f3wnie\u017c dla ambitnych rider\u00f3w. Elastyczna i poch\u0142aniaj\u0105ca wstrz\u0105sy pianka. Materia\u0142 zewn\u0119trzny: 100 poliester %.<\/p>","protected":false},"featured_media":31892,"template":"","meta":[],"product_brand":[],"product_cat":[88,18],"product_tag":[1243,721,1244,1728,142,1344,2049,81,3430,1030],"class_list":{"0":"post-31884","1":"product","2":"type-product","3":"status-publish","4":"has-post-thumbnail","6":"product_cat-ochrana-rebier","7":"product_cat-vybava-pretekara","8":"product_tag-chranic-na-rebra","9":"product_tag-chranic-rebier","10":"product_tag-chranic-rebier-na-motokary","11":"product_tag-kart-shop","12":"product_tag-karting","13":"product_tag-karting-shop","14":"product_tag-motokarovy-chranic-rebeier","15":"product_tag-motokary","16":"product_tag-omp-chranic-rebier","17":"product_tag-rebrovy-chranic","19":"first","20":"onbackorder","21":"taxable","22":"shipping-taxable","23":"purchasable","24":"product-type-variable","25":"customify-col"},"aioseo_notices":[],"_links":{"self":[{"href":"https:\/\/motokary-karting.sk\/pl\/wp-json\/wp\/v2\/product\/31884","targetHints":{"allow":["GET"]}}],"collection":[{"href":"https:\/\/motokary-karting.sk\/pl\/wp-json\/wp\/v2\/product"}],"about":[{"href":"https:\/\/motokary-karting.sk\/pl\/wp-json\/wp\/v2\/types\/product"}],"wp:featuredmedia":[{"embeddable":true,"href":"https:\/\/motokary-karting.sk\/pl\/wp-json\/wp\/v2\/media\/31892"}],"wp:attachment":[{"href":"https:\/\/motokary-karting.sk\/pl\/wp-json\/wp\/v2\/media?parent=31884"}],"wp:term":[{"taxonomy":"product_brand","embeddable":true,"href":"https:\/\/motokary-karting.sk\/pl\/wp-json\/wp\/v2\/product_brand?post=31884"},{"taxonomy":"product_cat","embeddable":true,"href":"https:\/\/motokary-karting.sk\/pl\/wp-json\/wp\/v2\/product_cat?post=31884"},{"taxonomy":"product_tag","embeddable":true,"href":"https:\/\/motokary-karting.sk\/pl\/wp-json\/wp\/v2\/product_tag?post=31884"}],"curies":[{"name":"wp","href":"https:\/\/api.w.org\/{rel}","templated":true}]}}