{"id":31963,"date":"2026-01-21T15:15:35","date_gmt":"2026-01-21T15:15:35","guid":{"rendered":"https:\/\/motokary-karting.sk\/?post_type=product&#038;p=31963"},"modified":"2026-03-05T05:47:56","modified_gmt":"2026-03-05T05:47:56","slug":"siedzisko-jecko-white-soft","status":"publish","type":"product","link":"https:\/\/motokary-karting.sk\/pl\/produkt\/sedadlo-jecko-white-soft\/","title":{"rendered":"Siedzisko JECKO White Soft"},"content":{"rendered":"<p>Skorzystaj z tabeli rozmiar\u00f3w w galerii zdj\u0119\u0107.<\/p>\n<p>&nbsp;<\/p>\n<p>Fotele wy\u015bcigowe Jecko stanowi\u0105 awangardowy produkt w \u015bwiecie kartingu, zar\u00f3wno pod wzgl\u0119dem technologii, jak i wzornictwa.<\/p>\n<p>Zamkni\u0119cie kraw\u0119dzi tworzy struktur\u0119, kt\u00f3ra poprawia wygl\u0105d gokarta, podczas gdy sztywno\u015b\u0107 generuje redukcj\u0119 wibracji, optymalizuj\u0105c komfort i bezpiecze\u0144stwo kierowcy. Specjalny kszta\u0142t siode\u0142ka zosta\u0142 osi\u0105gni\u0119ty po dok\u0142adnym przestudiowaniu ergonomii i wysokiego poziomu napr\u0119\u017ce\u0144 pochodz\u0105cych z nowoczesnego kartingu.<\/p>\n<p>Za\u0142\u0105czona tabela rozmiar\u00f3w<\/p>","protected":false},"excerpt":{"rendered":"<p>Skorzystaj z tabeli rozmiar\u00f3w w galerii zdj\u0119\u0107.   Fotele wy\u015bcigowe Jecko to awangardowy produkt w \u015bwiecie kartingu, zar\u00f3wno pod wzgl\u0119dem technologicznym, jak i...<\/p>","protected":false},"featured_media":33188,"template":"","meta":[],"product_brand":[],"product_cat":[2159,279],"product_tag":[2160,2161,2162,2164,2166,2069,142,2070,1344,1250,81,2071,177,1248,2163,176,1249,2165,1390,277,278],"class_list":{"0":"post-31963","1":"product","2":"type-product","3":"status-publish","4":"has-post-thumbnail","6":"product_cat-jecko","7":"product_cat-sedadla-prislusenstvo","8":"product_tag-jecko","9":"product_tag-jecko-seat","10":"product_tag-jecko-seats","11":"product_tag-jecko-sedacky","12":"product_tag-jecko-sedadlo","13":"product_tag-kart-seat","14":"product_tag-karting","15":"product_tag-karting-seat","16":"product_tag-karting-shop","17":"product_tag-motokarove-sedadlo","18":"product_tag-motokary","19":"product_tag-seat-kart","20":"product_tag-sedacka","21":"product_tag-sedacka-na-motokaru","22":"product_tag-sedacky-jecko","23":"product_tag-sedadlo","24":"product_tag-sedadlo-do-motokary","25":"product_tag-sedadlo-jecko","26":"product_tag-sedadlo-na-motokaru","27":"product_tag-xseat","28":"product_tag-xseats","30":"first","31":"instock","32":"taxable","33":"shipping-taxable","34":"purchasable","35":"product-type-variable","36":"customify-col","37":"product-has-gallery"},"aioseo_notices":[],"_links":{"self":[{"href":"https:\/\/motokary-karting.sk\/pl\/wp-json\/wp\/v2\/product\/31963","targetHints":{"allow":["GET"]}}],"collection":[{"href":"https:\/\/motokary-karting.sk\/pl\/wp-json\/wp\/v2\/product"}],"about":[{"href":"https:\/\/motokary-karting.sk\/pl\/wp-json\/wp\/v2\/types\/product"}],"wp:featuredmedia":[{"embeddable":true,"href":"https:\/\/motokary-karting.sk\/pl\/wp-json\/wp\/v2\/media\/33188"}],"wp:attachment":[{"href":"https:\/\/motokary-karting.sk\/pl\/wp-json\/wp\/v2\/media?parent=31963"}],"wp:term":[{"taxonomy":"product_brand","embeddable":true,"href":"https:\/\/motokary-karting.sk\/pl\/wp-json\/wp\/v2\/product_brand?post=31963"},{"taxonomy":"product_cat","embeddable":true,"href":"https:\/\/motokary-karting.sk\/pl\/wp-json\/wp\/v2\/product_cat?post=31963"},{"taxonomy":"product_tag","embeddable":true,"href":"https:\/\/motokary-karting.sk\/pl\/wp-json\/wp\/v2\/product_tag?post=31963"}],"curies":[{"name":"wp","href":"https:\/\/api.w.org\/{rel}","templated":true}]}}