{"id":32326,"date":"2026-01-28T16:19:22","date_gmt":"2026-01-28T16:19:22","guid":{"rendered":"https:\/\/motokary-karting.sk\/?post_type=product&#038;p=32326"},"modified":"2026-04-05T18:27:27","modified_gmt":"2026-04-05T18:27:27","slug":"32-piec-rekawic-usmiechnij-sie-aby-wygrac","status":"publish","type":"product","link":"https:\/\/motokary-karting.sk\/pl\/produkt\/32five-rukavice-smile-to-win\/","title":{"rendered":"32Five R\u0119kawiczki SMILE TO WIN"},"content":{"rendered":"<p>Odkryj zupe\u0142nie now\u0105 kolekcj\u0119 <strong>U\u015bmiechnij si\u0119, aby wygra\u0107<\/strong> od 32Five - odwa\u017cne po\u0142\u0105czenie wydajno\u015bci, komfortu i osobowo\u015bci stworzone dla zawodnik\u00f3w, kt\u00f3rzy wymagaj\u0105 wi\u0119cej od swojego sprz\u0119tu. Zaprojektowane zar\u00f3wno dla profesjonalnych kierowc\u00f3w, jak i entuzjast\u00f3w kartingu, te najwy\u017cszej jako\u015bci r\u0119kawice wy\u015bcigowe \u0142\u0105cz\u0105 najnowocze\u015bniejsze materia\u0142y z niepowtarzalnym stylem 32Five.<\/p>\n<p>Ka\u017cda para ma charakterystyczne czerwone nak\u0142adki na palce, precyzyjne szwy zewn\u0119trzne i ergonomiczne, zakrzywione dopasowanie zapewniaj\u0105ce najwy\u017cszy komfort i kontrol\u0119. Oddychaj\u0105cy materia\u0142 cholewki utrzymuje d\u0142onie w ch\u0142odzie nawet pod presj\u0105, a zaawansowana technologia DriveSkin zapewnia niezr\u00f3wnan\u0105 przyczepno\u015b\u0107, wyczucie i trwa\u0142o\u015b\u0107 na kierownicy.<\/p>\n<p>Niezale\u017cnie od tego, czy celujesz w miejsca na podium, czy doskonalisz swoje linie, r\u0119kawice 32Five s\u0105 stworzone z my\u015bl\u0105 o wydajno\u015bci, wyr\u00f3\u017cnianiu si\u0119 i trwa\u0142o\u015bci.<\/p>\n<p>Zewn\u0119trzne szwy - zmniejszone punkty nacisku i tarcia dla maksymalnego komfortu i trwa\u0142o\u015bci.<br \/>\nOddychaj\u0105cy materia\u0142 cholewki - lekki, mi\u0119kki i ch\u0142odny w odwa\u017cnych kolorach, kt\u00f3re pozostawiaj\u0105 wra\u017cenie.<br \/>\nTechnologia DriveSkin - lepsza przyczepno\u015b\u0107, wyczucie kierownicy i odporno\u015b\u0107 na zu\u017cycie dla maksymalnej kontroli.<br \/>\nWst\u0119pnie zakrzywione, ergonomiczne dopasowanie - wspiera naturalne u\u0142o\u017cenie d\u0142oni, zapewniaj\u0105c precyzj\u0119 i skupienie podczas ka\u017cdej rundy.<br \/>\n<strong>Dost\u0119pne w rozmiarach od XXXSmall do L.<\/strong><br \/>\nU\u015bmiech. \u015acigaj si\u0119. Wygrywaj z 32Five.<\/p>\n<p>Sk\u0142ad materia\u0142u:<br \/>\n- R\u0119kawice: 95 % poliester \/ 5 % poliuretan<br \/>\n- Pokrowiec: 100 % EVA<\/p>\n<p>Instrukcje dotycz\u0105ce konserwacji: <strong>Tylko pranie r\u0119czne<\/strong><\/p>","protected":false},"excerpt":{"rendered":"<p>Odkryj zupe\u0142nie now\u0105 kolekcj\u0119 Smile to Win od 32Five - odwa\u017cne po\u0142\u0105czenie wydajno\u015bci, komfortu i osobowo\u015bci stworzone dla zawodnik\u00f3w, kt\u00f3rzy wymagaj\u0105 wi\u0119cej od swojego sprz\u0119tu....<\/p>","protected":false},"featured_media":32341,"template":"","meta":[],"product_brand":[],"product_cat":[3433,15,18],"product_tag":[142,1344,1084,81,97,83,1083,472,1086,2095,26,3365,1081,2096],"class_list":{"0":"post-32326","1":"product","2":"type-product","3":"status-publish","4":"has-post-thumbnail","6":"product_cat-32five","7":"product_cat-rukavice","8":"product_cat-vybava-pretekara","9":"product_tag-karting","10":"product_tag-karting-shop","11":"product_tag-motokarove-rukavice","12":"product_tag-motokary","13":"product_tag-record","14":"product_tag-rukavice","15":"product_tag-rukavice-na-motokary","16":"product_tag-rukavice-sparco","17":"product_tag-rukavice-sparco-record","18":"product_tag-rukavice-sparco-roceord","19":"product_tag-sparco","20":"product_tag-sparco-k-attack","21":"product_tag-sparco-record","22":"product_tag-sparco-record-rukavice","24":"first","25":"onbackorder","26":"sale","27":"taxable","28":"shipping-taxable","29":"purchasable","30":"product-type-variable","31":"customify-col","32":"product-has-gallery"},"aioseo_notices":[],"_links":{"self":[{"href":"https:\/\/motokary-karting.sk\/pl\/wp-json\/wp\/v2\/product\/32326","targetHints":{"allow":["GET"]}}],"collection":[{"href":"https:\/\/motokary-karting.sk\/pl\/wp-json\/wp\/v2\/product"}],"about":[{"href":"https:\/\/motokary-karting.sk\/pl\/wp-json\/wp\/v2\/types\/product"}],"wp:featuredmedia":[{"embeddable":true,"href":"https:\/\/motokary-karting.sk\/pl\/wp-json\/wp\/v2\/media\/32341"}],"wp:attachment":[{"href":"https:\/\/motokary-karting.sk\/pl\/wp-json\/wp\/v2\/media?parent=32326"}],"wp:term":[{"taxonomy":"product_brand","embeddable":true,"href":"https:\/\/motokary-karting.sk\/pl\/wp-json\/wp\/v2\/product_brand?post=32326"},{"taxonomy":"product_cat","embeddable":true,"href":"https:\/\/motokary-karting.sk\/pl\/wp-json\/wp\/v2\/product_cat?post=32326"},{"taxonomy":"product_tag","embeddable":true,"href":"https:\/\/motokary-karting.sk\/pl\/wp-json\/wp\/v2\/product_tag?post=32326"}],"curies":[{"name":"wp","href":"https:\/\/api.w.org\/{rel}","templated":true}]}}