{"id":32344,"date":"2026-01-28T16:29:50","date_gmt":"2026-01-28T16:29:50","guid":{"rendered":"https:\/\/motokary-karting.sk\/?post_type=product&#038;p=32344"},"modified":"2026-04-21T07:08:22","modified_gmt":"2026-04-21T07:08:22","slug":"32five-gloves-no-limits","status":"publish","type":"product","link":"https:\/\/motokary-karting.sk\/pl\/produkt\/32five-rukavice-no-limits\/","title":{"rendered":"32Five Gloves NO LIMITS"},"content":{"rendered":"<p>Poznaj kolekcj\u0119 <strong>BEZ OGRANICZE\u0143<\/strong> marki 32Five - stworzone dla zawodnik\u00f3w, kt\u00f3rzy d\u0105\u017c\u0105 do granic mo\u017cliwo\u015bci, je\u017cd\u017c\u0105 szybciej i nie chc\u0105 si\u0119 poddawa\u0107. Zaprojektowane zar\u00f3wno dla profesjonalnych, jak i amatorskich kierowc\u00f3w gokart\u00f3w, r\u0119kawice te \u0142\u0105cz\u0105 w sobie najwy\u017cszej jako\u015bci materia\u0142y, charakterystyczny design i wydajno\u015b\u0107, kt\u00f3ra gwarantuje wygrywanie wy\u015bcig\u00f3w w jednym, niepowtarzalnym pakiecie.<\/p>\n<p>Z charakterystycznymi czerwonymi palcami, zewn\u0119trznymi szwami i wst\u0119pnie ukszta\u0142towanym ergonomicznym dopasowaniem, ka\u017cdy szczeg\u00f3\u0142 zosta\u0142 zaprojektowany z my\u015bl\u0105 o kontroli i komforcie. Oddychaj\u0105cy materia\u0142 cholewki utrzymuje d\u0142onie w ch\u0142odzie pod naciskiem, a innowacyjna technologia DriveSkin zapewnia niezr\u00f3wnan\u0105 przyczepno\u015b\u0107, precyzj\u0119 kierowania i d\u0142ugotrwa\u0142\u0105 trwa\u0142o\u015b\u0107.<\/p>\n<p>R\u0119kawiczki 32Five <strong>BEZ OGRANICZE\u0143<\/strong>, Zrodzone z mentalno\u015bci zawodnika i dopracowane przez konkurencj\u0119, s\u0105 stworzone do dzia\u0142ania na najwy\u017cszym poziomie - bez wzgl\u0119du na to, jak intensywny jest wy\u015bcig.<\/p>\n<p>Zewn\u0119trzne szwy - zmniejszaj\u0105 tarcie i punkty nacisku, zapewniaj\u0105c najwy\u017cszy komfort i trwa\u0142o\u015b\u0107.<\/p>\n<p>Oddychaj\u0105cy materia\u0142 wierzchni - lekki, mi\u0119kki i wentylowany, zapewniaj\u0105cy ch\u0142\u00f3d i wygod\u0119 noszenia przez ca\u0142\u0105 rund\u0119.<\/p>\n<p>Technologia DriveSkin - maksymalna przyczepno\u015b\u0107, wyczucie kierownicy i trwa\u0142o\u015b\u0107 dla pe\u0142nej kontroli nad kierownic\u0105.<br \/>\nWst\u0119pnie zakrzywione ergonomiczne dopasowanie - wspiera naturaln\u0105 pozycj\u0119 d\u0142oni, zapewniaj\u0105c ostrzejsz\u0105 ostro\u015b\u0107 i precyzj\u0119 bez wysi\u0142ku.<br \/>\nDost\u0119pne w rozmiarach od XXXS do XL.<br \/>\nOd kultowego czerwonego palca po ostatni \u015bcieg, kolekcja NO LIMITS uciele\u015bnia filozofi\u0119 32Five: \u015bcigaj si\u0119 mocno, wyr\u00f3\u017cnij si\u0119 i nigdy si\u0119 nie poddawaj.<\/p>\n<p>Pod\u0105\u017caj za czerwieni\u0105. Jed\u017a z 32Five.<\/p>","protected":false},"excerpt":{"rendered":"<p>Poznaj kolekcj\u0119 NO LIMITS firmy 32Five - stworzon\u0105 dla zawodnik\u00f3w, kt\u00f3rzy przekraczaj\u0105 granice, je\u017cd\u017c\u0105 szybciej i odmawiaj\u0105 zadowolenia. Te r\u0119kawice, zaprojektowane...<\/p>","protected":false},"featured_media":32359,"template":"","meta":[],"product_brand":[],"product_cat":[3433,15,18],"product_tag":[142,1344,1084,81,97,83,1083,472,1086,2095,26,3365,1081,2096],"class_list":{"0":"post-32344","1":"product","2":"type-product","3":"status-publish","4":"has-post-thumbnail","6":"product_cat-32five","7":"product_cat-rukavice","8":"product_cat-vybava-pretekara","9":"product_tag-karting","10":"product_tag-karting-shop","11":"product_tag-motokarove-rukavice","12":"product_tag-motokary","13":"product_tag-record","14":"product_tag-rukavice","15":"product_tag-rukavice-na-motokary","16":"product_tag-rukavice-sparco","17":"product_tag-rukavice-sparco-record","18":"product_tag-rukavice-sparco-roceord","19":"product_tag-sparco","20":"product_tag-sparco-k-attack","21":"product_tag-sparco-record","22":"product_tag-sparco-record-rukavice","24":"first","25":"instock","26":"sale","27":"taxable","28":"shipping-taxable","29":"purchasable","30":"product-type-variable","31":"customify-col","32":"product-has-gallery"},"aioseo_notices":[],"_links":{"self":[{"href":"https:\/\/motokary-karting.sk\/pl\/wp-json\/wp\/v2\/product\/32344","targetHints":{"allow":["GET"]}}],"collection":[{"href":"https:\/\/motokary-karting.sk\/pl\/wp-json\/wp\/v2\/product"}],"about":[{"href":"https:\/\/motokary-karting.sk\/pl\/wp-json\/wp\/v2\/types\/product"}],"wp:featuredmedia":[{"embeddable":true,"href":"https:\/\/motokary-karting.sk\/pl\/wp-json\/wp\/v2\/media\/32359"}],"wp:attachment":[{"href":"https:\/\/motokary-karting.sk\/pl\/wp-json\/wp\/v2\/media?parent=32344"}],"wp:term":[{"taxonomy":"product_brand","embeddable":true,"href":"https:\/\/motokary-karting.sk\/pl\/wp-json\/wp\/v2\/product_brand?post=32344"},{"taxonomy":"product_cat","embeddable":true,"href":"https:\/\/motokary-karting.sk\/pl\/wp-json\/wp\/v2\/product_cat?post=32344"},{"taxonomy":"product_tag","embeddable":true,"href":"https:\/\/motokary-karting.sk\/pl\/wp-json\/wp\/v2\/product_tag?post=32344"}],"curies":[{"name":"wp","href":"https:\/\/api.w.org\/{rel}","templated":true}]}}