{"id":32362,"date":"2026-01-28T16:42:39","date_gmt":"2026-01-28T16:42:39","guid":{"rendered":"https:\/\/motokary-karting.sk\/?post_type=product&#038;p=32362"},"modified":"2026-04-05T18:32:42","modified_gmt":"2026-04-05T18:32:42","slug":"32five-rekawice-push-your-limit-fia-8877-2022","status":"publish","type":"product","link":"https:\/\/motokary-karting.sk\/pl\/produkt\/32five-rukavice-push-your-limit-fia-8877-2022\/","title":{"rendered":"32Five R\u0119kawiczki PUSH YOUR LIMIT FIA 8877-2022"},"content":{"rendered":"<p>Poznaj r\u0119kawice kartingowe 32Five <strong>PLUS F - PRZESU\u0143 SW\u00d3J LIMIT<\/strong>, Pierwsze w pe\u0142ni certyfikowane przez FIA r\u0119kawice tej marki, zaprojektowane z my\u015bl\u0105 o kierowcach gokart\u00f3w wyczynowych, kt\u00f3rzy wymagaj\u0105 certyfikowanej ochrony bez po\u015bwi\u0119cania komfortu jazdy, dopasowania i wygl\u0105du.<\/p>\n<p>Zatwierdzona zgodnie ze standardem FIA 8877-2022, seria PLUS F stanowi znacz\u0105cy rozw\u00f3j dla 32Five, \u0142\u0105cz\u0105c bezpiecze\u0144stwo na poziomie wy\u015bcigowym z wyrafinowanym komfortem i niepowtarzalnym designem. Kombinacja kolor\u00f3w PUSH YOUR LIMIT charakteryzuje si\u0119 charakterystycznym wyko\u0144czeniem BLACK &amp; NEON FIRE, zapewniaj\u0105c czysty, ale agresywny wygl\u0105d, kt\u00f3ry b\u0119dzie wyr\u00f3\u017cnia\u0142 si\u0119 na starcie.<\/p>\n<p>R\u0119kawice PLUS F, stworzone specjalnie z my\u015bl\u0105 o kartingu o wysokiej intensywno\u015bci, stawiaj\u0105 na kontrol\u0119, trwa\u0142o\u015b\u0107 i wygod\u0119 podczas d\u0142ugich sesji treningowych. <strong>spe\u0142niaj\u0105 najnowsze przepisy FIA<\/strong>.<\/p>\n<p>Najwa\u017cniejsze funkcje w skr\u00f3cie<br \/>\n<strong>Homologacja FIA 8877-2022<\/strong><br \/>\nZatwierdzone do kartingu wyczynowego, zapewniaj\u0105 pewno\u015b\u0107 i sp\u00f3jno\u015b\u0107 na poziomie klubowym i mistrzowskim.<\/p>\n<p>Budowa szw\u00f3w zewn\u0119trznych<br \/>\nSzwy umieszczone na zewn\u0105trz minimalizuj\u0105 wewn\u0119trzne punkty nacisku i zmniejszaj\u0105 tarcie, poprawiaj\u0105c komfort podczas d\u0142ugotrwa\u0142ego u\u017cytkowania.<\/p>\n<p>Lekka, oddychaj\u0105ca cholewka<br \/>\nZaawansowana tkanina wspomaga przep\u0142yw powietrza, aby utrzyma\u0107 d\u0142onie w ch\u0142odzie, zachowuj\u0105c jednocze\u015bnie mi\u0119kko\u015b\u0107 i elastyczno\u015b\u0107.<\/p>\n<p>Ochraniacz d\u0142oni DriveSkin<br \/>\nWysokowydajny materia\u0142 d\u0142oni zaprojektowany z my\u015bl\u0105 o precyzyjnym sterowaniu, mocnym chwycie i doskona\u0142ej odporno\u015bci na zu\u017cycie.<\/p>\n<p>Wst\u0119pnie zakrzywiony ergonomiczny kszta\u0142t<br \/>\nZaprojektowany, aby odwzorowa\u0107 naturaln\u0105 pozycj\u0119 d\u0142oni, co zmniejsza zm\u0119czenie i zapewnia lepsz\u0105 kontrol\u0119 podczas wy\u015bcigu.<\/p>\n<p>Ka\u017cdy element - od charakterystycznej czerwonej ko\u0144c\u00f3wki palca po precyzyjne szwy - odzwierciedla skupienie si\u0119 na d\u0142ugowieczno\u015bci, wydajno\u015bci i po\u0142\u0105czeniu z kierowc\u0105. S\u0105 to r\u0119kawice kartingowe stworzone dla zawodnik\u00f3w, kt\u00f3rzy je\u017cd\u017c\u0105 do granic mo\u017cliwo\u015bci i oczekuj\u0105, \u017ce ich sprz\u0119t zrobi to samo.<\/p>\n<p><strong>Gotowy do zawod\u00f3w. Zatwierdzony przez FIA<\/strong>. Bez w\u0105tpienia 32Five.<\/p>","protected":false},"excerpt":{"rendered":"<p>Poznaj r\u0119kawice kartingowe 32Five PLUS F - PUSH YOUR LIMIT, pierwsze w pe\u0142ni certyfikowane przez FIA r\u0119kawice przeznaczone dla wyczynowych kierowc\u00f3w gokart\u00f3w,...<\/p>","protected":false},"featured_media":32379,"template":"","meta":[],"product_brand":[],"product_cat":[3433,15,18],"product_tag":[142,1344,1084,81,97,83,1083,472,1086,2095,26,3365,1081,2096],"class_list":{"0":"post-32362","1":"product","2":"type-product","3":"status-publish","4":"has-post-thumbnail","6":"product_cat-32five","7":"product_cat-rukavice","8":"product_cat-vybava-pretekara","9":"product_tag-karting","10":"product_tag-karting-shop","11":"product_tag-motokarove-rukavice","12":"product_tag-motokary","13":"product_tag-record","14":"product_tag-rukavice","15":"product_tag-rukavice-na-motokary","16":"product_tag-rukavice-sparco","17":"product_tag-rukavice-sparco-record","18":"product_tag-rukavice-sparco-roceord","19":"product_tag-sparco","20":"product_tag-sparco-k-attack","21":"product_tag-sparco-record","22":"product_tag-sparco-record-rukavice","24":"first","25":"onbackorder","26":"sale","27":"taxable","28":"shipping-taxable","29":"purchasable","30":"product-type-variable","31":"customify-col","32":"product-has-gallery"},"aioseo_notices":[],"_links":{"self":[{"href":"https:\/\/motokary-karting.sk\/pl\/wp-json\/wp\/v2\/product\/32362","targetHints":{"allow":["GET"]}}],"collection":[{"href":"https:\/\/motokary-karting.sk\/pl\/wp-json\/wp\/v2\/product"}],"about":[{"href":"https:\/\/motokary-karting.sk\/pl\/wp-json\/wp\/v2\/types\/product"}],"wp:featuredmedia":[{"embeddable":true,"href":"https:\/\/motokary-karting.sk\/pl\/wp-json\/wp\/v2\/media\/32379"}],"wp:attachment":[{"href":"https:\/\/motokary-karting.sk\/pl\/wp-json\/wp\/v2\/media?parent=32362"}],"wp:term":[{"taxonomy":"product_brand","embeddable":true,"href":"https:\/\/motokary-karting.sk\/pl\/wp-json\/wp\/v2\/product_brand?post=32362"},{"taxonomy":"product_cat","embeddable":true,"href":"https:\/\/motokary-karting.sk\/pl\/wp-json\/wp\/v2\/product_cat?post=32362"},{"taxonomy":"product_tag","embeddable":true,"href":"https:\/\/motokary-karting.sk\/pl\/wp-json\/wp\/v2\/product_tag?post=32362"}],"curies":[{"name":"wp","href":"https:\/\/api.w.org\/{rel}","templated":true}]}}