{"id":32780,"date":"2026-02-06T14:22:57","date_gmt":"2026-02-06T14:22:57","guid":{"rendered":"https:\/\/motokary-karting.sk\/?post_type=product&#038;p=32780"},"modified":"2026-03-09T10:42:58","modified_gmt":"2026-03-09T10:42:58","slug":"sparco-hood-rw4","status":"publish","type":"product","link":"https:\/\/motokary-karting.sk\/pl\/produkt\/sparco-kukla-rw4\/","title":{"rendered":"Okap Sparco RW4"},"content":{"rendered":"<p>Mi\u0119kka i delikatna bielizna Nomex z p\u0142askimi szwami zmniejszaj\u0105cymi podra\u017cnienia sk\u00f3ry.<\/p>\n<p>Norma FIA: 8856-2018<\/p>","protected":false},"excerpt":{"rendered":"<p>Mi\u0119kka i delikatna bielizna Nomex z p\u0142askimi szwami zmniejszaj\u0105cymi podra\u017cnienia sk\u00f3ry. Norma FIA: 8856-2018<\/p>","protected":false},"featured_media":32785,"template":"","meta":[],"product_brand":[],"product_cat":[212,18],"product_tag":[3441,142,1344,3440,369,3438,3439,3442,1411,81],"class_list":{"0":"post-32780","1":"product","2":"type-product","3":"status-publish","4":"has-post-thumbnail","6":"product_cat-kukly","7":"product_cat-vybava-pretekara","8":"product_tag-homologovana-kukla","9":"product_tag-karting","10":"product_tag-karting-shop","11":"product_tag-kukla-cik-fia","12":"product_tag-kukla-do-prilby","13":"product_tag-kukla-fia","14":"product_tag-kukla-fia-cik","15":"product_tag-kukla-s-homologaciou-fia","16":"product_tag-motokarova-kukla","17":"product_tag-motokary","19":"first","20":"instock","21":"taxable","22":"shipping-taxable","23":"purchasable","24":"product-type-variable","25":"customify-col","26":"product-has-gallery"},"aioseo_notices":[],"_links":{"self":[{"href":"https:\/\/motokary-karting.sk\/pl\/wp-json\/wp\/v2\/product\/32780","targetHints":{"allow":["GET"]}}],"collection":[{"href":"https:\/\/motokary-karting.sk\/pl\/wp-json\/wp\/v2\/product"}],"about":[{"href":"https:\/\/motokary-karting.sk\/pl\/wp-json\/wp\/v2\/types\/product"}],"wp:featuredmedia":[{"embeddable":true,"href":"https:\/\/motokary-karting.sk\/pl\/wp-json\/wp\/v2\/media\/32785"}],"wp:attachment":[{"href":"https:\/\/motokary-karting.sk\/pl\/wp-json\/wp\/v2\/media?parent=32780"}],"wp:term":[{"taxonomy":"product_brand","embeddable":true,"href":"https:\/\/motokary-karting.sk\/pl\/wp-json\/wp\/v2\/product_brand?post=32780"},{"taxonomy":"product_cat","embeddable":true,"href":"https:\/\/motokary-karting.sk\/pl\/wp-json\/wp\/v2\/product_cat?post=32780"},{"taxonomy":"product_tag","embeddable":true,"href":"https:\/\/motokary-karting.sk\/pl\/wp-json\/wp\/v2\/product_tag?post=32780"}],"curies":[{"name":"wp","href":"https:\/\/api.w.org\/{rel}","templated":true}]}}