{"id":32848,"date":"2026-02-11T11:12:41","date_gmt":"2026-02-11T11:12:41","guid":{"rendered":"https:\/\/motokary-karting.sk\/?post_type=product&#038;p=32848"},"modified":"2026-02-11T11:19:17","modified_gmt":"2026-02-11T11:19:17","slug":"kask-schuberth-sk1-hybrid","status":"publish","type":"product","link":"https:\/\/motokary-karting.sk\/pl\/produkt\/schuberth-prilba-sk1-hybrid\/","title":{"rendered":"Kask Schuberth SK1 Hybrid"},"content":{"rendered":"<p>SK1 HYBRID to pierwszy hybrydowy kask marki Schuberth z homologacj\u0105 CMR2016, \u0142\u0105cz\u0105cy najnowocze\u015bniejsz\u0105 technologi\u0119 produkcji ze wst\u0119pnie przygotowanymi materia\u0142ami z w\u0142\u00f3kna w\u0119glowego i w\u0142\u00f3kna szklanego. Wyposa\u017cony w ten sam aerodynamicznie zoptymalizowany kszta\u0142t skorupy, co najwy\u017cszej klasy model SF3 u\u017cywany mi\u0119dzy innymi przez Maxa Verstappena w Formule 1, SK1 HYBRID oferuje pierwszorz\u0119dne osi\u0105gi i bezpiecze\u0144stwo.<\/p>\n<p>Dwana\u015bcie kana\u0142\u00f3w powietrznych zintegrowanych z wy\u015bci\u00f3\u0142k\u0105 EPS zapewnia optymaln\u0105 wentylacj\u0119, a formowana wtryskowo os\u0142ona Pinlock o grubo\u015bci 3 mm zapewnia doskona\u0142\u0105 ochron\u0119 przed zaparowaniem. Innowacyjny dwustopniowy mechanizm blokowania os\u0142ony zapewnia \u0142atw\u0105 i bezpieczn\u0105 obs\u0142ug\u0119.<\/p>\n<p>Podobnie jak wszystkie kaski SCHUBERTH, SK1 HYBRID oferuje pe\u0142n\u0105 kompatybilno\u015b\u0107 i mo\u017ce by\u0107 indywidualnie dostosowywany za pomoc\u0105 szerokiej gamy akcesori\u00f3w, aby zaspokoi\u0107 potrzeby m\u0142odych je\u017ad\u017ac\u00f3w w zakresie komfortu, aerodynamiki i estetyki.<\/p>\n<p>Waga*: 1 090 g (XXS - S) \/ 1 190 g (M - L\/XL)<\/p>\n<p>*+\/- 30 g<\/p>","protected":false},"excerpt":{"rendered":"<p>SK1 HYBRID to pierwszy kask hybrydowy firmy Schuberth zatwierdzony przez CMR2016, \u0142\u0105cz\u0105cy najnowocze\u015bniejsz\u0105 technologi\u0119 produkcji ze wst\u0119pnie przygotowanymi materia\u0142ami z w\u0142\u00f3kna w\u0119glowego i w\u0142\u00f3kna szklanego....<\/p>","protected":false},"featured_media":32855,"template":"","meta":[],"product_brand":[],"product_cat":[21,3316,18],"product_tag":[1344,3314,954,3312,3313,3315,3311,3310],"class_list":{"0":"post-32848","1":"product","2":"type-product","3":"status-publish","4":"has-post-thumbnail","6":"product_cat-prilby","7":"product_cat-schuberth","8":"product_cat-vybava-pretekara","9":"product_tag-karting-shop","10":"product_tag-mokokarova-prilba-schuberth","11":"product_tag-motokar","12":"product_tag-prilba-schuberth","13":"product_tag-prilba-schuberth-karting","14":"product_tag-schuberth-ccarbon-helmet","15":"product_tag-schuberth-prilba","16":"product_tag-schuberth-prilba-sk1-carbon-karting","18":"first","19":"onbackorder","20":"taxable","21":"shipping-taxable","22":"purchasable","23":"product-type-variable","24":"customify-col","25":"product-has-gallery"},"aioseo_notices":[],"_links":{"self":[{"href":"https:\/\/motokary-karting.sk\/pl\/wp-json\/wp\/v2\/product\/32848","targetHints":{"allow":["GET"]}}],"collection":[{"href":"https:\/\/motokary-karting.sk\/pl\/wp-json\/wp\/v2\/product"}],"about":[{"href":"https:\/\/motokary-karting.sk\/pl\/wp-json\/wp\/v2\/types\/product"}],"wp:featuredmedia":[{"embeddable":true,"href":"https:\/\/motokary-karting.sk\/pl\/wp-json\/wp\/v2\/media\/32855"}],"wp:attachment":[{"href":"https:\/\/motokary-karting.sk\/pl\/wp-json\/wp\/v2\/media?parent=32848"}],"wp:term":[{"taxonomy":"product_brand","embeddable":true,"href":"https:\/\/motokary-karting.sk\/pl\/wp-json\/wp\/v2\/product_brand?post=32848"},{"taxonomy":"product_cat","embeddable":true,"href":"https:\/\/motokary-karting.sk\/pl\/wp-json\/wp\/v2\/product_cat?post=32848"},{"taxonomy":"product_tag","embeddable":true,"href":"https:\/\/motokary-karting.sk\/pl\/wp-json\/wp\/v2\/product_tag?post=32848"}],"curies":[{"name":"wp","href":"https:\/\/api.w.org\/{rel}","templated":true}]}}