{"id":32973,"date":"2026-02-23T16:48:32","date_gmt":"2026-02-23T16:48:32","guid":{"rendered":"https:\/\/motokary-karting.sk\/?post_type=product&#038;p=32973"},"modified":"2026-02-23T16:51:54","modified_gmt":"2026-02-23T16:51:54","slug":"torba-na-kask-i-odziez-wyscigowa","status":"publish","type":"product","link":"https:\/\/motokary-karting.sk\/pl\/produkt\/taska-na-prilbu-a-vybavu-racewear\/","title":{"rendered":"Kask i torba na sprz\u0119t Racewear"},"content":{"rendered":"<p>Torba sportowa Speed Racewear jest idealnym towarzyszem podczas uprawiania sportu i podr\u00f3\u017cy. Dzi\u0119ki du\u017cym wymiarom 62 x 42 x 36 cm oferuje mn\u00f3stwo miejsca na ca\u0142y sprz\u0119t. Dzi\u0119ki wytrzyma\u0142emu materia\u0142owi poliestrowemu torba jest wyj\u0105tkowo trwa\u0142a i wodoodporna, dzi\u0119ki czemu Twoje rzeczy pozostan\u0105 suche nawet przy niesprzyjaj\u0105cej pogodzie.<br \/>\nPraktyczna przegroda na buty umo\u017cliwia przechowywanie obuwia sportowego oddzielnie od pozosta\u0142ego sprz\u0119tu. Dzi\u0119ki dw\u00f3m uchwytom do przenoszenia i regulowanemu paskowi na rami\u0119, torb\u0119 mo\u017cna wygodnie transportowa\u0107 - dok\u0142adnie tak, jak jest to wymagane.<\/p>\n<p>Torba sportowa Speed Racewear ma pojemno\u015b\u0107 78,6 litra.<br \/>\nIdealna dla sportowc\u00f3w, kt\u00f3rzy potrzebuj\u0105 du\u017cej ilo\u015bci sprz\u0119tu i szukaj\u0105 wytrzyma\u0142ej torby, kt\u00f3ra niezawodnie b\u0119dzie im towarzyszy\u0107 na ka\u017cdym treningu i zawodach.<\/p>","protected":false},"excerpt":{"rendered":"<p>Dostawa w ci\u0105gu 7 dni<\/p>","protected":false},"featured_media":32974,"template":"","meta":[],"product_brand":[],"product_cat":[2917,32,734,1579,158,18],"product_tag":[732,733,81,730,731,728,729],"class_list":{"0":"post-32973","1":"product","2":"type-product","3":"status-publish","4":"has-post-thumbnail","6":"product_cat-batozina","7":"product_cat-lifestyle-oblecenie-a-produkty-na-volny-cas","8":"product_cat-ruksaky-tasky-na-prilby","9":"product_cat-tasky-na-prilby","10":"product_cat-tip-na-darcek","11":"product_cat-vybava-pretekara","12":"product_tag-kabela-na-helmu","13":"product_tag-kartimg","14":"product_tag-motokary","15":"product_tag-ruksak","16":"product_tag-ruksak-na-prilbu","17":"product_tag-taska-na-helmu","18":"product_tag-taska-na-prilbu","20":"first","21":"onbackorder","22":"taxable","23":"shipping-taxable","24":"purchasable","25":"product-type-simple","26":"customify-col","27":"product-has-gallery"},"aioseo_notices":[],"_links":{"self":[{"href":"https:\/\/motokary-karting.sk\/pl\/wp-json\/wp\/v2\/product\/32973","targetHints":{"allow":["GET"]}}],"collection":[{"href":"https:\/\/motokary-karting.sk\/pl\/wp-json\/wp\/v2\/product"}],"about":[{"href":"https:\/\/motokary-karting.sk\/pl\/wp-json\/wp\/v2\/types\/product"}],"wp:featuredmedia":[{"embeddable":true,"href":"https:\/\/motokary-karting.sk\/pl\/wp-json\/wp\/v2\/media\/32974"}],"wp:attachment":[{"href":"https:\/\/motokary-karting.sk\/pl\/wp-json\/wp\/v2\/media?parent=32973"}],"wp:term":[{"taxonomy":"product_brand","embeddable":true,"href":"https:\/\/motokary-karting.sk\/pl\/wp-json\/wp\/v2\/product_brand?post=32973"},{"taxonomy":"product_cat","embeddable":true,"href":"https:\/\/motokary-karting.sk\/pl\/wp-json\/wp\/v2\/product_cat?post=32973"},{"taxonomy":"product_tag","embeddable":true,"href":"https:\/\/motokary-karting.sk\/pl\/wp-json\/wp\/v2\/product_tag?post=32973"}],"curies":[{"name":"wp","href":"https:\/\/api.w.org\/{rel}","templated":true}]}}